{"id":9170,"date":"2026-04-27T04:40:55","date_gmt":"2026-04-27T04:40:55","guid":{"rendered":""},"modified":"2026-04-27T04:40:55","modified_gmt":"2026-04-27T04:40:55","slug":"metabo-ssw-18-ltx-300-bl-2x4-0ah-aku-razovy-utahovak-kufr-autenticky-9170","status":"publish","type":"product","link":"https:\/\/www.oknobuild.com\/index.php\/produkt\/metabo-ssw-18-ltx-300-bl-2x4-0ah-aku-razovy-utahovak-kufr-autenticky-9170\/","title":{"rendered":"METABO SSW\u00a018\u00a0LTX\u00a0300\u00a0BL 2&#215;4,0Ah Aku r\u00e1zov\u00fd utahov\u00e1k + kufr Autentick\u00fd"},"content":{"rendered":"<table>\n<div class=\"tab-pane active product-description\" id=\"popis\" role=\"tabpanel\">\n<div class=\"short-description\" itemprop=\"description\"><\/div>\n<div class=\"description\"><span class='bullet-line'>Univerz\u00e1ln\u011b vyu\u017eiteln\u00fd, kompaktn\u00ed akumul\u00e1torov\u00fd r\u00e1zov\u00fd utahov\u00e1k s vn\u011bj\u0161\u00edm \u010dty\u0159hranem 1\/2&#8243; a 300 Nm<\/span><span class='bullet-line'>Jedine\u010dn\u00fd motor Metabo Brushless pro rychlou pr\u00e1ci a maxim\u00e1ln\u00ed efektivitu p\u0159i ka\u017ed\u00e9m nasazen\u00ed<\/span><span class='bullet-line'>Syst\u00e9m Automatic Power Shift (APS) usnad\u0148uje pr\u00e1ci se samo\u0159ezn\u00fdmi \u0161rouby: automatick\u00e1 redukce to\u010div\u00e9ho momentu po vrt\u00e1n\u00ed zamezuje p\u0159eto\u010den\u00ed<\/span><span class='bullet-line'>Pr\u00e1ce bez zp\u011btn\u00fdch r\u00e1z\u016f s velmi vysok\u00fdm to\u010div\u00fdm momentem<\/span><span class='bullet-line'>Dvan\u00e1ct stup\u0148\u016f nastaven\u00ed ot\u00e1\u010dek\/to\u010div\u00e9ho momentu pro \u0161irok\u00e9 spektrum pou\u017eit\u00ed<\/span><span class='bullet-line'>Integrovan\u00e9 pracovn\u00ed osv\u011btlen\u00ed pro nasv\u00edcen\u00ed pracovn\u00edho m\u00edsta<\/span><span class='bullet-line'>Robustn\u00ed kryt p\u0159evodu z hlin\u00edkov\u00e9ho tlakov\u00e9ho odlitku pro optim\u00e1ln\u00ed odvod tepla a \u017eivotnost<\/span><span class='bullet-line'>S praktickou sponou na opasek, s mo\u017enost\u00ed zaji\u0161t\u011bn\u00ed vpravo nebo vlevo<\/span><span class='bullet-line'>Akumul\u00e1torov\u00fd \u010dl\u00e1nek LiHD pro ultimativn\u00ed v\u00fdkon, extr\u00e9mn\u011b dlouh\u00e1 v\u00fddr\u017e a doba b\u011bhu<\/span><span class='bullet-line'>S metaBOXem, inteligentn\u00edm \u0159e\u0161en\u00edm pro p\u0159epravu a skladov\u00e1n\u00ed<\/span><span class='bullet-line'>Lze kombinovat se v\u0161emi 18voltov\u00fdmi akumul\u00e1torov\u00fdmi \u010dl\u00e1nky a nab\u00edje\u010dkami zna\u010dek CAS<\/span><br \/>\u25ba Rozsah dod\u00e1vky<span class='bullet-line'>spona na opasek<\/span><span class='bullet-line'>2 akumul\u00e1torov\u00e9 \u010dl\u00e1nky LiHD (18 V\/4,0 Ah)<\/span><span class='bullet-line'>Nab\u00edje\u010dka ASC 55 &#8222;AIR COOLED&#8220;<\/span><span class='bullet-line'>metaBOX 145<\/span><\/div>\n<div class=\"parameters\">\n<tr>\n<td>Druh akumul\u00e1torov\u00fdch \u010dl\u00e1nk\u016f<\/td>\n<td>LiHD<\/td>\n<\/tr>\n<tr>\n<td>Nap\u011bt\u00ed akumul\u00e1toru<\/td>\n<td>18 V<\/td>\n<\/tr>\n<tr>\n<td>Kapacita akumul\u00e1torov\u00fdch \u010dl\u00e1nk\u016f<\/td>\n<td>2 x 4 Ah<\/td>\n<\/tr>\n<tr>\n<td>Max. velikost \u0161roubu<\/td>\n<td>M18<\/td>\n<\/tr>\n<tr>\n<td>Max. po\u010det ot\u00e1\u010dek p\u0159i volnob\u011bhu<\/td>\n<td>0 &#8211; 2650 \/min<\/td>\n<\/tr>\n<tr>\n<td>Max. po\u010det p\u0159\u00edklep\u016f<\/td>\n<td>3750 \/min<\/td>\n<\/tr>\n<tr>\n<td>Max. to\u010div\u00fd moment<\/td>\n<td>300 Nm<\/td>\n<\/tr>\n<tr>\n<td>Max. povolovac\u00ed moment<\/td>\n<td>480 Nm<\/td>\n<\/tr>\n<tr>\n<td>Stupn\u011b ot\u00e1\u010dek \/ to\u010div\u00fd moment<\/td>\n<td>12<\/td>\n<\/tr>\n<tr>\n<td>Up\u00edn\u00e1n\u00ed n\u00e1stroje<\/td>\n<td>vn\u011bj\u0161\u00ed \u010dty\u0159hran 1\/2&#8243; (12,70 mm)<\/td>\n<\/tr>\n<tr>\n<td>Hmotnost bez akumul\u00e1torov\u00e9ho \u010dl\u00e1nku<\/td>\n<td>1.1 kg<\/td>\n<\/tr>\n<tr>\n<td>Hmotnost v\u010d. akumul\u00e1torov\u00e9ho \u010dl\u00e1nku<\/td>\n<td>1.7 kg<\/td>\n<\/tr>\n<tr>\n<td>R\u00e1zov\u00e9 utahov\u00e1n\u00ed \u0161roub\u016f<\/td>\n<td>7 m\/s\u00b2<\/td>\n<\/tr>\n<tr>\n<td>Nejistota m\u011b\u0159en\u00ed K<\/td>\n<td>1.5 m\/s\u00b2<\/td>\n<\/tr>\n<tr>\n<td>Hladina akustick\u00e9ho tlaku<\/td>\n<td>95 dB(A)<\/td>\n<\/tr>\n<tr>\n<td>Hladina akustick\u00e9ho v\u00fdkonu (LwA)<\/td>\n<td>106 dB(A)<\/td>\n<\/tr>\n<tr>\n<td>Nejistota m\u011b\u0159en\u00ed K<\/td>\n<td>3 dB(A)<\/td>\n<\/tr><\/div>\n<\/table>\n","protected":false},"excerpt":{"rendered":"<p>Univerz\u00e1ln\u011b vyu\u017eiteln\u00fd, kompaktn\u00ed akumul\u00e1torov\u00fd r\u00e1zov\u00fd utahov\u00e1k s vn\u011bj\u0161\u00edm \u010dty\u0159hranem 1\/2&#8243; a 300 NmJedine\u010dn\u00fd motor Metabo Brushless pro rychlou pr\u00e1ci a maxim\u00e1ln\u00ed efektivitu p\u0159i ka\u017ed\u00e9m nasazen\u00edSyst\u00e9m Automatic Power Shift (APS) usnad\u0148uje pr\u00e1ci se samo\u0159ezn\u00fdmi \u0161rouby: automatick\u00e1 redukce to\u010div\u00e9ho momentu po vrt\u00e1n\u00ed zamezuje p\u0159eto\u010den\u00edPr\u00e1ce bez zp\u011btn\u00fdch r\u00e1z\u016f s velmi vysok\u00fdm to\u010div\u00fdm momentemDvan\u00e1ct stup\u0148\u016f nastaven\u00ed ot\u00e1\u010dek\/to\u010div\u00e9ho momentu pro [&hellip;]<\/p>\n","protected":false},"featured_media":9270,"comment_status":"open","ping_status":"open","template":"","meta":[],"product_brand":[],"product_cat":[47],"product_tag":[],"class_list":{"0":"post-9170","1":"product","2":"type-product","3":"status-publish","4":"has-post-thumbnail","6":"product_cat-specialni-nabidka","8":"first","9":"instock","10":"sale","11":"shipping-taxable","12":"purchasable","13":"product-type-simple"},"yoast_head":"<!-- This site is optimized with the Yoast SEO plugin v26.8 - https:\/\/yoast.com\/product\/yoast-seo-wordpress\/ -->\n<title>METABO SSW\u00a018\u00a0LTX\u00a0300\u00a0BL 2x4,0Ah Aku r\u00e1zov\u00fd utahov\u00e1k + kufr Autentick\u00fd -<\/title>\n<meta name=\"robots\" content=\"index, follow, max-snippet:-1, max-image-preview:large, max-video-preview:-1\" \/>\n<link rel=\"canonical\" href=\"https:\/\/www.oknobuild.com\/index.php\/produkt\/metabo-ssw-18-ltx-300-bl-2x4-0ah-aku-razovy-utahovak-kufr-autenticky-9170\/\" \/>\n<meta property=\"og:locale\" content=\"cs_CZ\" \/>\n<meta property=\"og:type\" content=\"article\" \/>\n<meta property=\"og:title\" content=\"METABO SSW\u00a018\u00a0LTX\u00a0300\u00a0BL 2x4,0Ah Aku r\u00e1zov\u00fd utahov\u00e1k + kufr Autentick\u00fd -\" \/>\n<meta property=\"og:description\" content=\"Univerz\u00e1ln\u011b vyu\u017eiteln\u00fd, kompaktn\u00ed akumul\u00e1torov\u00fd r\u00e1zov\u00fd utahov\u00e1k s vn\u011bj\u0161\u00edm \u010dty\u0159hranem 1\/2&#8243; a 300 NmJedine\u010dn\u00fd motor Metabo Brushless pro rychlou pr\u00e1ci a maxim\u00e1ln\u00ed efektivitu p\u0159i ka\u017ed\u00e9m nasazen\u00edSyst\u00e9m Automatic Power Shift (APS) usnad\u0148uje pr\u00e1ci se samo\u0159ezn\u00fdmi \u0161rouby: automatick\u00e1 redukce to\u010div\u00e9ho momentu po vrt\u00e1n\u00ed zamezuje p\u0159eto\u010den\u00edPr\u00e1ce bez zp\u011btn\u00fdch r\u00e1z\u016f s velmi vysok\u00fdm to\u010div\u00fdm momentemDvan\u00e1ct stup\u0148\u016f nastaven\u00ed ot\u00e1\u010dek\/to\u010div\u00e9ho momentu pro [&hellip;]\" \/>\n<meta property=\"og:url\" content=\"https:\/\/www.oknobuild.com\/index.php\/produkt\/metabo-ssw-18-ltx-300-bl-2x4-0ah-aku-razovy-utahovak-kufr-autenticky-9170\/\" \/>\n<meta property=\"og:image\" content=\"https:\/\/www.oknobuild.com\/wp-content\/uploads\/2026\/SK0019321-CZ20260425-092328-0-1777080210-209482-1_105341.webp\" \/>\n\t<meta property=\"og:image:width\" content=\"1000\" \/>\n\t<meta property=\"og:image:height\" content=\"666\" \/>\n\t<meta property=\"og:image:type\" content=\"image\/webp\" \/>\n<meta name=\"twitter:card\" content=\"summary_large_image\" \/>\n<meta name=\"twitter:label1\" content=\"Odhadovan\u00e1 doba \u010dten\u00ed\" \/>\n\t<meta name=\"twitter:data1\" content=\"2 minuty\" \/>\n<script type=\"application\/ld+json\" class=\"yoast-schema-graph\">{\"@context\":\"https:\/\/schema.org\",\"@graph\":[{\"@type\":\"WebPage\",\"@id\":\"https:\/\/www.oknobuild.com\/index.php\/produkt\/metabo-ssw-18-ltx-300-bl-2x4-0ah-aku-razovy-utahovak-kufr-autenticky-9170\/\",\"url\":\"https:\/\/www.oknobuild.com\/index.php\/produkt\/metabo-ssw-18-ltx-300-bl-2x4-0ah-aku-razovy-utahovak-kufr-autenticky-9170\/\",\"name\":\"METABO SSW\u00a018\u00a0LTX\u00a0300\u00a0BL 2x4,0Ah Aku r\u00e1zov\u00fd utahov\u00e1k + kufr Autentick\u00fd -\",\"isPartOf\":{\"@id\":\"https:\/\/www.oknobuild.com\/#website\"},\"primaryImageOfPage\":{\"@id\":\"https:\/\/www.oknobuild.com\/index.php\/produkt\/metabo-ssw-18-ltx-300-bl-2x4-0ah-aku-razovy-utahovak-kufr-autenticky-9170\/#primaryimage\"},\"image\":{\"@id\":\"https:\/\/www.oknobuild.com\/index.php\/produkt\/metabo-ssw-18-ltx-300-bl-2x4-0ah-aku-razovy-utahovak-kufr-autenticky-9170\/#primaryimage\"},\"thumbnailUrl\":\"https:\/\/www.oknobuild.com\/wp-content\/uploads\/2026\/SK0019321-CZ20260425-092328-0-1777080210-209482-1_105341.webp\",\"datePublished\":\"2026-04-27T04:40:55+00:00\",\"breadcrumb\":{\"@id\":\"https:\/\/www.oknobuild.com\/index.php\/produkt\/metabo-ssw-18-ltx-300-bl-2x4-0ah-aku-razovy-utahovak-kufr-autenticky-9170\/#breadcrumb\"},\"inLanguage\":\"cs\",\"potentialAction\":[{\"@type\":\"ReadAction\",\"target\":[\"https:\/\/www.oknobuild.com\/index.php\/produkt\/metabo-ssw-18-ltx-300-bl-2x4-0ah-aku-razovy-utahovak-kufr-autenticky-9170\/\"]}]},{\"@type\":\"ImageObject\",\"inLanguage\":\"cs\",\"@id\":\"https:\/\/www.oknobuild.com\/index.php\/produkt\/metabo-ssw-18-ltx-300-bl-2x4-0ah-aku-razovy-utahovak-kufr-autenticky-9170\/#primaryimage\",\"url\":\"https:\/\/www.oknobuild.com\/wp-content\/uploads\/2026\/SK0019321-CZ20260425-092328-0-1777080210-209482-1_105341.webp\",\"contentUrl\":\"https:\/\/www.oknobuild.com\/wp-content\/uploads\/2026\/SK0019321-CZ20260425-092328-0-1777080210-209482-1_105341.webp\",\"width\":1000,\"height\":666},{\"@type\":\"BreadcrumbList\",\"@id\":\"https:\/\/www.oknobuild.com\/index.php\/produkt\/metabo-ssw-18-ltx-300-bl-2x4-0ah-aku-razovy-utahovak-kufr-autenticky-9170\/#breadcrumb\",\"itemListElement\":[{\"@type\":\"ListItem\",\"position\":1,\"name\":\"Home\",\"item\":\"https:\/\/www.oknobuild.com\/\"},{\"@type\":\"ListItem\",\"position\":2,\"name\":\"Products\",\"item\":\"https:\/\/www.oknobuild.com\/index.php\/products\/\"},{\"@type\":\"ListItem\",\"position\":3,\"name\":\"METABO SSW\u00a018\u00a0LTX\u00a0300\u00a0BL 2&#215;4,0Ah Aku r\u00e1zov\u00fd utahov\u00e1k + kufr Autentick\u00fd\"}]},{\"@type\":\"WebSite\",\"@id\":\"https:\/\/www.oknobuild.com\/#website\",\"url\":\"https:\/\/www.oknobuild.com\/\",\"name\":\"\",\"description\":\"\",\"potentialAction\":[{\"@type\":\"SearchAction\",\"target\":{\"@type\":\"EntryPoint\",\"urlTemplate\":\"https:\/\/www.oknobuild.com\/?s={search_term_string}\"},\"query-input\":{\"@type\":\"PropertyValueSpecification\",\"valueRequired\":true,\"valueName\":\"search_term_string\"}}],\"inLanguage\":\"cs\"}]}<\/script>\n<!-- \/ Yoast SEO plugin. -->","yoast_head_json":{"title":"METABO SSW\u00a018\u00a0LTX\u00a0300\u00a0BL 2x4,0Ah Aku r\u00e1zov\u00fd utahov\u00e1k + kufr Autentick\u00fd -","robots":{"index":"index","follow":"follow","max-snippet":"max-snippet:-1","max-image-preview":"max-image-preview:large","max-video-preview":"max-video-preview:-1"},"canonical":"https:\/\/www.oknobuild.com\/index.php\/produkt\/metabo-ssw-18-ltx-300-bl-2x4-0ah-aku-razovy-utahovak-kufr-autenticky-9170\/","og_locale":"cs_CZ","og_type":"article","og_title":"METABO SSW\u00a018\u00a0LTX\u00a0300\u00a0BL 2x4,0Ah Aku r\u00e1zov\u00fd utahov\u00e1k + kufr Autentick\u00fd -","og_description":"Univerz\u00e1ln\u011b vyu\u017eiteln\u00fd, kompaktn\u00ed akumul\u00e1torov\u00fd r\u00e1zov\u00fd utahov\u00e1k s vn\u011bj\u0161\u00edm \u010dty\u0159hranem 1\/2&#8243; a 300 NmJedine\u010dn\u00fd motor Metabo Brushless pro rychlou pr\u00e1ci a maxim\u00e1ln\u00ed efektivitu p\u0159i ka\u017ed\u00e9m nasazen\u00edSyst\u00e9m Automatic Power Shift (APS) usnad\u0148uje pr\u00e1ci se samo\u0159ezn\u00fdmi \u0161rouby: automatick\u00e1 redukce to\u010div\u00e9ho momentu po vrt\u00e1n\u00ed zamezuje p\u0159eto\u010den\u00edPr\u00e1ce bez zp\u011btn\u00fdch r\u00e1z\u016f s velmi vysok\u00fdm to\u010div\u00fdm momentemDvan\u00e1ct stup\u0148\u016f nastaven\u00ed ot\u00e1\u010dek\/to\u010div\u00e9ho momentu pro [&hellip;]","og_url":"https:\/\/www.oknobuild.com\/index.php\/produkt\/metabo-ssw-18-ltx-300-bl-2x4-0ah-aku-razovy-utahovak-kufr-autenticky-9170\/","og_image":[{"width":1000,"height":666,"url":"https:\/\/www.oknobuild.com\/wp-content\/uploads\/2026\/SK0019321-CZ20260425-092328-0-1777080210-209482-1_105341.webp","type":"image\/webp"}],"twitter_card":"summary_large_image","twitter_misc":{"Odhadovan\u00e1 doba \u010dten\u00ed":"2 minuty"},"schema":{"@context":"https:\/\/schema.org","@graph":[{"@type":"WebPage","@id":"https:\/\/www.oknobuild.com\/index.php\/produkt\/metabo-ssw-18-ltx-300-bl-2x4-0ah-aku-razovy-utahovak-kufr-autenticky-9170\/","url":"https:\/\/www.oknobuild.com\/index.php\/produkt\/metabo-ssw-18-ltx-300-bl-2x4-0ah-aku-razovy-utahovak-kufr-autenticky-9170\/","name":"METABO SSW\u00a018\u00a0LTX\u00a0300\u00a0BL 2x4,0Ah Aku r\u00e1zov\u00fd utahov\u00e1k + kufr Autentick\u00fd -","isPartOf":{"@id":"https:\/\/www.oknobuild.com\/#website"},"primaryImageOfPage":{"@id":"https:\/\/www.oknobuild.com\/index.php\/produkt\/metabo-ssw-18-ltx-300-bl-2x4-0ah-aku-razovy-utahovak-kufr-autenticky-9170\/#primaryimage"},"image":{"@id":"https:\/\/www.oknobuild.com\/index.php\/produkt\/metabo-ssw-18-ltx-300-bl-2x4-0ah-aku-razovy-utahovak-kufr-autenticky-9170\/#primaryimage"},"thumbnailUrl":"https:\/\/www.oknobuild.com\/wp-content\/uploads\/2026\/SK0019321-CZ20260425-092328-0-1777080210-209482-1_105341.webp","datePublished":"2026-04-27T04:40:55+00:00","breadcrumb":{"@id":"https:\/\/www.oknobuild.com\/index.php\/produkt\/metabo-ssw-18-ltx-300-bl-2x4-0ah-aku-razovy-utahovak-kufr-autenticky-9170\/#breadcrumb"},"inLanguage":"cs","potentialAction":[{"@type":"ReadAction","target":["https:\/\/www.oknobuild.com\/index.php\/produkt\/metabo-ssw-18-ltx-300-bl-2x4-0ah-aku-razovy-utahovak-kufr-autenticky-9170\/"]}]},{"@type":"ImageObject","inLanguage":"cs","@id":"https:\/\/www.oknobuild.com\/index.php\/produkt\/metabo-ssw-18-ltx-300-bl-2x4-0ah-aku-razovy-utahovak-kufr-autenticky-9170\/#primaryimage","url":"https:\/\/www.oknobuild.com\/wp-content\/uploads\/2026\/SK0019321-CZ20260425-092328-0-1777080210-209482-1_105341.webp","contentUrl":"https:\/\/www.oknobuild.com\/wp-content\/uploads\/2026\/SK0019321-CZ20260425-092328-0-1777080210-209482-1_105341.webp","width":1000,"height":666},{"@type":"BreadcrumbList","@id":"https:\/\/www.oknobuild.com\/index.php\/produkt\/metabo-ssw-18-ltx-300-bl-2x4-0ah-aku-razovy-utahovak-kufr-autenticky-9170\/#breadcrumb","itemListElement":[{"@type":"ListItem","position":1,"name":"Home","item":"https:\/\/www.oknobuild.com\/"},{"@type":"ListItem","position":2,"name":"Products","item":"https:\/\/www.oknobuild.com\/index.php\/products\/"},{"@type":"ListItem","position":3,"name":"METABO SSW\u00a018\u00a0LTX\u00a0300\u00a0BL 2&#215;4,0Ah Aku r\u00e1zov\u00fd utahov\u00e1k + kufr Autentick\u00fd"}]},{"@type":"WebSite","@id":"https:\/\/www.oknobuild.com\/#website","url":"https:\/\/www.oknobuild.com\/","name":"","description":"","potentialAction":[{"@type":"SearchAction","target":{"@type":"EntryPoint","urlTemplate":"https:\/\/www.oknobuild.com\/?s={search_term_string}"},"query-input":{"@type":"PropertyValueSpecification","valueRequired":true,"valueName":"search_term_string"}}],"inLanguage":"cs"}]}},"_links":{"self":[{"href":"https:\/\/www.oknobuild.com\/index.php\/wp-json\/wp\/v2\/product\/9170","targetHints":{"allow":["GET"]}}],"collection":[{"href":"https:\/\/www.oknobuild.com\/index.php\/wp-json\/wp\/v2\/product"}],"about":[{"href":"https:\/\/www.oknobuild.com\/index.php\/wp-json\/wp\/v2\/types\/product"}],"replies":[{"embeddable":true,"href":"https:\/\/www.oknobuild.com\/index.php\/wp-json\/wp\/v2\/comments?post=9170"}],"wp:featuredmedia":[{"embeddable":true,"href":"https:\/\/www.oknobuild.com\/index.php\/wp-json\/wp\/v2\/media\/9270"}],"wp:attachment":[{"href":"https:\/\/www.oknobuild.com\/index.php\/wp-json\/wp\/v2\/media?parent=9170"}],"wp:term":[{"taxonomy":"product_brand","embeddable":true,"href":"https:\/\/www.oknobuild.com\/index.php\/wp-json\/wp\/v2\/product_brand?post=9170"},{"taxonomy":"product_cat","embeddable":true,"href":"https:\/\/www.oknobuild.com\/index.php\/wp-json\/wp\/v2\/product_cat?post=9170"},{"taxonomy":"product_tag","embeddable":true,"href":"https:\/\/www.oknobuild.com\/index.php\/wp-json\/wp\/v2\/product_tag?post=9170"}],"curies":[{"name":"wp","href":"https:\/\/api.w.org\/{rel}","templated":true}]}}