{"id":9350,"date":"2026-04-27T04:40:55","date_gmt":"2026-04-27T04:40:55","guid":{"rendered":""},"modified":"2026-04-27T04:40:55","modified_gmt":"2026-04-27T04:40:55","slug":"oblibeny-festa-51060-pogumovanne-popruhy-2ks-1-x5m-tuv-gs-9350","status":"publish","type":"product","link":"https:\/\/www.oknobuild.com\/index.php\/produkt\/oblibeny-festa-51060-pogumovanne-popruhy-2ks-1-x5m-tuv-gs-9350\/","title":{"rendered":"Obl\u00edben\u00fd FESTA 51060 pogumovann\u00e9 popruhy 2KS 1&#8243;X5M TUV GS"},"content":{"rendered":"<table>\n<div class=\"tab-pane active product-description\" id=\"popis\" role=\"tabpanel\">\n<div class=\"short-description\" itemprop=\"description\"><\/div>\n<div class=\"description\">\n<p><span class=\"bullet-line\">Textiln\u00ed p\u00e1sy jsou ur\u010deny k fixaci n\u00e1kladu p\u0159i transportu a zabra\u0148uj\u00ed jeho po\u0161kozen\u00ed.<\/span><\/p>\n<p>&nbsp;<\/p>\n<\/div>\n<\/table>\n","protected":false},"excerpt":{"rendered":"<p>Textiln\u00ed p\u00e1sy jsou ur\u010deny k fixaci n\u00e1kladu p\u0159i transportu a zabra\u0148uj\u00ed jeho po\u0161kozen\u00ed. &nbsp;<\/p>\n","protected":false},"featured_media":9450,"comment_status":"open","ping_status":"open","template":"","meta":[],"product_brand":[],"product_cat":[48],"product_tag":[],"class_list":{"0":"post-9350","1":"product","2":"type-product","3":"status-publish","4":"has-post-thumbnail","6":"product_cat-ochranne-pomucky","8":"first","9":"instock","10":"sale","11":"shipping-taxable","12":"purchasable","13":"product-type-simple"},"yoast_head":"<!-- This site is optimized with the Yoast SEO plugin v26.8 - https:\/\/yoast.com\/product\/yoast-seo-wordpress\/ -->\n<title>Obl\u00edben\u00fd FESTA 51060 pogumovann\u00e9 popruhy 2KS 1&quot;X5M TUV GS -<\/title>\n<meta name=\"robots\" content=\"index, follow, max-snippet:-1, max-image-preview:large, max-video-preview:-1\" \/>\n<link rel=\"canonical\" href=\"https:\/\/www.oknobuild.com\/index.php\/produkt\/oblibeny-festa-51060-pogumovanne-popruhy-2ks-1-x5m-tuv-gs-9350\/\" \/>\n<meta property=\"og:locale\" content=\"cs_CZ\" \/>\n<meta property=\"og:type\" content=\"article\" \/>\n<meta property=\"og:title\" content=\"Obl\u00edben\u00fd FESTA 51060 pogumovann\u00e9 popruhy 2KS 1&quot;X5M TUV GS -\" \/>\n<meta property=\"og:description\" content=\"Textiln\u00ed p\u00e1sy jsou ur\u010deny k fixaci n\u00e1kladu p\u0159i transportu a zabra\u0148uj\u00ed jeho po\u0161kozen\u00ed. &nbsp;\" \/>\n<meta property=\"og:url\" content=\"https:\/\/www.oknobuild.com\/index.php\/produkt\/oblibeny-festa-51060-pogumovanne-popruhy-2ks-1-x5m-tuv-gs-9350\/\" \/>\n<meta property=\"og:image\" content=\"https:\/\/www.oknobuild.com\/wp-content\/uploads\/2026\/SK0019401-CZ20260425-092328-0-1777080210-51060.webp\" \/>\n\t<meta property=\"og:image:width\" content=\"700\" \/>\n\t<meta property=\"og:image:height\" content=\"467\" \/>\n\t<meta property=\"og:image:type\" content=\"image\/webp\" \/>\n<meta name=\"twitter:card\" content=\"summary_large_image\" \/>\n<script type=\"application\/ld+json\" class=\"yoast-schema-graph\">{\"@context\":\"https:\/\/schema.org\",\"@graph\":[{\"@type\":\"WebPage\",\"@id\":\"https:\/\/www.oknobuild.com\/index.php\/produkt\/oblibeny-festa-51060-pogumovanne-popruhy-2ks-1-x5m-tuv-gs-9350\/\",\"url\":\"https:\/\/www.oknobuild.com\/index.php\/produkt\/oblibeny-festa-51060-pogumovanne-popruhy-2ks-1-x5m-tuv-gs-9350\/\",\"name\":\"Obl\u00edben\u00fd FESTA 51060 pogumovann\u00e9 popruhy 2KS 1\\\"X5M TUV GS -\",\"isPartOf\":{\"@id\":\"https:\/\/www.oknobuild.com\/#website\"},\"primaryImageOfPage\":{\"@id\":\"https:\/\/www.oknobuild.com\/index.php\/produkt\/oblibeny-festa-51060-pogumovanne-popruhy-2ks-1-x5m-tuv-gs-9350\/#primaryimage\"},\"image\":{\"@id\":\"https:\/\/www.oknobuild.com\/index.php\/produkt\/oblibeny-festa-51060-pogumovanne-popruhy-2ks-1-x5m-tuv-gs-9350\/#primaryimage\"},\"thumbnailUrl\":\"https:\/\/www.oknobuild.com\/wp-content\/uploads\/2026\/SK0019401-CZ20260425-092328-0-1777080210-51060.webp\",\"datePublished\":\"2026-04-27T04:40:55+00:00\",\"breadcrumb\":{\"@id\":\"https:\/\/www.oknobuild.com\/index.php\/produkt\/oblibeny-festa-51060-pogumovanne-popruhy-2ks-1-x5m-tuv-gs-9350\/#breadcrumb\"},\"inLanguage\":\"cs\",\"potentialAction\":[{\"@type\":\"ReadAction\",\"target\":[\"https:\/\/www.oknobuild.com\/index.php\/produkt\/oblibeny-festa-51060-pogumovanne-popruhy-2ks-1-x5m-tuv-gs-9350\/\"]}]},{\"@type\":\"ImageObject\",\"inLanguage\":\"cs\",\"@id\":\"https:\/\/www.oknobuild.com\/index.php\/produkt\/oblibeny-festa-51060-pogumovanne-popruhy-2ks-1-x5m-tuv-gs-9350\/#primaryimage\",\"url\":\"https:\/\/www.oknobuild.com\/wp-content\/uploads\/2026\/SK0019401-CZ20260425-092328-0-1777080210-51060.webp\",\"contentUrl\":\"https:\/\/www.oknobuild.com\/wp-content\/uploads\/2026\/SK0019401-CZ20260425-092328-0-1777080210-51060.webp\",\"width\":700,\"height\":467},{\"@type\":\"BreadcrumbList\",\"@id\":\"https:\/\/www.oknobuild.com\/index.php\/produkt\/oblibeny-festa-51060-pogumovanne-popruhy-2ks-1-x5m-tuv-gs-9350\/#breadcrumb\",\"itemListElement\":[{\"@type\":\"ListItem\",\"position\":1,\"name\":\"Home\",\"item\":\"https:\/\/www.oknobuild.com\/\"},{\"@type\":\"ListItem\",\"position\":2,\"name\":\"Products\",\"item\":\"https:\/\/www.oknobuild.com\/index.php\/products\/\"},{\"@type\":\"ListItem\",\"position\":3,\"name\":\"Obl\u00edben\u00fd FESTA 51060 pogumovann\u00e9 popruhy 2KS 1&#8243;X5M TUV GS\"}]},{\"@type\":\"WebSite\",\"@id\":\"https:\/\/www.oknobuild.com\/#website\",\"url\":\"https:\/\/www.oknobuild.com\/\",\"name\":\"\",\"description\":\"\",\"potentialAction\":[{\"@type\":\"SearchAction\",\"target\":{\"@type\":\"EntryPoint\",\"urlTemplate\":\"https:\/\/www.oknobuild.com\/?s={search_term_string}\"},\"query-input\":{\"@type\":\"PropertyValueSpecification\",\"valueRequired\":true,\"valueName\":\"search_term_string\"}}],\"inLanguage\":\"cs\"}]}<\/script>\n<!-- \/ Yoast SEO plugin. -->","yoast_head_json":{"title":"Obl\u00edben\u00fd FESTA 51060 pogumovann\u00e9 popruhy 2KS 1\"X5M TUV GS -","robots":{"index":"index","follow":"follow","max-snippet":"max-snippet:-1","max-image-preview":"max-image-preview:large","max-video-preview":"max-video-preview:-1"},"canonical":"https:\/\/www.oknobuild.com\/index.php\/produkt\/oblibeny-festa-51060-pogumovanne-popruhy-2ks-1-x5m-tuv-gs-9350\/","og_locale":"cs_CZ","og_type":"article","og_title":"Obl\u00edben\u00fd FESTA 51060 pogumovann\u00e9 popruhy 2KS 1\"X5M TUV GS -","og_description":"Textiln\u00ed p\u00e1sy jsou ur\u010deny k fixaci n\u00e1kladu p\u0159i transportu a zabra\u0148uj\u00ed jeho po\u0161kozen\u00ed. &nbsp;","og_url":"https:\/\/www.oknobuild.com\/index.php\/produkt\/oblibeny-festa-51060-pogumovanne-popruhy-2ks-1-x5m-tuv-gs-9350\/","og_image":[{"width":700,"height":467,"url":"https:\/\/www.oknobuild.com\/wp-content\/uploads\/2026\/SK0019401-CZ20260425-092328-0-1777080210-51060.webp","type":"image\/webp"}],"twitter_card":"summary_large_image","schema":{"@context":"https:\/\/schema.org","@graph":[{"@type":"WebPage","@id":"https:\/\/www.oknobuild.com\/index.php\/produkt\/oblibeny-festa-51060-pogumovanne-popruhy-2ks-1-x5m-tuv-gs-9350\/","url":"https:\/\/www.oknobuild.com\/index.php\/produkt\/oblibeny-festa-51060-pogumovanne-popruhy-2ks-1-x5m-tuv-gs-9350\/","name":"Obl\u00edben\u00fd FESTA 51060 pogumovann\u00e9 popruhy 2KS 1\"X5M TUV GS -","isPartOf":{"@id":"https:\/\/www.oknobuild.com\/#website"},"primaryImageOfPage":{"@id":"https:\/\/www.oknobuild.com\/index.php\/produkt\/oblibeny-festa-51060-pogumovanne-popruhy-2ks-1-x5m-tuv-gs-9350\/#primaryimage"},"image":{"@id":"https:\/\/www.oknobuild.com\/index.php\/produkt\/oblibeny-festa-51060-pogumovanne-popruhy-2ks-1-x5m-tuv-gs-9350\/#primaryimage"},"thumbnailUrl":"https:\/\/www.oknobuild.com\/wp-content\/uploads\/2026\/SK0019401-CZ20260425-092328-0-1777080210-51060.webp","datePublished":"2026-04-27T04:40:55+00:00","breadcrumb":{"@id":"https:\/\/www.oknobuild.com\/index.php\/produkt\/oblibeny-festa-51060-pogumovanne-popruhy-2ks-1-x5m-tuv-gs-9350\/#breadcrumb"},"inLanguage":"cs","potentialAction":[{"@type":"ReadAction","target":["https:\/\/www.oknobuild.com\/index.php\/produkt\/oblibeny-festa-51060-pogumovanne-popruhy-2ks-1-x5m-tuv-gs-9350\/"]}]},{"@type":"ImageObject","inLanguage":"cs","@id":"https:\/\/www.oknobuild.com\/index.php\/produkt\/oblibeny-festa-51060-pogumovanne-popruhy-2ks-1-x5m-tuv-gs-9350\/#primaryimage","url":"https:\/\/www.oknobuild.com\/wp-content\/uploads\/2026\/SK0019401-CZ20260425-092328-0-1777080210-51060.webp","contentUrl":"https:\/\/www.oknobuild.com\/wp-content\/uploads\/2026\/SK0019401-CZ20260425-092328-0-1777080210-51060.webp","width":700,"height":467},{"@type":"BreadcrumbList","@id":"https:\/\/www.oknobuild.com\/index.php\/produkt\/oblibeny-festa-51060-pogumovanne-popruhy-2ks-1-x5m-tuv-gs-9350\/#breadcrumb","itemListElement":[{"@type":"ListItem","position":1,"name":"Home","item":"https:\/\/www.oknobuild.com\/"},{"@type":"ListItem","position":2,"name":"Products","item":"https:\/\/www.oknobuild.com\/index.php\/products\/"},{"@type":"ListItem","position":3,"name":"Obl\u00edben\u00fd FESTA 51060 pogumovann\u00e9 popruhy 2KS 1&#8243;X5M TUV GS"}]},{"@type":"WebSite","@id":"https:\/\/www.oknobuild.com\/#website","url":"https:\/\/www.oknobuild.com\/","name":"","description":"","potentialAction":[{"@type":"SearchAction","target":{"@type":"EntryPoint","urlTemplate":"https:\/\/www.oknobuild.com\/?s={search_term_string}"},"query-input":{"@type":"PropertyValueSpecification","valueRequired":true,"valueName":"search_term_string"}}],"inLanguage":"cs"}]}},"_links":{"self":[{"href":"https:\/\/www.oknobuild.com\/index.php\/wp-json\/wp\/v2\/product\/9350","targetHints":{"allow":["GET"]}}],"collection":[{"href":"https:\/\/www.oknobuild.com\/index.php\/wp-json\/wp\/v2\/product"}],"about":[{"href":"https:\/\/www.oknobuild.com\/index.php\/wp-json\/wp\/v2\/types\/product"}],"replies":[{"embeddable":true,"href":"https:\/\/www.oknobuild.com\/index.php\/wp-json\/wp\/v2\/comments?post=9350"}],"wp:featuredmedia":[{"embeddable":true,"href":"https:\/\/www.oknobuild.com\/index.php\/wp-json\/wp\/v2\/media\/9450"}],"wp:attachment":[{"href":"https:\/\/www.oknobuild.com\/index.php\/wp-json\/wp\/v2\/media?parent=9350"}],"wp:term":[{"taxonomy":"product_brand","embeddable":true,"href":"https:\/\/www.oknobuild.com\/index.php\/wp-json\/wp\/v2\/product_brand?post=9350"},{"taxonomy":"product_cat","embeddable":true,"href":"https:\/\/www.oknobuild.com\/index.php\/wp-json\/wp\/v2\/product_cat?post=9350"},{"taxonomy":"product_tag","embeddable":true,"href":"https:\/\/www.oknobuild.com\/index.php\/wp-json\/wp\/v2\/product_tag?post=9350"}],"curies":[{"name":"wp","href":"https:\/\/api.w.org\/{rel}","templated":true}]}}