{"id":9364,"date":"2026-04-27T04:40:55","date_gmt":"2026-04-27T04:40:55","guid":{"rendered":""},"modified":"2026-04-27T04:40:55","modified_gmt":"2026-04-27T04:40:55","slug":"matlock-mtl9425730k-4mx90mm-swl-3000kg-duplex-flat-sling-posledni-sance-9364","status":"publish","type":"product","link":"https:\/\/www.oknobuild.com\/index.php\/produkt\/matlock-mtl9425730k-4mx90mm-swl-3000kg-duplex-flat-sling-posledni-sance-9364\/","title":{"rendered":"Matlock MTL9425730K 4Mx90mm SWL 3000KG DUPLEX FLAT SLING Posledn\u00ed \u0160ance"},"content":{"rendered":"<table>\n<div class=\"tab-pane active product-description\" id=\"popis\" role=\"tabpanel\">\n<div class=\"short-description\" itemprop=\"description\"><\/div>\n<div class=\"description\">\n<p><span class=\"bullet-line\">Vysok\u00fd pom\u011br s\u00edly k hmotnosti, lehk\u00e1 manipulace a snadn\u00e9 pou\u017eit\u00ed.&nbsp;<\/span><br \/><span class=\"bullet-line\">Konstrukce pohlcuj\u00edc\u00ed n\u00e1razy a \u0161irok\u00e1 oblast nesouc\u00ed zat\u00ed\u017een\u00ed zaji\u0161\u0165uj\u00ed bezpe\u010dn\u00e9 uchopen\u00ed a eliminuj\u00ed po\u0161kozen\u00ed n\u00e1kladu.&nbsp;<\/span><br \/><span class=\"bullet-line\">V\u0161echny typy jsou vyrobeny z polyesteru odoln\u00e9ho proti olej\u016fm a kyselin\u00e1m, o\u0161et\u0159en\u00e9 impregnac\u00ed odolnou proti opot\u0159eben\u00ed.&nbsp;<\/span><br \/><span class=\"bullet-line\">V\u0161echny velikosti jsou barevn\u011b ozna\u010deny pro ozna\u010den\u00ed SWL (bezpe\u010dn\u00e9 pracovn\u00ed zat\u00ed\u017een\u00ed), hodnocen\u00ed a ozna\u010deny k\u00f3dem sledovatelnosti.&nbsp;<\/span><br \/><span class=\"bullet-line\">Tato hodnocen\u00ed jsou ur\u010dena pouze pro p\u0159\u00edm\u00fd tah.&nbsp;<\/span><br \/><span class=\"bullet-line\">Dal\u0161\u00ed varianty tahu jsou uvedeny n\u00ed\u017ee spolu s p\u0159\u00edslu\u0161n\u00fdm SWL.&nbsp;<\/span><br \/><span class=\"bullet-line\">Ploch\u00e9 popruhy se zes\u00edlen\u00fdm okem na obou konc\u00edch.<\/span><\/p>\n<\/div>\n<div class=\"parameters\">\n<tr>\n<td>SPECIFIKACE<\/td>\n<td><\/td>\n<\/tr>\n<tr>\n<td>Zvedac\u00ed kapacita<\/td>\n<td>3000 kg<\/td>\n<\/tr>\n<tr>\n<td>Pracovn\u00ed d\u00e9lka<\/td>\n<td>4 m<\/td>\n<\/tr>\n<tr>\n<td>\u0160\u00ed\u0159ka<\/td>\n<td>90 mm<\/td>\n<\/tr>\n<tr>\n<td>Barva<\/td>\n<td>jin\u00fd<\/td>\n<\/tr><\/div>\n<\/table>\n","protected":false},"excerpt":{"rendered":"<p>Vysok\u00fd pom\u011br s\u00edly k hmotnosti, lehk\u00e1 manipulace a snadn\u00e9 pou\u017eit\u00ed.&nbsp;Konstrukce pohlcuj\u00edc\u00ed n\u00e1razy a \u0161irok\u00e1 oblast nesouc\u00ed zat\u00ed\u017een\u00ed zaji\u0161\u0165uj\u00ed bezpe\u010dn\u00e9 uchopen\u00ed a eliminuj\u00ed po\u0161kozen\u00ed n\u00e1kladu.&nbsp;V\u0161echny typy jsou vyrobeny z polyesteru odoln\u00e9ho proti olej\u016fm a kyselin\u00e1m, o\u0161et\u0159en\u00e9 impregnac\u00ed odolnou proti opot\u0159eben\u00ed.&nbsp;V\u0161echny velikosti jsou barevn\u011b ozna\u010deny pro ozna\u010den\u00ed SWL (bezpe\u010dn\u00e9 pracovn\u00ed zat\u00ed\u017een\u00ed), hodnocen\u00ed a ozna\u010deny k\u00f3dem sledovatelnosti.&nbsp;Tato hodnocen\u00ed [&hellip;]<\/p>\n","protected":false},"featured_media":9464,"comment_status":"open","ping_status":"open","template":"","meta":[],"product_brand":[],"product_cat":[48],"product_tag":[],"class_list":{"0":"post-9364","1":"product","2":"type-product","3":"status-publish","4":"has-post-thumbnail","6":"product_cat-ochranne-pomucky","8":"first","9":"instock","10":"sale","11":"shipping-taxable","12":"purchasable","13":"product-type-simple"},"yoast_head":"<!-- This site is optimized with the Yoast SEO plugin v26.8 - https:\/\/yoast.com\/product\/yoast-seo-wordpress\/ -->\n<title>Matlock MTL9425730K 4Mx90mm SWL 3000KG DUPLEX FLAT SLING Posledn\u00ed \u0160ance -<\/title>\n<meta name=\"robots\" content=\"index, follow, max-snippet:-1, max-image-preview:large, max-video-preview:-1\" \/>\n<link rel=\"canonical\" href=\"https:\/\/www.oknobuild.com\/index.php\/produkt\/matlock-mtl9425730k-4mx90mm-swl-3000kg-duplex-flat-sling-posledni-sance-9364\/\" \/>\n<meta property=\"og:locale\" content=\"cs_CZ\" \/>\n<meta property=\"og:type\" content=\"article\" \/>\n<meta property=\"og:title\" content=\"Matlock MTL9425730K 4Mx90mm SWL 3000KG DUPLEX FLAT SLING Posledn\u00ed \u0160ance -\" \/>\n<meta property=\"og:description\" content=\"Vysok\u00fd pom\u011br s\u00edly k hmotnosti, lehk\u00e1 manipulace a snadn\u00e9 pou\u017eit\u00ed.&nbsp;Konstrukce pohlcuj\u00edc\u00ed n\u00e1razy a \u0161irok\u00e1 oblast nesouc\u00ed zat\u00ed\u017een\u00ed zaji\u0161\u0165uj\u00ed bezpe\u010dn\u00e9 uchopen\u00ed a eliminuj\u00ed po\u0161kozen\u00ed n\u00e1kladu.&nbsp;V\u0161echny typy jsou vyrobeny z polyesteru odoln\u00e9ho proti olej\u016fm a kyselin\u00e1m, o\u0161et\u0159en\u00e9 impregnac\u00ed odolnou proti opot\u0159eben\u00ed.&nbsp;V\u0161echny velikosti jsou barevn\u011b ozna\u010deny pro ozna\u010den\u00ed SWL (bezpe\u010dn\u00e9 pracovn\u00ed zat\u00ed\u017een\u00ed), hodnocen\u00ed a ozna\u010deny k\u00f3dem sledovatelnosti.&nbsp;Tato hodnocen\u00ed [&hellip;]\" \/>\n<meta property=\"og:url\" content=\"https:\/\/www.oknobuild.com\/index.php\/produkt\/matlock-mtl9425730k-4mx90mm-swl-3000kg-duplex-flat-sling-posledni-sance-9364\/\" \/>\n<meta property=\"og:image\" content=\"https:\/\/www.oknobuild.com\/wp-content\/uploads\/2026\/SK0019415-CZ20260425-092328-0-1777080210-890_cromwell-mtl9425730k_large.webp\" \/>\n\t<meta property=\"og:image:width\" content=\"500\" \/>\n\t<meta property=\"og:image:height\" content=\"317\" \/>\n\t<meta property=\"og:image:type\" content=\"image\/webp\" \/>\n<meta name=\"twitter:card\" content=\"summary_large_image\" \/>\n<meta name=\"twitter:label1\" content=\"Odhadovan\u00e1 doba \u010dten\u00ed\" \/>\n\t<meta name=\"twitter:data1\" content=\"1 minuta\" \/>\n<script type=\"application\/ld+json\" class=\"yoast-schema-graph\">{\"@context\":\"https:\/\/schema.org\",\"@graph\":[{\"@type\":\"WebPage\",\"@id\":\"https:\/\/www.oknobuild.com\/index.php\/produkt\/matlock-mtl9425730k-4mx90mm-swl-3000kg-duplex-flat-sling-posledni-sance-9364\/\",\"url\":\"https:\/\/www.oknobuild.com\/index.php\/produkt\/matlock-mtl9425730k-4mx90mm-swl-3000kg-duplex-flat-sling-posledni-sance-9364\/\",\"name\":\"Matlock MTL9425730K 4Mx90mm SWL 3000KG DUPLEX FLAT SLING Posledn\u00ed \u0160ance -\",\"isPartOf\":{\"@id\":\"https:\/\/www.oknobuild.com\/#website\"},\"primaryImageOfPage\":{\"@id\":\"https:\/\/www.oknobuild.com\/index.php\/produkt\/matlock-mtl9425730k-4mx90mm-swl-3000kg-duplex-flat-sling-posledni-sance-9364\/#primaryimage\"},\"image\":{\"@id\":\"https:\/\/www.oknobuild.com\/index.php\/produkt\/matlock-mtl9425730k-4mx90mm-swl-3000kg-duplex-flat-sling-posledni-sance-9364\/#primaryimage\"},\"thumbnailUrl\":\"https:\/\/www.oknobuild.com\/wp-content\/uploads\/2026\/SK0019415-CZ20260425-092328-0-1777080210-890_cromwell-mtl9425730k_large.webp\",\"datePublished\":\"2026-04-27T04:40:55+00:00\",\"breadcrumb\":{\"@id\":\"https:\/\/www.oknobuild.com\/index.php\/produkt\/matlock-mtl9425730k-4mx90mm-swl-3000kg-duplex-flat-sling-posledni-sance-9364\/#breadcrumb\"},\"inLanguage\":\"cs\",\"potentialAction\":[{\"@type\":\"ReadAction\",\"target\":[\"https:\/\/www.oknobuild.com\/index.php\/produkt\/matlock-mtl9425730k-4mx90mm-swl-3000kg-duplex-flat-sling-posledni-sance-9364\/\"]}]},{\"@type\":\"ImageObject\",\"inLanguage\":\"cs\",\"@id\":\"https:\/\/www.oknobuild.com\/index.php\/produkt\/matlock-mtl9425730k-4mx90mm-swl-3000kg-duplex-flat-sling-posledni-sance-9364\/#primaryimage\",\"url\":\"https:\/\/www.oknobuild.com\/wp-content\/uploads\/2026\/SK0019415-CZ20260425-092328-0-1777080210-890_cromwell-mtl9425730k_large.webp\",\"contentUrl\":\"https:\/\/www.oknobuild.com\/wp-content\/uploads\/2026\/SK0019415-CZ20260425-092328-0-1777080210-890_cromwell-mtl9425730k_large.webp\",\"width\":500,\"height\":317},{\"@type\":\"BreadcrumbList\",\"@id\":\"https:\/\/www.oknobuild.com\/index.php\/produkt\/matlock-mtl9425730k-4mx90mm-swl-3000kg-duplex-flat-sling-posledni-sance-9364\/#breadcrumb\",\"itemListElement\":[{\"@type\":\"ListItem\",\"position\":1,\"name\":\"Home\",\"item\":\"https:\/\/www.oknobuild.com\/\"},{\"@type\":\"ListItem\",\"position\":2,\"name\":\"Products\",\"item\":\"https:\/\/www.oknobuild.com\/index.php\/products\/\"},{\"@type\":\"ListItem\",\"position\":3,\"name\":\"Matlock MTL9425730K 4Mx90mm SWL 3000KG DUPLEX FLAT SLING Posledn\u00ed \u0160ance\"}]},{\"@type\":\"WebSite\",\"@id\":\"https:\/\/www.oknobuild.com\/#website\",\"url\":\"https:\/\/www.oknobuild.com\/\",\"name\":\"\",\"description\":\"\",\"potentialAction\":[{\"@type\":\"SearchAction\",\"target\":{\"@type\":\"EntryPoint\",\"urlTemplate\":\"https:\/\/www.oknobuild.com\/?s={search_term_string}\"},\"query-input\":{\"@type\":\"PropertyValueSpecification\",\"valueRequired\":true,\"valueName\":\"search_term_string\"}}],\"inLanguage\":\"cs\"}]}<\/script>\n<!-- \/ Yoast SEO plugin. -->","yoast_head_json":{"title":"Matlock MTL9425730K 4Mx90mm SWL 3000KG DUPLEX FLAT SLING Posledn\u00ed \u0160ance -","robots":{"index":"index","follow":"follow","max-snippet":"max-snippet:-1","max-image-preview":"max-image-preview:large","max-video-preview":"max-video-preview:-1"},"canonical":"https:\/\/www.oknobuild.com\/index.php\/produkt\/matlock-mtl9425730k-4mx90mm-swl-3000kg-duplex-flat-sling-posledni-sance-9364\/","og_locale":"cs_CZ","og_type":"article","og_title":"Matlock MTL9425730K 4Mx90mm SWL 3000KG DUPLEX FLAT SLING Posledn\u00ed \u0160ance -","og_description":"Vysok\u00fd pom\u011br s\u00edly k hmotnosti, lehk\u00e1 manipulace a snadn\u00e9 pou\u017eit\u00ed.&nbsp;Konstrukce pohlcuj\u00edc\u00ed n\u00e1razy a \u0161irok\u00e1 oblast nesouc\u00ed zat\u00ed\u017een\u00ed zaji\u0161\u0165uj\u00ed bezpe\u010dn\u00e9 uchopen\u00ed a eliminuj\u00ed po\u0161kozen\u00ed n\u00e1kladu.&nbsp;V\u0161echny typy jsou vyrobeny z polyesteru odoln\u00e9ho proti olej\u016fm a kyselin\u00e1m, o\u0161et\u0159en\u00e9 impregnac\u00ed odolnou proti opot\u0159eben\u00ed.&nbsp;V\u0161echny velikosti jsou barevn\u011b ozna\u010deny pro ozna\u010den\u00ed SWL (bezpe\u010dn\u00e9 pracovn\u00ed zat\u00ed\u017een\u00ed), hodnocen\u00ed a ozna\u010deny k\u00f3dem sledovatelnosti.&nbsp;Tato hodnocen\u00ed [&hellip;]","og_url":"https:\/\/www.oknobuild.com\/index.php\/produkt\/matlock-mtl9425730k-4mx90mm-swl-3000kg-duplex-flat-sling-posledni-sance-9364\/","og_image":[{"width":500,"height":317,"url":"https:\/\/www.oknobuild.com\/wp-content\/uploads\/2026\/SK0019415-CZ20260425-092328-0-1777080210-890_cromwell-mtl9425730k_large.webp","type":"image\/webp"}],"twitter_card":"summary_large_image","twitter_misc":{"Odhadovan\u00e1 doba \u010dten\u00ed":"1 minuta"},"schema":{"@context":"https:\/\/schema.org","@graph":[{"@type":"WebPage","@id":"https:\/\/www.oknobuild.com\/index.php\/produkt\/matlock-mtl9425730k-4mx90mm-swl-3000kg-duplex-flat-sling-posledni-sance-9364\/","url":"https:\/\/www.oknobuild.com\/index.php\/produkt\/matlock-mtl9425730k-4mx90mm-swl-3000kg-duplex-flat-sling-posledni-sance-9364\/","name":"Matlock MTL9425730K 4Mx90mm SWL 3000KG DUPLEX FLAT SLING Posledn\u00ed \u0160ance -","isPartOf":{"@id":"https:\/\/www.oknobuild.com\/#website"},"primaryImageOfPage":{"@id":"https:\/\/www.oknobuild.com\/index.php\/produkt\/matlock-mtl9425730k-4mx90mm-swl-3000kg-duplex-flat-sling-posledni-sance-9364\/#primaryimage"},"image":{"@id":"https:\/\/www.oknobuild.com\/index.php\/produkt\/matlock-mtl9425730k-4mx90mm-swl-3000kg-duplex-flat-sling-posledni-sance-9364\/#primaryimage"},"thumbnailUrl":"https:\/\/www.oknobuild.com\/wp-content\/uploads\/2026\/SK0019415-CZ20260425-092328-0-1777080210-890_cromwell-mtl9425730k_large.webp","datePublished":"2026-04-27T04:40:55+00:00","breadcrumb":{"@id":"https:\/\/www.oknobuild.com\/index.php\/produkt\/matlock-mtl9425730k-4mx90mm-swl-3000kg-duplex-flat-sling-posledni-sance-9364\/#breadcrumb"},"inLanguage":"cs","potentialAction":[{"@type":"ReadAction","target":["https:\/\/www.oknobuild.com\/index.php\/produkt\/matlock-mtl9425730k-4mx90mm-swl-3000kg-duplex-flat-sling-posledni-sance-9364\/"]}]},{"@type":"ImageObject","inLanguage":"cs","@id":"https:\/\/www.oknobuild.com\/index.php\/produkt\/matlock-mtl9425730k-4mx90mm-swl-3000kg-duplex-flat-sling-posledni-sance-9364\/#primaryimage","url":"https:\/\/www.oknobuild.com\/wp-content\/uploads\/2026\/SK0019415-CZ20260425-092328-0-1777080210-890_cromwell-mtl9425730k_large.webp","contentUrl":"https:\/\/www.oknobuild.com\/wp-content\/uploads\/2026\/SK0019415-CZ20260425-092328-0-1777080210-890_cromwell-mtl9425730k_large.webp","width":500,"height":317},{"@type":"BreadcrumbList","@id":"https:\/\/www.oknobuild.com\/index.php\/produkt\/matlock-mtl9425730k-4mx90mm-swl-3000kg-duplex-flat-sling-posledni-sance-9364\/#breadcrumb","itemListElement":[{"@type":"ListItem","position":1,"name":"Home","item":"https:\/\/www.oknobuild.com\/"},{"@type":"ListItem","position":2,"name":"Products","item":"https:\/\/www.oknobuild.com\/index.php\/products\/"},{"@type":"ListItem","position":3,"name":"Matlock MTL9425730K 4Mx90mm SWL 3000KG DUPLEX FLAT SLING Posledn\u00ed \u0160ance"}]},{"@type":"WebSite","@id":"https:\/\/www.oknobuild.com\/#website","url":"https:\/\/www.oknobuild.com\/","name":"","description":"","potentialAction":[{"@type":"SearchAction","target":{"@type":"EntryPoint","urlTemplate":"https:\/\/www.oknobuild.com\/?s={search_term_string}"},"query-input":{"@type":"PropertyValueSpecification","valueRequired":true,"valueName":"search_term_string"}}],"inLanguage":"cs"}]}},"_links":{"self":[{"href":"https:\/\/www.oknobuild.com\/index.php\/wp-json\/wp\/v2\/product\/9364","targetHints":{"allow":["GET"]}}],"collection":[{"href":"https:\/\/www.oknobuild.com\/index.php\/wp-json\/wp\/v2\/product"}],"about":[{"href":"https:\/\/www.oknobuild.com\/index.php\/wp-json\/wp\/v2\/types\/product"}],"replies":[{"embeddable":true,"href":"https:\/\/www.oknobuild.com\/index.php\/wp-json\/wp\/v2\/comments?post=9364"}],"wp:featuredmedia":[{"embeddable":true,"href":"https:\/\/www.oknobuild.com\/index.php\/wp-json\/wp\/v2\/media\/9464"}],"wp:attachment":[{"href":"https:\/\/www.oknobuild.com\/index.php\/wp-json\/wp\/v2\/media?parent=9364"}],"wp:term":[{"taxonomy":"product_brand","embeddable":true,"href":"https:\/\/www.oknobuild.com\/index.php\/wp-json\/wp\/v2\/product_brand?post=9364"},{"taxonomy":"product_cat","embeddable":true,"href":"https:\/\/www.oknobuild.com\/index.php\/wp-json\/wp\/v2\/product_cat?post=9364"},{"taxonomy":"product_tag","embeddable":true,"href":"https:\/\/www.oknobuild.com\/index.php\/wp-json\/wp\/v2\/product_tag?post=9364"}],"curies":[{"name":"wp","href":"https:\/\/api.w.org\/{rel}","templated":true}]}}