{"id":9375,"date":"2026-04-27T04:40:55","date_gmt":"2026-04-27T04:40:55","guid":{"rendered":""},"modified":"2026-04-27T04:40:55","modified_gmt":"2026-04-27T04:40:55","slug":"motip-spray-ochrana-klinovych-remenu-500ml-090102d-akcni-cena-9375","status":"publish","type":"product","link":"https:\/\/www.oknobuild.com\/index.php\/produkt\/motip-spray-ochrana-klinovych-remenu-500ml-090102d-akcni-cena-9375\/","title":{"rendered":"MOTIP SPRAY OCHRANA KL\u00cdNOV\u00ddCH \u0158EMEN\u016e 500ML 090102D Ak\u010dn\u00ed Cena"},"content":{"rendered":"<table>\n<div class=\"tab-pane active product-description\" id=\"popis\" role=\"tabpanel\">\n<div class=\"short-description\" itemprop=\"description\"><\/div>\n<div class=\"description\"><span class='bullet-line'>Vysoce kvalitn\u00ed sprej na \u00fadr\u017ebu a ochranu kl\u00ednov\u00e9ho \u0159emene. <br \/><\/span><span class='bullet-line'>Kl\u00ednov\u00e9 \u0159emeny jsou elastick\u00e9 a d\u00e9le vydr\u017e\u00ed.<br \/><\/span><span class='bullet-line'>Br\u00e1n\u00ed prokluzov\u00e1n\u00ed a p\u00edsk\u00e1n\u00ed. <br \/><\/span><span class='bullet-line'>Oddaluje opot\u0159ebov\u00e1n\u00ed \u0159emen\u016f a disk\u016f a zvy\u0161uje pohon. <br \/><\/span><span class='bullet-line'>Odoln\u00fd v\u016f\u010di pov\u011btrnostn\u00edm vliv\u016fm.<\/span><\/div>\n<\/table>\n","protected":false},"excerpt":{"rendered":"<p>Vysoce kvalitn\u00ed sprej na \u00fadr\u017ebu a ochranu kl\u00ednov\u00e9ho \u0159emene. Kl\u00ednov\u00e9 \u0159emeny jsou elastick\u00e9 a d\u00e9le vydr\u017e\u00ed.Br\u00e1n\u00ed prokluzov\u00e1n\u00ed a p\u00edsk\u00e1n\u00ed. Oddaluje opot\u0159ebov\u00e1n\u00ed \u0159emen\u016f a disk\u016f a zvy\u0161uje pohon. Odoln\u00fd v\u016f\u010di pov\u011btrnostn\u00edm vliv\u016fm.<\/p>\n","protected":false},"featured_media":9475,"comment_status":"open","ping_status":"open","template":"","meta":[],"product_brand":[],"product_cat":[50,52,51],"product_tag":[],"class_list":{"0":"post-9375","1":"product","2":"type-product","3":"status-publish","4":"has-post-thumbnail","6":"product_cat-barvy","7":"product_cat-chemie","8":"product_cat-laky","10":"first","11":"instock","12":"sale","13":"shipping-taxable","14":"purchasable","15":"product-type-simple"},"yoast_head":"<!-- This site is optimized with the Yoast SEO plugin v26.8 - https:\/\/yoast.com\/product\/yoast-seo-wordpress\/ -->\n<title>MOTIP SPRAY OCHRANA KL\u00cdNOV\u00ddCH \u0158EMEN\u016e 500ML 090102D Ak\u010dn\u00ed Cena -<\/title>\n<meta name=\"robots\" content=\"index, follow, max-snippet:-1, max-image-preview:large, max-video-preview:-1\" \/>\n<link rel=\"canonical\" href=\"https:\/\/www.oknobuild.com\/index.php\/produkt\/motip-spray-ochrana-klinovych-remenu-500ml-090102d-akcni-cena-9375\/\" \/>\n<meta property=\"og:locale\" content=\"cs_CZ\" \/>\n<meta property=\"og:type\" content=\"article\" \/>\n<meta property=\"og:title\" content=\"MOTIP SPRAY OCHRANA KL\u00cdNOV\u00ddCH \u0158EMEN\u016e 500ML 090102D Ak\u010dn\u00ed Cena -\" \/>\n<meta property=\"og:description\" content=\"Vysoce kvalitn\u00ed sprej na \u00fadr\u017ebu a ochranu kl\u00ednov\u00e9ho \u0159emene. Kl\u00ednov\u00e9 \u0159emeny jsou elastick\u00e9 a d\u00e9le vydr\u017e\u00ed.Br\u00e1n\u00ed prokluzov\u00e1n\u00ed a p\u00edsk\u00e1n\u00ed. Oddaluje opot\u0159ebov\u00e1n\u00ed \u0159emen\u016f a disk\u016f a zvy\u0161uje pohon. Odoln\u00fd v\u016f\u010di pov\u011btrnostn\u00edm vliv\u016fm.\" \/>\n<meta property=\"og:url\" content=\"https:\/\/www.oknobuild.com\/index.php\/produkt\/motip-spray-ochrana-klinovych-remenu-500ml-090102d-akcni-cena-9375\/\" \/>\n<meta property=\"og:image\" content=\"https:\/\/www.oknobuild.com\/wp-content\/uploads\/2026\/SK0019426-CZ20260425-092328-0-1777080210-webl1298.webp\" \/>\n\t<meta property=\"og:image:width\" content=\"238\" \/>\n\t<meta property=\"og:image:height\" content=\"238\" \/>\n\t<meta property=\"og:image:type\" content=\"image\/webp\" \/>\n<meta name=\"twitter:card\" content=\"summary_large_image\" \/>\n<script type=\"application\/ld+json\" class=\"yoast-schema-graph\">{\"@context\":\"https:\/\/schema.org\",\"@graph\":[{\"@type\":\"WebPage\",\"@id\":\"https:\/\/www.oknobuild.com\/index.php\/produkt\/motip-spray-ochrana-klinovych-remenu-500ml-090102d-akcni-cena-9375\/\",\"url\":\"https:\/\/www.oknobuild.com\/index.php\/produkt\/motip-spray-ochrana-klinovych-remenu-500ml-090102d-akcni-cena-9375\/\",\"name\":\"MOTIP SPRAY OCHRANA KL\u00cdNOV\u00ddCH \u0158EMEN\u016e 500ML 090102D Ak\u010dn\u00ed Cena -\",\"isPartOf\":{\"@id\":\"https:\/\/www.oknobuild.com\/#website\"},\"primaryImageOfPage\":{\"@id\":\"https:\/\/www.oknobuild.com\/index.php\/produkt\/motip-spray-ochrana-klinovych-remenu-500ml-090102d-akcni-cena-9375\/#primaryimage\"},\"image\":{\"@id\":\"https:\/\/www.oknobuild.com\/index.php\/produkt\/motip-spray-ochrana-klinovych-remenu-500ml-090102d-akcni-cena-9375\/#primaryimage\"},\"thumbnailUrl\":\"https:\/\/www.oknobuild.com\/wp-content\/uploads\/2026\/SK0019426-CZ20260425-092328-0-1777080210-webl1298.webp\",\"datePublished\":\"2026-04-27T04:40:55+00:00\",\"breadcrumb\":{\"@id\":\"https:\/\/www.oknobuild.com\/index.php\/produkt\/motip-spray-ochrana-klinovych-remenu-500ml-090102d-akcni-cena-9375\/#breadcrumb\"},\"inLanguage\":\"cs\",\"potentialAction\":[{\"@type\":\"ReadAction\",\"target\":[\"https:\/\/www.oknobuild.com\/index.php\/produkt\/motip-spray-ochrana-klinovych-remenu-500ml-090102d-akcni-cena-9375\/\"]}]},{\"@type\":\"ImageObject\",\"inLanguage\":\"cs\",\"@id\":\"https:\/\/www.oknobuild.com\/index.php\/produkt\/motip-spray-ochrana-klinovych-remenu-500ml-090102d-akcni-cena-9375\/#primaryimage\",\"url\":\"https:\/\/www.oknobuild.com\/wp-content\/uploads\/2026\/SK0019426-CZ20260425-092328-0-1777080210-webl1298.webp\",\"contentUrl\":\"https:\/\/www.oknobuild.com\/wp-content\/uploads\/2026\/SK0019426-CZ20260425-092328-0-1777080210-webl1298.webp\",\"width\":238,\"height\":238},{\"@type\":\"BreadcrumbList\",\"@id\":\"https:\/\/www.oknobuild.com\/index.php\/produkt\/motip-spray-ochrana-klinovych-remenu-500ml-090102d-akcni-cena-9375\/#breadcrumb\",\"itemListElement\":[{\"@type\":\"ListItem\",\"position\":1,\"name\":\"Home\",\"item\":\"https:\/\/www.oknobuild.com\/\"},{\"@type\":\"ListItem\",\"position\":2,\"name\":\"Products\",\"item\":\"https:\/\/www.oknobuild.com\/index.php\/products\/\"},{\"@type\":\"ListItem\",\"position\":3,\"name\":\"MOTIP SPRAY OCHRANA KL\u00cdNOV\u00ddCH \u0158EMEN\u016e 500ML 090102D Ak\u010dn\u00ed Cena\"}]},{\"@type\":\"WebSite\",\"@id\":\"https:\/\/www.oknobuild.com\/#website\",\"url\":\"https:\/\/www.oknobuild.com\/\",\"name\":\"\",\"description\":\"\",\"potentialAction\":[{\"@type\":\"SearchAction\",\"target\":{\"@type\":\"EntryPoint\",\"urlTemplate\":\"https:\/\/www.oknobuild.com\/?s={search_term_string}\"},\"query-input\":{\"@type\":\"PropertyValueSpecification\",\"valueRequired\":true,\"valueName\":\"search_term_string\"}}],\"inLanguage\":\"cs\"}]}<\/script>\n<!-- \/ Yoast SEO plugin. -->","yoast_head_json":{"title":"MOTIP SPRAY OCHRANA KL\u00cdNOV\u00ddCH \u0158EMEN\u016e 500ML 090102D Ak\u010dn\u00ed Cena -","robots":{"index":"index","follow":"follow","max-snippet":"max-snippet:-1","max-image-preview":"max-image-preview:large","max-video-preview":"max-video-preview:-1"},"canonical":"https:\/\/www.oknobuild.com\/index.php\/produkt\/motip-spray-ochrana-klinovych-remenu-500ml-090102d-akcni-cena-9375\/","og_locale":"cs_CZ","og_type":"article","og_title":"MOTIP SPRAY OCHRANA KL\u00cdNOV\u00ddCH \u0158EMEN\u016e 500ML 090102D Ak\u010dn\u00ed Cena -","og_description":"Vysoce kvalitn\u00ed sprej na \u00fadr\u017ebu a ochranu kl\u00ednov\u00e9ho \u0159emene. Kl\u00ednov\u00e9 \u0159emeny jsou elastick\u00e9 a d\u00e9le vydr\u017e\u00ed.Br\u00e1n\u00ed prokluzov\u00e1n\u00ed a p\u00edsk\u00e1n\u00ed. Oddaluje opot\u0159ebov\u00e1n\u00ed \u0159emen\u016f a disk\u016f a zvy\u0161uje pohon. Odoln\u00fd v\u016f\u010di pov\u011btrnostn\u00edm vliv\u016fm.","og_url":"https:\/\/www.oknobuild.com\/index.php\/produkt\/motip-spray-ochrana-klinovych-remenu-500ml-090102d-akcni-cena-9375\/","og_image":[{"width":238,"height":238,"url":"https:\/\/www.oknobuild.com\/wp-content\/uploads\/2026\/SK0019426-CZ20260425-092328-0-1777080210-webl1298.webp","type":"image\/webp"}],"twitter_card":"summary_large_image","schema":{"@context":"https:\/\/schema.org","@graph":[{"@type":"WebPage","@id":"https:\/\/www.oknobuild.com\/index.php\/produkt\/motip-spray-ochrana-klinovych-remenu-500ml-090102d-akcni-cena-9375\/","url":"https:\/\/www.oknobuild.com\/index.php\/produkt\/motip-spray-ochrana-klinovych-remenu-500ml-090102d-akcni-cena-9375\/","name":"MOTIP SPRAY OCHRANA KL\u00cdNOV\u00ddCH \u0158EMEN\u016e 500ML 090102D Ak\u010dn\u00ed Cena -","isPartOf":{"@id":"https:\/\/www.oknobuild.com\/#website"},"primaryImageOfPage":{"@id":"https:\/\/www.oknobuild.com\/index.php\/produkt\/motip-spray-ochrana-klinovych-remenu-500ml-090102d-akcni-cena-9375\/#primaryimage"},"image":{"@id":"https:\/\/www.oknobuild.com\/index.php\/produkt\/motip-spray-ochrana-klinovych-remenu-500ml-090102d-akcni-cena-9375\/#primaryimage"},"thumbnailUrl":"https:\/\/www.oknobuild.com\/wp-content\/uploads\/2026\/SK0019426-CZ20260425-092328-0-1777080210-webl1298.webp","datePublished":"2026-04-27T04:40:55+00:00","breadcrumb":{"@id":"https:\/\/www.oknobuild.com\/index.php\/produkt\/motip-spray-ochrana-klinovych-remenu-500ml-090102d-akcni-cena-9375\/#breadcrumb"},"inLanguage":"cs","potentialAction":[{"@type":"ReadAction","target":["https:\/\/www.oknobuild.com\/index.php\/produkt\/motip-spray-ochrana-klinovych-remenu-500ml-090102d-akcni-cena-9375\/"]}]},{"@type":"ImageObject","inLanguage":"cs","@id":"https:\/\/www.oknobuild.com\/index.php\/produkt\/motip-spray-ochrana-klinovych-remenu-500ml-090102d-akcni-cena-9375\/#primaryimage","url":"https:\/\/www.oknobuild.com\/wp-content\/uploads\/2026\/SK0019426-CZ20260425-092328-0-1777080210-webl1298.webp","contentUrl":"https:\/\/www.oknobuild.com\/wp-content\/uploads\/2026\/SK0019426-CZ20260425-092328-0-1777080210-webl1298.webp","width":238,"height":238},{"@type":"BreadcrumbList","@id":"https:\/\/www.oknobuild.com\/index.php\/produkt\/motip-spray-ochrana-klinovych-remenu-500ml-090102d-akcni-cena-9375\/#breadcrumb","itemListElement":[{"@type":"ListItem","position":1,"name":"Home","item":"https:\/\/www.oknobuild.com\/"},{"@type":"ListItem","position":2,"name":"Products","item":"https:\/\/www.oknobuild.com\/index.php\/products\/"},{"@type":"ListItem","position":3,"name":"MOTIP SPRAY OCHRANA KL\u00cdNOV\u00ddCH \u0158EMEN\u016e 500ML 090102D Ak\u010dn\u00ed Cena"}]},{"@type":"WebSite","@id":"https:\/\/www.oknobuild.com\/#website","url":"https:\/\/www.oknobuild.com\/","name":"","description":"","potentialAction":[{"@type":"SearchAction","target":{"@type":"EntryPoint","urlTemplate":"https:\/\/www.oknobuild.com\/?s={search_term_string}"},"query-input":{"@type":"PropertyValueSpecification","valueRequired":true,"valueName":"search_term_string"}}],"inLanguage":"cs"}]}},"_links":{"self":[{"href":"https:\/\/www.oknobuild.com\/index.php\/wp-json\/wp\/v2\/product\/9375","targetHints":{"allow":["GET"]}}],"collection":[{"href":"https:\/\/www.oknobuild.com\/index.php\/wp-json\/wp\/v2\/product"}],"about":[{"href":"https:\/\/www.oknobuild.com\/index.php\/wp-json\/wp\/v2\/types\/product"}],"replies":[{"embeddable":true,"href":"https:\/\/www.oknobuild.com\/index.php\/wp-json\/wp\/v2\/comments?post=9375"}],"wp:featuredmedia":[{"embeddable":true,"href":"https:\/\/www.oknobuild.com\/index.php\/wp-json\/wp\/v2\/media\/9475"}],"wp:attachment":[{"href":"https:\/\/www.oknobuild.com\/index.php\/wp-json\/wp\/v2\/media?parent=9375"}],"wp:term":[{"taxonomy":"product_brand","embeddable":true,"href":"https:\/\/www.oknobuild.com\/index.php\/wp-json\/wp\/v2\/product_brand?post=9375"},{"taxonomy":"product_cat","embeddable":true,"href":"https:\/\/www.oknobuild.com\/index.php\/wp-json\/wp\/v2\/product_cat?post=9375"},{"taxonomy":"product_tag","embeddable":true,"href":"https:\/\/www.oknobuild.com\/index.php\/wp-json\/wp\/v2\/product_tag?post=9375"}],"curies":[{"name":"wp","href":"https:\/\/api.w.org\/{rel}","templated":true}]}}