{"id":9501,"date":"2026-04-27T04:40:56","date_gmt":"2026-04-27T04:40:56","guid":{"rendered":""},"modified":"2026-04-27T04:40:56","modified_gmt":"2026-04-27T04:40:56","slug":"cenova-bomba-color-expert-98680217-kombineza-malirska-pp-xxl-9501","status":"publish","type":"product","link":"https:\/\/www.oknobuild.com\/index.php\/produkt\/cenova-bomba-color-expert-98680217-kombineza-malirska-pp-xxl-9501\/","title":{"rendered":"Cenov\u00e1 Bomba Color Expert 98680217 kombin\u00e9za mal\u00ed\u0159sk\u00e1 PP, XXL"},"content":{"rendered":"<table>\n<div class=\"tab-pane active product-description\" id=\"popis\" role=\"tabpanel\">\n<div class=\"short-description\" itemprop=\"description\"><\/div>\n<div class=\"description\">\n<p><span class=\"bullet-line\">Mal\u00ed\u0159sk\u00fd oblek s ochrannou kapuc\u00ed, stahovac\u00ed gumou na kotn\u00edc\u00edch, z\u00e1p\u011bst\u00ed a v pase.<\/span><br \/><span class=\"bullet-line\">Ochrann\u00e1 kombin\u00e9za p\u0159i malov\u00e1n\u00ed.<\/span><\/p>\n<\/div>\n<\/table>\n","protected":false},"excerpt":{"rendered":"<p>Mal\u00ed\u0159sk\u00fd oblek s ochrannou kapuc\u00ed, stahovac\u00ed gumou na kotn\u00edc\u00edch, z\u00e1p\u011bst\u00ed a v pase.Ochrann\u00e1 kombin\u00e9za p\u0159i malov\u00e1n\u00ed.<\/p>\n","protected":false},"featured_media":9601,"comment_status":"open","ping_status":"open","template":"","meta":[],"product_brand":[],"product_cat":[48],"product_tag":[],"class_list":{"0":"post-9501","1":"product","2":"type-product","3":"status-publish","4":"has-post-thumbnail","6":"product_cat-ochranne-pomucky","8":"first","9":"instock","10":"sale","11":"shipping-taxable","12":"purchasable","13":"product-type-simple"},"yoast_head":"<!-- This site is optimized with the Yoast SEO plugin v26.8 - https:\/\/yoast.com\/product\/yoast-seo-wordpress\/ -->\n<title>Cenov\u00e1 Bomba Color Expert 98680217 kombin\u00e9za mal\u00ed\u0159sk\u00e1 PP, XXL -<\/title>\n<meta name=\"robots\" content=\"index, follow, max-snippet:-1, max-image-preview:large, max-video-preview:-1\" \/>\n<link rel=\"canonical\" href=\"https:\/\/www.oknobuild.com\/index.php\/produkt\/cenova-bomba-color-expert-98680217-kombineza-malirska-pp-xxl-9501\/\" \/>\n<meta property=\"og:locale\" content=\"cs_CZ\" \/>\n<meta property=\"og:type\" content=\"article\" \/>\n<meta property=\"og:title\" content=\"Cenov\u00e1 Bomba Color Expert 98680217 kombin\u00e9za mal\u00ed\u0159sk\u00e1 PP, XXL -\" \/>\n<meta property=\"og:description\" content=\"Mal\u00ed\u0159sk\u00fd oblek s ochrannou kapuc\u00ed, stahovac\u00ed gumou na kotn\u00edc\u00edch, z\u00e1p\u011bst\u00ed a v pase.Ochrann\u00e1 kombin\u00e9za p\u0159i malov\u00e1n\u00ed.\" \/>\n<meta property=\"og:url\" content=\"https:\/\/www.oknobuild.com\/index.php\/produkt\/cenova-bomba-color-expert-98680217-kombineza-malirska-pp-xxl-9501\/\" \/>\n<meta property=\"og:image\" content=\"https:\/\/www.oknobuild.com\/wp-content\/uploads\/2026\/SK0019452-CZ20260425-092328-0-1777080210-88ed595aea00bbcb0c993830d233d197.webp\" \/>\n\t<meta property=\"og:image:width\" content=\"500\" \/>\n\t<meta property=\"og:image:height\" content=\"500\" \/>\n\t<meta property=\"og:image:type\" content=\"image\/webp\" \/>\n<meta name=\"twitter:card\" content=\"summary_large_image\" \/>\n<script type=\"application\/ld+json\" class=\"yoast-schema-graph\">{\"@context\":\"https:\/\/schema.org\",\"@graph\":[{\"@type\":\"WebPage\",\"@id\":\"https:\/\/www.oknobuild.com\/index.php\/produkt\/cenova-bomba-color-expert-98680217-kombineza-malirska-pp-xxl-9501\/\",\"url\":\"https:\/\/www.oknobuild.com\/index.php\/produkt\/cenova-bomba-color-expert-98680217-kombineza-malirska-pp-xxl-9501\/\",\"name\":\"Cenov\u00e1 Bomba Color Expert 98680217 kombin\u00e9za mal\u00ed\u0159sk\u00e1 PP, XXL -\",\"isPartOf\":{\"@id\":\"https:\/\/www.oknobuild.com\/#website\"},\"primaryImageOfPage\":{\"@id\":\"https:\/\/www.oknobuild.com\/index.php\/produkt\/cenova-bomba-color-expert-98680217-kombineza-malirska-pp-xxl-9501\/#primaryimage\"},\"image\":{\"@id\":\"https:\/\/www.oknobuild.com\/index.php\/produkt\/cenova-bomba-color-expert-98680217-kombineza-malirska-pp-xxl-9501\/#primaryimage\"},\"thumbnailUrl\":\"https:\/\/www.oknobuild.com\/wp-content\/uploads\/2026\/SK0019452-CZ20260425-092328-0-1777080210-88ed595aea00bbcb0c993830d233d197.webp\",\"datePublished\":\"2026-04-27T04:40:56+00:00\",\"breadcrumb\":{\"@id\":\"https:\/\/www.oknobuild.com\/index.php\/produkt\/cenova-bomba-color-expert-98680217-kombineza-malirska-pp-xxl-9501\/#breadcrumb\"},\"inLanguage\":\"cs\",\"potentialAction\":[{\"@type\":\"ReadAction\",\"target\":[\"https:\/\/www.oknobuild.com\/index.php\/produkt\/cenova-bomba-color-expert-98680217-kombineza-malirska-pp-xxl-9501\/\"]}]},{\"@type\":\"ImageObject\",\"inLanguage\":\"cs\",\"@id\":\"https:\/\/www.oknobuild.com\/index.php\/produkt\/cenova-bomba-color-expert-98680217-kombineza-malirska-pp-xxl-9501\/#primaryimage\",\"url\":\"https:\/\/www.oknobuild.com\/wp-content\/uploads\/2026\/SK0019452-CZ20260425-092328-0-1777080210-88ed595aea00bbcb0c993830d233d197.webp\",\"contentUrl\":\"https:\/\/www.oknobuild.com\/wp-content\/uploads\/2026\/SK0019452-CZ20260425-092328-0-1777080210-88ed595aea00bbcb0c993830d233d197.webp\",\"width\":500,\"height\":500},{\"@type\":\"BreadcrumbList\",\"@id\":\"https:\/\/www.oknobuild.com\/index.php\/produkt\/cenova-bomba-color-expert-98680217-kombineza-malirska-pp-xxl-9501\/#breadcrumb\",\"itemListElement\":[{\"@type\":\"ListItem\",\"position\":1,\"name\":\"Home\",\"item\":\"https:\/\/www.oknobuild.com\/\"},{\"@type\":\"ListItem\",\"position\":2,\"name\":\"Products\",\"item\":\"https:\/\/www.oknobuild.com\/index.php\/products\/\"},{\"@type\":\"ListItem\",\"position\":3,\"name\":\"Cenov\u00e1 Bomba Color Expert 98680217 kombin\u00e9za mal\u00ed\u0159sk\u00e1 PP, XXL\"}]},{\"@type\":\"WebSite\",\"@id\":\"https:\/\/www.oknobuild.com\/#website\",\"url\":\"https:\/\/www.oknobuild.com\/\",\"name\":\"\",\"description\":\"\",\"potentialAction\":[{\"@type\":\"SearchAction\",\"target\":{\"@type\":\"EntryPoint\",\"urlTemplate\":\"https:\/\/www.oknobuild.com\/?s={search_term_string}\"},\"query-input\":{\"@type\":\"PropertyValueSpecification\",\"valueRequired\":true,\"valueName\":\"search_term_string\"}}],\"inLanguage\":\"cs\"}]}<\/script>\n<!-- \/ Yoast SEO plugin. -->","yoast_head_json":{"title":"Cenov\u00e1 Bomba Color Expert 98680217 kombin\u00e9za mal\u00ed\u0159sk\u00e1 PP, XXL -","robots":{"index":"index","follow":"follow","max-snippet":"max-snippet:-1","max-image-preview":"max-image-preview:large","max-video-preview":"max-video-preview:-1"},"canonical":"https:\/\/www.oknobuild.com\/index.php\/produkt\/cenova-bomba-color-expert-98680217-kombineza-malirska-pp-xxl-9501\/","og_locale":"cs_CZ","og_type":"article","og_title":"Cenov\u00e1 Bomba Color Expert 98680217 kombin\u00e9za mal\u00ed\u0159sk\u00e1 PP, XXL -","og_description":"Mal\u00ed\u0159sk\u00fd oblek s ochrannou kapuc\u00ed, stahovac\u00ed gumou na kotn\u00edc\u00edch, z\u00e1p\u011bst\u00ed a v pase.Ochrann\u00e1 kombin\u00e9za p\u0159i malov\u00e1n\u00ed.","og_url":"https:\/\/www.oknobuild.com\/index.php\/produkt\/cenova-bomba-color-expert-98680217-kombineza-malirska-pp-xxl-9501\/","og_image":[{"width":500,"height":500,"url":"https:\/\/www.oknobuild.com\/wp-content\/uploads\/2026\/SK0019452-CZ20260425-092328-0-1777080210-88ed595aea00bbcb0c993830d233d197.webp","type":"image\/webp"}],"twitter_card":"summary_large_image","schema":{"@context":"https:\/\/schema.org","@graph":[{"@type":"WebPage","@id":"https:\/\/www.oknobuild.com\/index.php\/produkt\/cenova-bomba-color-expert-98680217-kombineza-malirska-pp-xxl-9501\/","url":"https:\/\/www.oknobuild.com\/index.php\/produkt\/cenova-bomba-color-expert-98680217-kombineza-malirska-pp-xxl-9501\/","name":"Cenov\u00e1 Bomba Color Expert 98680217 kombin\u00e9za mal\u00ed\u0159sk\u00e1 PP, XXL -","isPartOf":{"@id":"https:\/\/www.oknobuild.com\/#website"},"primaryImageOfPage":{"@id":"https:\/\/www.oknobuild.com\/index.php\/produkt\/cenova-bomba-color-expert-98680217-kombineza-malirska-pp-xxl-9501\/#primaryimage"},"image":{"@id":"https:\/\/www.oknobuild.com\/index.php\/produkt\/cenova-bomba-color-expert-98680217-kombineza-malirska-pp-xxl-9501\/#primaryimage"},"thumbnailUrl":"https:\/\/www.oknobuild.com\/wp-content\/uploads\/2026\/SK0019452-CZ20260425-092328-0-1777080210-88ed595aea00bbcb0c993830d233d197.webp","datePublished":"2026-04-27T04:40:56+00:00","breadcrumb":{"@id":"https:\/\/www.oknobuild.com\/index.php\/produkt\/cenova-bomba-color-expert-98680217-kombineza-malirska-pp-xxl-9501\/#breadcrumb"},"inLanguage":"cs","potentialAction":[{"@type":"ReadAction","target":["https:\/\/www.oknobuild.com\/index.php\/produkt\/cenova-bomba-color-expert-98680217-kombineza-malirska-pp-xxl-9501\/"]}]},{"@type":"ImageObject","inLanguage":"cs","@id":"https:\/\/www.oknobuild.com\/index.php\/produkt\/cenova-bomba-color-expert-98680217-kombineza-malirska-pp-xxl-9501\/#primaryimage","url":"https:\/\/www.oknobuild.com\/wp-content\/uploads\/2026\/SK0019452-CZ20260425-092328-0-1777080210-88ed595aea00bbcb0c993830d233d197.webp","contentUrl":"https:\/\/www.oknobuild.com\/wp-content\/uploads\/2026\/SK0019452-CZ20260425-092328-0-1777080210-88ed595aea00bbcb0c993830d233d197.webp","width":500,"height":500},{"@type":"BreadcrumbList","@id":"https:\/\/www.oknobuild.com\/index.php\/produkt\/cenova-bomba-color-expert-98680217-kombineza-malirska-pp-xxl-9501\/#breadcrumb","itemListElement":[{"@type":"ListItem","position":1,"name":"Home","item":"https:\/\/www.oknobuild.com\/"},{"@type":"ListItem","position":2,"name":"Products","item":"https:\/\/www.oknobuild.com\/index.php\/products\/"},{"@type":"ListItem","position":3,"name":"Cenov\u00e1 Bomba Color Expert 98680217 kombin\u00e9za mal\u00ed\u0159sk\u00e1 PP, XXL"}]},{"@type":"WebSite","@id":"https:\/\/www.oknobuild.com\/#website","url":"https:\/\/www.oknobuild.com\/","name":"","description":"","potentialAction":[{"@type":"SearchAction","target":{"@type":"EntryPoint","urlTemplate":"https:\/\/www.oknobuild.com\/?s={search_term_string}"},"query-input":{"@type":"PropertyValueSpecification","valueRequired":true,"valueName":"search_term_string"}}],"inLanguage":"cs"}]}},"_links":{"self":[{"href":"https:\/\/www.oknobuild.com\/index.php\/wp-json\/wp\/v2\/product\/9501","targetHints":{"allow":["GET"]}}],"collection":[{"href":"https:\/\/www.oknobuild.com\/index.php\/wp-json\/wp\/v2\/product"}],"about":[{"href":"https:\/\/www.oknobuild.com\/index.php\/wp-json\/wp\/v2\/types\/product"}],"replies":[{"embeddable":true,"href":"https:\/\/www.oknobuild.com\/index.php\/wp-json\/wp\/v2\/comments?post=9501"}],"wp:featuredmedia":[{"embeddable":true,"href":"https:\/\/www.oknobuild.com\/index.php\/wp-json\/wp\/v2\/media\/9601"}],"wp:attachment":[{"href":"https:\/\/www.oknobuild.com\/index.php\/wp-json\/wp\/v2\/media?parent=9501"}],"wp:term":[{"taxonomy":"product_brand","embeddable":true,"href":"https:\/\/www.oknobuild.com\/index.php\/wp-json\/wp\/v2\/product_brand?post=9501"},{"taxonomy":"product_cat","embeddable":true,"href":"https:\/\/www.oknobuild.com\/index.php\/wp-json\/wp\/v2\/product_cat?post=9501"},{"taxonomy":"product_tag","embeddable":true,"href":"https:\/\/www.oknobuild.com\/index.php\/wp-json\/wp\/v2\/product_tag?post=9501"}],"curies":[{"name":"wp","href":"https:\/\/api.w.org\/{rel}","templated":true}]}}