{"id":9507,"date":"2026-04-27T04:40:56","date_gmt":"2026-04-27T04:40:56","guid":{"rendered":""},"modified":"2026-04-27T04:40:56","modified_gmt":"2026-04-27T04:40:56","slug":"rychle-dodani-color-expert-84551820-valec-mikrovlakno-o-47-mm-delka-18-cm-9507","status":"publish","type":"product","link":"https:\/\/www.oknobuild.com\/index.php\/produkt\/rychle-dodani-color-expert-84551820-valec-mikrovlakno-o-47-mm-delka-18-cm-9507\/","title":{"rendered":"Rychl\u00e9 Dod\u00e1n\u00ed Color Expert 84551820 v\u00e1lec mikrovl\u00e1kno \u00d8 47 mm, d\u00e9lka 18 cm"},"content":{"rendered":"<table>\n<div class=\"tab-pane active product-description\" id=\"popis\" role=\"tabpanel\">\n<div class=\"short-description\" itemprop=\"description\"><\/div>\n<div class=\"description\"><span class='bullet-line'>V\u00e1lec pro lazurov\u00e9 barvy a impregnace na d\u0159evo, vhodn\u00fd tak\u00e9 pro disperze.<br \/><\/span><span class='bullet-line'>materi\u00e1l: polyamid<br \/><\/span><span class='bullet-line'>d\u00e9lka: 18 cm<br \/><\/span><span class='bullet-line'>pr\u016fm\u011br: 47 mm<br \/><\/span><span class='bullet-line'>na 8 mm dr\u017e\u00e1k<\/span><\/div>\n<\/table>\n","protected":false},"excerpt":{"rendered":"<p>V\u00e1lec pro lazurov\u00e9 barvy a impregnace na d\u0159evo, vhodn\u00fd tak\u00e9 pro disperze.materi\u00e1l: polyamidd\u00e9lka: 18 cmpr\u016fm\u011br: 47 mmna 8 mm dr\u017e\u00e1k<\/p>\n","protected":false},"featured_media":9607,"comment_status":"open","ping_status":"open","template":"","meta":[],"product_brand":[],"product_cat":[50,52,51],"product_tag":[],"class_list":{"0":"post-9507","1":"product","2":"type-product","3":"status-publish","4":"has-post-thumbnail","6":"product_cat-barvy","7":"product_cat-chemie","8":"product_cat-laky","10":"first","11":"instock","12":"sale","13":"shipping-taxable","14":"purchasable","15":"product-type-simple"},"yoast_head":"<!-- This site is optimized with the Yoast SEO plugin v26.8 - https:\/\/yoast.com\/product\/yoast-seo-wordpress\/ -->\n<title>Rychl\u00e9 Dod\u00e1n\u00ed Color Expert 84551820 v\u00e1lec mikrovl\u00e1kno \u00d8 47 mm, d\u00e9lka 18 cm -<\/title>\n<meta name=\"robots\" content=\"index, follow, max-snippet:-1, max-image-preview:large, max-video-preview:-1\" \/>\n<link rel=\"canonical\" href=\"https:\/\/www.oknobuild.com\/index.php\/produkt\/rychle-dodani-color-expert-84551820-valec-mikrovlakno-o-47-mm-delka-18-cm-9507\/\" \/>\n<meta property=\"og:locale\" content=\"cs_CZ\" \/>\n<meta property=\"og:type\" content=\"article\" \/>\n<meta property=\"og:title\" content=\"Rychl\u00e9 Dod\u00e1n\u00ed Color Expert 84551820 v\u00e1lec mikrovl\u00e1kno \u00d8 47 mm, d\u00e9lka 18 cm -\" \/>\n<meta property=\"og:description\" content=\"V\u00e1lec pro lazurov\u00e9 barvy a impregnace na d\u0159evo, vhodn\u00fd tak\u00e9 pro disperze.materi\u00e1l: polyamidd\u00e9lka: 18 cmpr\u016fm\u011br: 47 mmna 8 mm dr\u017e\u00e1k\" \/>\n<meta property=\"og:url\" content=\"https:\/\/www.oknobuild.com\/index.php\/produkt\/rychle-dodani-color-expert-84551820-valec-mikrovlakno-o-47-mm-delka-18-cm-9507\/\" \/>\n<meta property=\"og:image\" content=\"https:\/\/www.oknobuild.com\/wp-content\/uploads\/2026\/SK0019458-CZ20260425-092328-0-1777080210-8455xxxx-1.webp\" \/>\n\t<meta property=\"og:image:width\" content=\"700\" \/>\n\t<meta property=\"og:image:height\" content=\"229\" \/>\n\t<meta property=\"og:image:type\" content=\"image\/webp\" \/>\n<meta name=\"twitter:card\" content=\"summary_large_image\" \/>\n<script type=\"application\/ld+json\" class=\"yoast-schema-graph\">{\"@context\":\"https:\/\/schema.org\",\"@graph\":[{\"@type\":\"WebPage\",\"@id\":\"https:\/\/www.oknobuild.com\/index.php\/produkt\/rychle-dodani-color-expert-84551820-valec-mikrovlakno-o-47-mm-delka-18-cm-9507\/\",\"url\":\"https:\/\/www.oknobuild.com\/index.php\/produkt\/rychle-dodani-color-expert-84551820-valec-mikrovlakno-o-47-mm-delka-18-cm-9507\/\",\"name\":\"Rychl\u00e9 Dod\u00e1n\u00ed Color Expert 84551820 v\u00e1lec mikrovl\u00e1kno \u00d8 47 mm, d\u00e9lka 18 cm -\",\"isPartOf\":{\"@id\":\"https:\/\/www.oknobuild.com\/#website\"},\"primaryImageOfPage\":{\"@id\":\"https:\/\/www.oknobuild.com\/index.php\/produkt\/rychle-dodani-color-expert-84551820-valec-mikrovlakno-o-47-mm-delka-18-cm-9507\/#primaryimage\"},\"image\":{\"@id\":\"https:\/\/www.oknobuild.com\/index.php\/produkt\/rychle-dodani-color-expert-84551820-valec-mikrovlakno-o-47-mm-delka-18-cm-9507\/#primaryimage\"},\"thumbnailUrl\":\"https:\/\/www.oknobuild.com\/wp-content\/uploads\/2026\/SK0019458-CZ20260425-092328-0-1777080210-8455xxxx-1.webp\",\"datePublished\":\"2026-04-27T04:40:56+00:00\",\"breadcrumb\":{\"@id\":\"https:\/\/www.oknobuild.com\/index.php\/produkt\/rychle-dodani-color-expert-84551820-valec-mikrovlakno-o-47-mm-delka-18-cm-9507\/#breadcrumb\"},\"inLanguage\":\"cs\",\"potentialAction\":[{\"@type\":\"ReadAction\",\"target\":[\"https:\/\/www.oknobuild.com\/index.php\/produkt\/rychle-dodani-color-expert-84551820-valec-mikrovlakno-o-47-mm-delka-18-cm-9507\/\"]}]},{\"@type\":\"ImageObject\",\"inLanguage\":\"cs\",\"@id\":\"https:\/\/www.oknobuild.com\/index.php\/produkt\/rychle-dodani-color-expert-84551820-valec-mikrovlakno-o-47-mm-delka-18-cm-9507\/#primaryimage\",\"url\":\"https:\/\/www.oknobuild.com\/wp-content\/uploads\/2026\/SK0019458-CZ20260425-092328-0-1777080210-8455xxxx-1.webp\",\"contentUrl\":\"https:\/\/www.oknobuild.com\/wp-content\/uploads\/2026\/SK0019458-CZ20260425-092328-0-1777080210-8455xxxx-1.webp\",\"width\":700,\"height\":229},{\"@type\":\"BreadcrumbList\",\"@id\":\"https:\/\/www.oknobuild.com\/index.php\/produkt\/rychle-dodani-color-expert-84551820-valec-mikrovlakno-o-47-mm-delka-18-cm-9507\/#breadcrumb\",\"itemListElement\":[{\"@type\":\"ListItem\",\"position\":1,\"name\":\"Home\",\"item\":\"https:\/\/www.oknobuild.com\/\"},{\"@type\":\"ListItem\",\"position\":2,\"name\":\"Products\",\"item\":\"https:\/\/www.oknobuild.com\/index.php\/products\/\"},{\"@type\":\"ListItem\",\"position\":3,\"name\":\"Rychl\u00e9 Dod\u00e1n\u00ed Color Expert 84551820 v\u00e1lec mikrovl\u00e1kno \u00d8 47 mm, d\u00e9lka 18 cm\"}]},{\"@type\":\"WebSite\",\"@id\":\"https:\/\/www.oknobuild.com\/#website\",\"url\":\"https:\/\/www.oknobuild.com\/\",\"name\":\"\",\"description\":\"\",\"potentialAction\":[{\"@type\":\"SearchAction\",\"target\":{\"@type\":\"EntryPoint\",\"urlTemplate\":\"https:\/\/www.oknobuild.com\/?s={search_term_string}\"},\"query-input\":{\"@type\":\"PropertyValueSpecification\",\"valueRequired\":true,\"valueName\":\"search_term_string\"}}],\"inLanguage\":\"cs\"}]}<\/script>\n<!-- \/ Yoast SEO plugin. -->","yoast_head_json":{"title":"Rychl\u00e9 Dod\u00e1n\u00ed Color Expert 84551820 v\u00e1lec mikrovl\u00e1kno \u00d8 47 mm, d\u00e9lka 18 cm -","robots":{"index":"index","follow":"follow","max-snippet":"max-snippet:-1","max-image-preview":"max-image-preview:large","max-video-preview":"max-video-preview:-1"},"canonical":"https:\/\/www.oknobuild.com\/index.php\/produkt\/rychle-dodani-color-expert-84551820-valec-mikrovlakno-o-47-mm-delka-18-cm-9507\/","og_locale":"cs_CZ","og_type":"article","og_title":"Rychl\u00e9 Dod\u00e1n\u00ed Color Expert 84551820 v\u00e1lec mikrovl\u00e1kno \u00d8 47 mm, d\u00e9lka 18 cm -","og_description":"V\u00e1lec pro lazurov\u00e9 barvy a impregnace na d\u0159evo, vhodn\u00fd tak\u00e9 pro disperze.materi\u00e1l: polyamidd\u00e9lka: 18 cmpr\u016fm\u011br: 47 mmna 8 mm dr\u017e\u00e1k","og_url":"https:\/\/www.oknobuild.com\/index.php\/produkt\/rychle-dodani-color-expert-84551820-valec-mikrovlakno-o-47-mm-delka-18-cm-9507\/","og_image":[{"width":700,"height":229,"url":"https:\/\/www.oknobuild.com\/wp-content\/uploads\/2026\/SK0019458-CZ20260425-092328-0-1777080210-8455xxxx-1.webp","type":"image\/webp"}],"twitter_card":"summary_large_image","schema":{"@context":"https:\/\/schema.org","@graph":[{"@type":"WebPage","@id":"https:\/\/www.oknobuild.com\/index.php\/produkt\/rychle-dodani-color-expert-84551820-valec-mikrovlakno-o-47-mm-delka-18-cm-9507\/","url":"https:\/\/www.oknobuild.com\/index.php\/produkt\/rychle-dodani-color-expert-84551820-valec-mikrovlakno-o-47-mm-delka-18-cm-9507\/","name":"Rychl\u00e9 Dod\u00e1n\u00ed Color Expert 84551820 v\u00e1lec mikrovl\u00e1kno \u00d8 47 mm, d\u00e9lka 18 cm -","isPartOf":{"@id":"https:\/\/www.oknobuild.com\/#website"},"primaryImageOfPage":{"@id":"https:\/\/www.oknobuild.com\/index.php\/produkt\/rychle-dodani-color-expert-84551820-valec-mikrovlakno-o-47-mm-delka-18-cm-9507\/#primaryimage"},"image":{"@id":"https:\/\/www.oknobuild.com\/index.php\/produkt\/rychle-dodani-color-expert-84551820-valec-mikrovlakno-o-47-mm-delka-18-cm-9507\/#primaryimage"},"thumbnailUrl":"https:\/\/www.oknobuild.com\/wp-content\/uploads\/2026\/SK0019458-CZ20260425-092328-0-1777080210-8455xxxx-1.webp","datePublished":"2026-04-27T04:40:56+00:00","breadcrumb":{"@id":"https:\/\/www.oknobuild.com\/index.php\/produkt\/rychle-dodani-color-expert-84551820-valec-mikrovlakno-o-47-mm-delka-18-cm-9507\/#breadcrumb"},"inLanguage":"cs","potentialAction":[{"@type":"ReadAction","target":["https:\/\/www.oknobuild.com\/index.php\/produkt\/rychle-dodani-color-expert-84551820-valec-mikrovlakno-o-47-mm-delka-18-cm-9507\/"]}]},{"@type":"ImageObject","inLanguage":"cs","@id":"https:\/\/www.oknobuild.com\/index.php\/produkt\/rychle-dodani-color-expert-84551820-valec-mikrovlakno-o-47-mm-delka-18-cm-9507\/#primaryimage","url":"https:\/\/www.oknobuild.com\/wp-content\/uploads\/2026\/SK0019458-CZ20260425-092328-0-1777080210-8455xxxx-1.webp","contentUrl":"https:\/\/www.oknobuild.com\/wp-content\/uploads\/2026\/SK0019458-CZ20260425-092328-0-1777080210-8455xxxx-1.webp","width":700,"height":229},{"@type":"BreadcrumbList","@id":"https:\/\/www.oknobuild.com\/index.php\/produkt\/rychle-dodani-color-expert-84551820-valec-mikrovlakno-o-47-mm-delka-18-cm-9507\/#breadcrumb","itemListElement":[{"@type":"ListItem","position":1,"name":"Home","item":"https:\/\/www.oknobuild.com\/"},{"@type":"ListItem","position":2,"name":"Products","item":"https:\/\/www.oknobuild.com\/index.php\/products\/"},{"@type":"ListItem","position":3,"name":"Rychl\u00e9 Dod\u00e1n\u00ed Color Expert 84551820 v\u00e1lec mikrovl\u00e1kno \u00d8 47 mm, d\u00e9lka 18 cm"}]},{"@type":"WebSite","@id":"https:\/\/www.oknobuild.com\/#website","url":"https:\/\/www.oknobuild.com\/","name":"","description":"","potentialAction":[{"@type":"SearchAction","target":{"@type":"EntryPoint","urlTemplate":"https:\/\/www.oknobuild.com\/?s={search_term_string}"},"query-input":{"@type":"PropertyValueSpecification","valueRequired":true,"valueName":"search_term_string"}}],"inLanguage":"cs"}]}},"_links":{"self":[{"href":"https:\/\/www.oknobuild.com\/index.php\/wp-json\/wp\/v2\/product\/9507","targetHints":{"allow":["GET"]}}],"collection":[{"href":"https:\/\/www.oknobuild.com\/index.php\/wp-json\/wp\/v2\/product"}],"about":[{"href":"https:\/\/www.oknobuild.com\/index.php\/wp-json\/wp\/v2\/types\/product"}],"replies":[{"embeddable":true,"href":"https:\/\/www.oknobuild.com\/index.php\/wp-json\/wp\/v2\/comments?post=9507"}],"wp:featuredmedia":[{"embeddable":true,"href":"https:\/\/www.oknobuild.com\/index.php\/wp-json\/wp\/v2\/media\/9607"}],"wp:attachment":[{"href":"https:\/\/www.oknobuild.com\/index.php\/wp-json\/wp\/v2\/media?parent=9507"}],"wp:term":[{"taxonomy":"product_brand","embeddable":true,"href":"https:\/\/www.oknobuild.com\/index.php\/wp-json\/wp\/v2\/product_brand?post=9507"},{"taxonomy":"product_cat","embeddable":true,"href":"https:\/\/www.oknobuild.com\/index.php\/wp-json\/wp\/v2\/product_cat?post=9507"},{"taxonomy":"product_tag","embeddable":true,"href":"https:\/\/www.oknobuild.com\/index.php\/wp-json\/wp\/v2\/product_tag?post=9507"}],"curies":[{"name":"wp","href":"https:\/\/api.w.org\/{rel}","templated":true}]}}