{"id":9508,"date":"2026-04-27T04:40:56","date_gmt":"2026-04-27T04:40:56","guid":{"rendered":""},"modified":"2026-04-27T04:40:56","modified_gmt":"2026-04-27T04:40:56","slug":"anza-maxi-titex-18cm-1054323-znackovy-9508","status":"publish","type":"product","link":"https:\/\/www.oknobuild.com\/index.php\/produkt\/anza-maxi-titex-18cm-1054323-znackovy-9508\/","title":{"rendered":"ANZA MAXI TITEX 18CM-1054323 Zna\u010dkov\u00fd"},"content":{"rendered":"<table>\n<div class=\"tab-pane active product-description\" id=\"popis\" role=\"tabpanel\">\n<div class=\"short-description\" itemprop=\"description\"><\/div>\n<div class=\"description\"><span class='bullet-line'>ANZA titex podlahov\u00fd v\u00e1lec pro ploch\u00e9 povrchy. <br \/><\/span><span class='bullet-line'>Poskytuje hladkou strukturu a m\u00e1 vysokou absorpci barvy. <br \/><\/span><span class='bullet-line'>Vhodn\u00fd pro laky, betonov\u00e9 barvy a dvouslo\u017ekov\u00e9 barvy na v\u011bt\u0161\u00edch povr\u0161\u00edch.<\/span><\/div>\n<div class=\"parameters\">\n<tr>\n<td>V\u00fd\u0161ka<\/td>\n<td>254 milimetr\u016f<\/td>\n<\/tr>\n<tr>\n<td>\u0160\u00ed\u0159ka<\/td>\n<td>84 milimetr\u016f<\/td>\n<\/tr>\n<tr>\n<td>Hloubka<\/td>\n<td>69 milimetr\u016f<\/td>\n<\/tr>\n<tr>\n<td>Hrub\u00e1 hmotnost<\/td>\n<td>98 gram\u016f<\/td>\n<\/tr>\n<tr>\n<td>Hrub\u00e1 hmotnost &#8211; m\u011brn\u00e1 jednotka<\/td>\n<td>GR<\/td>\n<\/tr><\/div>\n<\/table>\n","protected":false},"excerpt":{"rendered":"<p>ANZA titex podlahov\u00fd v\u00e1lec pro ploch\u00e9 povrchy. Poskytuje hladkou strukturu a m\u00e1 vysokou absorpci barvy. Vhodn\u00fd pro laky, betonov\u00e9 barvy a dvouslo\u017ekov\u00e9 barvy na v\u011bt\u0161\u00edch povr\u0161\u00edch. V\u00fd\u0161ka 254 milimetr\u016f \u0160\u00ed\u0159ka 84 milimetr\u016f Hloubka 69 milimetr\u016f Hrub\u00e1 hmotnost 98 gram\u016f Hrub\u00e1 hmotnost &#8211; m\u011brn\u00e1 jednotka GR<\/p>\n","protected":false},"featured_media":9608,"comment_status":"open","ping_status":"open","template":"","meta":[],"product_brand":[],"product_cat":[50,52,51],"product_tag":[],"class_list":{"0":"post-9508","1":"product","2":"type-product","3":"status-publish","4":"has-post-thumbnail","6":"product_cat-barvy","7":"product_cat-chemie","8":"product_cat-laky","10":"first","11":"instock","12":"sale","13":"shipping-taxable","14":"purchasable","15":"product-type-simple"},"yoast_head":"<!-- This site is optimized with the Yoast SEO plugin v26.8 - https:\/\/yoast.com\/product\/yoast-seo-wordpress\/ -->\n<title>ANZA MAXI TITEX 18CM-1054323 Zna\u010dkov\u00fd -<\/title>\n<meta name=\"robots\" content=\"index, follow, max-snippet:-1, max-image-preview:large, max-video-preview:-1\" \/>\n<link rel=\"canonical\" href=\"https:\/\/www.oknobuild.com\/index.php\/produkt\/anza-maxi-titex-18cm-1054323-znackovy-9508\/\" \/>\n<meta property=\"og:locale\" content=\"cs_CZ\" \/>\n<meta property=\"og:type\" content=\"article\" \/>\n<meta property=\"og:title\" content=\"ANZA MAXI TITEX 18CM-1054323 Zna\u010dkov\u00fd -\" \/>\n<meta property=\"og:description\" content=\"ANZA titex podlahov\u00fd v\u00e1lec pro ploch\u00e9 povrchy. Poskytuje hladkou strukturu a m\u00e1 vysokou absorpci barvy. Vhodn\u00fd pro laky, betonov\u00e9 barvy a dvouslo\u017ekov\u00e9 barvy na v\u011bt\u0161\u00edch povr\u0161\u00edch. V\u00fd\u0161ka 254 milimetr\u016f \u0160\u00ed\u0159ka 84 milimetr\u016f Hloubka 69 milimetr\u016f Hrub\u00e1 hmotnost 98 gram\u016f Hrub\u00e1 hmotnost &#8211; m\u011brn\u00e1 jednotka GR\" \/>\n<meta property=\"og:url\" content=\"https:\/\/www.oknobuild.com\/index.php\/produkt\/anza-maxi-titex-18cm-1054323-znackovy-9508\/\" \/>\n<meta property=\"og:image\" content=\"https:\/\/www.oknobuild.com\/wp-content\/uploads\/2026\/SK0019459-CZ20260425-092328-0-1777080210-conimg_1054323_1-jpg_20190820083317.webp\" \/>\n\t<meta property=\"og:image:width\" content=\"622\" \/>\n\t<meta property=\"og:image:height\" content=\"500\" \/>\n\t<meta property=\"og:image:type\" content=\"image\/webp\" \/>\n<meta name=\"twitter:card\" content=\"summary_large_image\" \/>\n<script type=\"application\/ld+json\" class=\"yoast-schema-graph\">{\"@context\":\"https:\/\/schema.org\",\"@graph\":[{\"@type\":\"WebPage\",\"@id\":\"https:\/\/www.oknobuild.com\/index.php\/produkt\/anza-maxi-titex-18cm-1054323-znackovy-9508\/\",\"url\":\"https:\/\/www.oknobuild.com\/index.php\/produkt\/anza-maxi-titex-18cm-1054323-znackovy-9508\/\",\"name\":\"ANZA MAXI TITEX 18CM-1054323 Zna\u010dkov\u00fd -\",\"isPartOf\":{\"@id\":\"https:\/\/www.oknobuild.com\/#website\"},\"primaryImageOfPage\":{\"@id\":\"https:\/\/www.oknobuild.com\/index.php\/produkt\/anza-maxi-titex-18cm-1054323-znackovy-9508\/#primaryimage\"},\"image\":{\"@id\":\"https:\/\/www.oknobuild.com\/index.php\/produkt\/anza-maxi-titex-18cm-1054323-znackovy-9508\/#primaryimage\"},\"thumbnailUrl\":\"https:\/\/www.oknobuild.com\/wp-content\/uploads\/2026\/SK0019459-CZ20260425-092328-0-1777080210-conimg_1054323_1-jpg_20190820083317.webp\",\"datePublished\":\"2026-04-27T04:40:56+00:00\",\"breadcrumb\":{\"@id\":\"https:\/\/www.oknobuild.com\/index.php\/produkt\/anza-maxi-titex-18cm-1054323-znackovy-9508\/#breadcrumb\"},\"inLanguage\":\"cs\",\"potentialAction\":[{\"@type\":\"ReadAction\",\"target\":[\"https:\/\/www.oknobuild.com\/index.php\/produkt\/anza-maxi-titex-18cm-1054323-znackovy-9508\/\"]}]},{\"@type\":\"ImageObject\",\"inLanguage\":\"cs\",\"@id\":\"https:\/\/www.oknobuild.com\/index.php\/produkt\/anza-maxi-titex-18cm-1054323-znackovy-9508\/#primaryimage\",\"url\":\"https:\/\/www.oknobuild.com\/wp-content\/uploads\/2026\/SK0019459-CZ20260425-092328-0-1777080210-conimg_1054323_1-jpg_20190820083317.webp\",\"contentUrl\":\"https:\/\/www.oknobuild.com\/wp-content\/uploads\/2026\/SK0019459-CZ20260425-092328-0-1777080210-conimg_1054323_1-jpg_20190820083317.webp\",\"width\":622,\"height\":500},{\"@type\":\"BreadcrumbList\",\"@id\":\"https:\/\/www.oknobuild.com\/index.php\/produkt\/anza-maxi-titex-18cm-1054323-znackovy-9508\/#breadcrumb\",\"itemListElement\":[{\"@type\":\"ListItem\",\"position\":1,\"name\":\"Home\",\"item\":\"https:\/\/www.oknobuild.com\/\"},{\"@type\":\"ListItem\",\"position\":2,\"name\":\"Products\",\"item\":\"https:\/\/www.oknobuild.com\/index.php\/products\/\"},{\"@type\":\"ListItem\",\"position\":3,\"name\":\"ANZA MAXI TITEX 18CM-1054323 Zna\u010dkov\u00fd\"}]},{\"@type\":\"WebSite\",\"@id\":\"https:\/\/www.oknobuild.com\/#website\",\"url\":\"https:\/\/www.oknobuild.com\/\",\"name\":\"\",\"description\":\"\",\"potentialAction\":[{\"@type\":\"SearchAction\",\"target\":{\"@type\":\"EntryPoint\",\"urlTemplate\":\"https:\/\/www.oknobuild.com\/?s={search_term_string}\"},\"query-input\":{\"@type\":\"PropertyValueSpecification\",\"valueRequired\":true,\"valueName\":\"search_term_string\"}}],\"inLanguage\":\"cs\"}]}<\/script>\n<!-- \/ Yoast SEO plugin. -->","yoast_head_json":{"title":"ANZA MAXI TITEX 18CM-1054323 Zna\u010dkov\u00fd -","robots":{"index":"index","follow":"follow","max-snippet":"max-snippet:-1","max-image-preview":"max-image-preview:large","max-video-preview":"max-video-preview:-1"},"canonical":"https:\/\/www.oknobuild.com\/index.php\/produkt\/anza-maxi-titex-18cm-1054323-znackovy-9508\/","og_locale":"cs_CZ","og_type":"article","og_title":"ANZA MAXI TITEX 18CM-1054323 Zna\u010dkov\u00fd -","og_description":"ANZA titex podlahov\u00fd v\u00e1lec pro ploch\u00e9 povrchy. Poskytuje hladkou strukturu a m\u00e1 vysokou absorpci barvy. Vhodn\u00fd pro laky, betonov\u00e9 barvy a dvouslo\u017ekov\u00e9 barvy na v\u011bt\u0161\u00edch povr\u0161\u00edch. V\u00fd\u0161ka 254 milimetr\u016f \u0160\u00ed\u0159ka 84 milimetr\u016f Hloubka 69 milimetr\u016f Hrub\u00e1 hmotnost 98 gram\u016f Hrub\u00e1 hmotnost &#8211; m\u011brn\u00e1 jednotka GR","og_url":"https:\/\/www.oknobuild.com\/index.php\/produkt\/anza-maxi-titex-18cm-1054323-znackovy-9508\/","og_image":[{"width":622,"height":500,"url":"https:\/\/www.oknobuild.com\/wp-content\/uploads\/2026\/SK0019459-CZ20260425-092328-0-1777080210-conimg_1054323_1-jpg_20190820083317.webp","type":"image\/webp"}],"twitter_card":"summary_large_image","schema":{"@context":"https:\/\/schema.org","@graph":[{"@type":"WebPage","@id":"https:\/\/www.oknobuild.com\/index.php\/produkt\/anza-maxi-titex-18cm-1054323-znackovy-9508\/","url":"https:\/\/www.oknobuild.com\/index.php\/produkt\/anza-maxi-titex-18cm-1054323-znackovy-9508\/","name":"ANZA MAXI TITEX 18CM-1054323 Zna\u010dkov\u00fd -","isPartOf":{"@id":"https:\/\/www.oknobuild.com\/#website"},"primaryImageOfPage":{"@id":"https:\/\/www.oknobuild.com\/index.php\/produkt\/anza-maxi-titex-18cm-1054323-znackovy-9508\/#primaryimage"},"image":{"@id":"https:\/\/www.oknobuild.com\/index.php\/produkt\/anza-maxi-titex-18cm-1054323-znackovy-9508\/#primaryimage"},"thumbnailUrl":"https:\/\/www.oknobuild.com\/wp-content\/uploads\/2026\/SK0019459-CZ20260425-092328-0-1777080210-conimg_1054323_1-jpg_20190820083317.webp","datePublished":"2026-04-27T04:40:56+00:00","breadcrumb":{"@id":"https:\/\/www.oknobuild.com\/index.php\/produkt\/anza-maxi-titex-18cm-1054323-znackovy-9508\/#breadcrumb"},"inLanguage":"cs","potentialAction":[{"@type":"ReadAction","target":["https:\/\/www.oknobuild.com\/index.php\/produkt\/anza-maxi-titex-18cm-1054323-znackovy-9508\/"]}]},{"@type":"ImageObject","inLanguage":"cs","@id":"https:\/\/www.oknobuild.com\/index.php\/produkt\/anza-maxi-titex-18cm-1054323-znackovy-9508\/#primaryimage","url":"https:\/\/www.oknobuild.com\/wp-content\/uploads\/2026\/SK0019459-CZ20260425-092328-0-1777080210-conimg_1054323_1-jpg_20190820083317.webp","contentUrl":"https:\/\/www.oknobuild.com\/wp-content\/uploads\/2026\/SK0019459-CZ20260425-092328-0-1777080210-conimg_1054323_1-jpg_20190820083317.webp","width":622,"height":500},{"@type":"BreadcrumbList","@id":"https:\/\/www.oknobuild.com\/index.php\/produkt\/anza-maxi-titex-18cm-1054323-znackovy-9508\/#breadcrumb","itemListElement":[{"@type":"ListItem","position":1,"name":"Home","item":"https:\/\/www.oknobuild.com\/"},{"@type":"ListItem","position":2,"name":"Products","item":"https:\/\/www.oknobuild.com\/index.php\/products\/"},{"@type":"ListItem","position":3,"name":"ANZA MAXI TITEX 18CM-1054323 Zna\u010dkov\u00fd"}]},{"@type":"WebSite","@id":"https:\/\/www.oknobuild.com\/#website","url":"https:\/\/www.oknobuild.com\/","name":"","description":"","potentialAction":[{"@type":"SearchAction","target":{"@type":"EntryPoint","urlTemplate":"https:\/\/www.oknobuild.com\/?s={search_term_string}"},"query-input":{"@type":"PropertyValueSpecification","valueRequired":true,"valueName":"search_term_string"}}],"inLanguage":"cs"}]}},"_links":{"self":[{"href":"https:\/\/www.oknobuild.com\/index.php\/wp-json\/wp\/v2\/product\/9508","targetHints":{"allow":["GET"]}}],"collection":[{"href":"https:\/\/www.oknobuild.com\/index.php\/wp-json\/wp\/v2\/product"}],"about":[{"href":"https:\/\/www.oknobuild.com\/index.php\/wp-json\/wp\/v2\/types\/product"}],"replies":[{"embeddable":true,"href":"https:\/\/www.oknobuild.com\/index.php\/wp-json\/wp\/v2\/comments?post=9508"}],"wp:featuredmedia":[{"embeddable":true,"href":"https:\/\/www.oknobuild.com\/index.php\/wp-json\/wp\/v2\/media\/9608"}],"wp:attachment":[{"href":"https:\/\/www.oknobuild.com\/index.php\/wp-json\/wp\/v2\/media?parent=9508"}],"wp:term":[{"taxonomy":"product_brand","embeddable":true,"href":"https:\/\/www.oknobuild.com\/index.php\/wp-json\/wp\/v2\/product_brand?post=9508"},{"taxonomy":"product_cat","embeddable":true,"href":"https:\/\/www.oknobuild.com\/index.php\/wp-json\/wp\/v2\/product_cat?post=9508"},{"taxonomy":"product_tag","embeddable":true,"href":"https:\/\/www.oknobuild.com\/index.php\/wp-json\/wp\/v2\/product_tag?post=9508"}],"curies":[{"name":"wp","href":"https:\/\/api.w.org\/{rel}","templated":true}]}}