{"id":9509,"date":"2026-04-27T04:40:56","date_gmt":"2026-04-27T04:40:56","guid":{"rendered":""},"modified":"2026-04-27T04:40:56","modified_gmt":"2026-04-27T04:40:56","slug":"maxi-roller-rytex-po-po-18-cm-valecek-rytex-18-8-finalni-vyprodej-9509","status":"publish","type":"product","link":"https:\/\/www.oknobuild.com\/index.php\/produkt\/maxi-roller-rytex-po-po-18-cm-valecek-rytex-18-8-finalni-vyprodej-9509\/","title":{"rendered":"Maxi Roller Rytex PO-PO 18 cm (v\u00e1le\u010dek Rytex 18\/8) Fin\u00e1ln\u00ed V\u00fdprodej"},"content":{"rendered":"<table>\n<div class=\"tab-pane active product-description\" id=\"popis\" role=\"tabpanel\">\n<div class=\"short-description\" itemprop=\"description\"><\/div>\n<div class=\"description\">\n<p><span class=\"bullet-line\">Tkan\u00fd v\u0161estrann\u00fd v\u00e1lec s vysokou kapacitou a vynikaj\u00edc\u00ed kryc\u00ed schopnost\u00ed.&nbsp;<\/span><br \/><span class=\"bullet-line\">Vhodn\u00e9 pro vnit\u0159n\u00ed lakov\u00e1n\u00ed drsn\u00fdch povrch\u016f.&nbsp;<\/span><br \/><span class=\"bullet-line\">D\u00e1v\u00e1 st\u0159edn\u011b hrubou texturu.<\/span><\/p>\n<p>\u25ba RYCHL\u00c1 PR\u00c1CE.<span class=\"bullet-line\">Rytex m\u00e1 velmi vysokou kryc\u00ed kapacitu, co\u017e znamen\u00e1, \u017ee lakov\u00e1n\u00ed bude dokon\u010deno rychleji.<\/span><\/p>\n<p>&nbsp;<\/p>\n<\/div>\n<div class=\"parameters\">\n<tr>\n<td>Pro malov\u00e1n\u00ed:<\/td>\n<td>Strop a ze\u010f<\/td>\n<\/tr>\n<tr>\n<td>\u0160\u00ed\u0159ka<\/td>\n<td>18<\/td>\n<\/tr>\n<tr>\n<td>V\u00fd\u0161ka piloty<\/td>\n<td>18<\/td>\n<\/tr>\n<tr>\n<td>Velikost<\/td>\n<td>Maxi h\u016fl<\/td>\n<\/tr><\/div>\n<\/table>\n","protected":false},"excerpt":{"rendered":"<p>Tkan\u00fd v\u0161estrann\u00fd v\u00e1lec s vysokou kapacitou a vynikaj\u00edc\u00ed kryc\u00ed schopnost\u00ed.&nbsp;Vhodn\u00e9 pro vnit\u0159n\u00ed lakov\u00e1n\u00ed drsn\u00fdch povrch\u016f.&nbsp;D\u00e1v\u00e1 st\u0159edn\u011b hrubou texturu. \u25ba RYCHL\u00c1 PR\u00c1CE.Rytex m\u00e1 velmi vysokou kryc\u00ed kapacitu, co\u017e znamen\u00e1, \u017ee lakov\u00e1n\u00ed bude dokon\u010deno rychleji. &nbsp; Pro malov\u00e1n\u00ed: Strop a ze\u010f \u0160\u00ed\u0159ka 18 V\u00fd\u0161ka piloty 18 Velikost Maxi h\u016fl<\/p>\n","protected":false},"featured_media":9609,"comment_status":"open","ping_status":"open","template":"","meta":[],"product_brand":[],"product_cat":[50,52,51],"product_tag":[],"class_list":{"0":"post-9509","1":"product","2":"type-product","3":"status-publish","4":"has-post-thumbnail","6":"product_cat-barvy","7":"product_cat-chemie","8":"product_cat-laky","10":"first","11":"instock","12":"sale","13":"shipping-taxable","14":"purchasable","15":"product-type-simple"},"yoast_head":"<!-- This site is optimized with the Yoast SEO plugin v26.8 - https:\/\/yoast.com\/product\/yoast-seo-wordpress\/ -->\n<title>Maxi Roller Rytex PO-PO 18 cm (v\u00e1le\u010dek Rytex 18\/8) Fin\u00e1ln\u00ed V\u00fdprodej -<\/title>\n<meta name=\"robots\" content=\"index, follow, max-snippet:-1, max-image-preview:large, max-video-preview:-1\" \/>\n<link rel=\"canonical\" href=\"https:\/\/www.oknobuild.com\/index.php\/produkt\/maxi-roller-rytex-po-po-18-cm-valecek-rytex-18-8-finalni-vyprodej-9509\/\" \/>\n<meta property=\"og:locale\" content=\"cs_CZ\" \/>\n<meta property=\"og:type\" content=\"article\" \/>\n<meta property=\"og:title\" content=\"Maxi Roller Rytex PO-PO 18 cm (v\u00e1le\u010dek Rytex 18\/8) Fin\u00e1ln\u00ed V\u00fdprodej -\" \/>\n<meta property=\"og:description\" content=\"Tkan\u00fd v\u0161estrann\u00fd v\u00e1lec s vysokou kapacitou a vynikaj\u00edc\u00ed kryc\u00ed schopnost\u00ed.&nbsp;Vhodn\u00e9 pro vnit\u0159n\u00ed lakov\u00e1n\u00ed drsn\u00fdch povrch\u016f.&nbsp;D\u00e1v\u00e1 st\u0159edn\u011b hrubou texturu. \u25ba RYCHL\u00c1 PR\u00c1CE.Rytex m\u00e1 velmi vysokou kryc\u00ed kapacitu, co\u017e znamen\u00e1, \u017ee lakov\u00e1n\u00ed bude dokon\u010deno rychleji. &nbsp; Pro malov\u00e1n\u00ed: Strop a ze\u010f \u0160\u00ed\u0159ka 18 V\u00fd\u0161ka piloty 18 Velikost Maxi h\u016fl\" \/>\n<meta property=\"og:url\" content=\"https:\/\/www.oknobuild.com\/index.php\/produkt\/maxi-roller-rytex-po-po-18-cm-valecek-rytex-18-8-finalni-vyprodej-9509\/\" \/>\n<meta property=\"og:image\" content=\"https:\/\/www.oknobuild.com\/wp-content\/uploads\/2026\/SK0019460-CZ20260425-092328-0-1777080210-570018_ny-elon.webp\" \/>\n\t<meta property=\"og:image:width\" content=\"699\" \/>\n\t<meta property=\"og:image:height\" content=\"558\" \/>\n\t<meta property=\"og:image:type\" content=\"image\/webp\" \/>\n<meta name=\"twitter:card\" content=\"summary_large_image\" \/>\n<script type=\"application\/ld+json\" class=\"yoast-schema-graph\">{\"@context\":\"https:\/\/schema.org\",\"@graph\":[{\"@type\":\"WebPage\",\"@id\":\"https:\/\/www.oknobuild.com\/index.php\/produkt\/maxi-roller-rytex-po-po-18-cm-valecek-rytex-18-8-finalni-vyprodej-9509\/\",\"url\":\"https:\/\/www.oknobuild.com\/index.php\/produkt\/maxi-roller-rytex-po-po-18-cm-valecek-rytex-18-8-finalni-vyprodej-9509\/\",\"name\":\"Maxi Roller Rytex PO-PO 18 cm (v\u00e1le\u010dek Rytex 18\/8) Fin\u00e1ln\u00ed V\u00fdprodej -\",\"isPartOf\":{\"@id\":\"https:\/\/www.oknobuild.com\/#website\"},\"primaryImageOfPage\":{\"@id\":\"https:\/\/www.oknobuild.com\/index.php\/produkt\/maxi-roller-rytex-po-po-18-cm-valecek-rytex-18-8-finalni-vyprodej-9509\/#primaryimage\"},\"image\":{\"@id\":\"https:\/\/www.oknobuild.com\/index.php\/produkt\/maxi-roller-rytex-po-po-18-cm-valecek-rytex-18-8-finalni-vyprodej-9509\/#primaryimage\"},\"thumbnailUrl\":\"https:\/\/www.oknobuild.com\/wp-content\/uploads\/2026\/SK0019460-CZ20260425-092328-0-1777080210-570018_ny-elon.webp\",\"datePublished\":\"2026-04-27T04:40:56+00:00\",\"breadcrumb\":{\"@id\":\"https:\/\/www.oknobuild.com\/index.php\/produkt\/maxi-roller-rytex-po-po-18-cm-valecek-rytex-18-8-finalni-vyprodej-9509\/#breadcrumb\"},\"inLanguage\":\"cs\",\"potentialAction\":[{\"@type\":\"ReadAction\",\"target\":[\"https:\/\/www.oknobuild.com\/index.php\/produkt\/maxi-roller-rytex-po-po-18-cm-valecek-rytex-18-8-finalni-vyprodej-9509\/\"]}]},{\"@type\":\"ImageObject\",\"inLanguage\":\"cs\",\"@id\":\"https:\/\/www.oknobuild.com\/index.php\/produkt\/maxi-roller-rytex-po-po-18-cm-valecek-rytex-18-8-finalni-vyprodej-9509\/#primaryimage\",\"url\":\"https:\/\/www.oknobuild.com\/wp-content\/uploads\/2026\/SK0019460-CZ20260425-092328-0-1777080210-570018_ny-elon.webp\",\"contentUrl\":\"https:\/\/www.oknobuild.com\/wp-content\/uploads\/2026\/SK0019460-CZ20260425-092328-0-1777080210-570018_ny-elon.webp\",\"width\":699,\"height\":558},{\"@type\":\"BreadcrumbList\",\"@id\":\"https:\/\/www.oknobuild.com\/index.php\/produkt\/maxi-roller-rytex-po-po-18-cm-valecek-rytex-18-8-finalni-vyprodej-9509\/#breadcrumb\",\"itemListElement\":[{\"@type\":\"ListItem\",\"position\":1,\"name\":\"Home\",\"item\":\"https:\/\/www.oknobuild.com\/\"},{\"@type\":\"ListItem\",\"position\":2,\"name\":\"Products\",\"item\":\"https:\/\/www.oknobuild.com\/index.php\/products\/\"},{\"@type\":\"ListItem\",\"position\":3,\"name\":\"Maxi Roller Rytex PO-PO 18 cm (v\u00e1le\u010dek Rytex 18\/8) Fin\u00e1ln\u00ed V\u00fdprodej\"}]},{\"@type\":\"WebSite\",\"@id\":\"https:\/\/www.oknobuild.com\/#website\",\"url\":\"https:\/\/www.oknobuild.com\/\",\"name\":\"\",\"description\":\"\",\"potentialAction\":[{\"@type\":\"SearchAction\",\"target\":{\"@type\":\"EntryPoint\",\"urlTemplate\":\"https:\/\/www.oknobuild.com\/?s={search_term_string}\"},\"query-input\":{\"@type\":\"PropertyValueSpecification\",\"valueRequired\":true,\"valueName\":\"search_term_string\"}}],\"inLanguage\":\"cs\"}]}<\/script>\n<!-- \/ Yoast SEO plugin. -->","yoast_head_json":{"title":"Maxi Roller Rytex PO-PO 18 cm (v\u00e1le\u010dek Rytex 18\/8) Fin\u00e1ln\u00ed V\u00fdprodej -","robots":{"index":"index","follow":"follow","max-snippet":"max-snippet:-1","max-image-preview":"max-image-preview:large","max-video-preview":"max-video-preview:-1"},"canonical":"https:\/\/www.oknobuild.com\/index.php\/produkt\/maxi-roller-rytex-po-po-18-cm-valecek-rytex-18-8-finalni-vyprodej-9509\/","og_locale":"cs_CZ","og_type":"article","og_title":"Maxi Roller Rytex PO-PO 18 cm (v\u00e1le\u010dek Rytex 18\/8) Fin\u00e1ln\u00ed V\u00fdprodej -","og_description":"Tkan\u00fd v\u0161estrann\u00fd v\u00e1lec s vysokou kapacitou a vynikaj\u00edc\u00ed kryc\u00ed schopnost\u00ed.&nbsp;Vhodn\u00e9 pro vnit\u0159n\u00ed lakov\u00e1n\u00ed drsn\u00fdch povrch\u016f.&nbsp;D\u00e1v\u00e1 st\u0159edn\u011b hrubou texturu. \u25ba RYCHL\u00c1 PR\u00c1CE.Rytex m\u00e1 velmi vysokou kryc\u00ed kapacitu, co\u017e znamen\u00e1, \u017ee lakov\u00e1n\u00ed bude dokon\u010deno rychleji. &nbsp; Pro malov\u00e1n\u00ed: Strop a ze\u010f \u0160\u00ed\u0159ka 18 V\u00fd\u0161ka piloty 18 Velikost Maxi h\u016fl","og_url":"https:\/\/www.oknobuild.com\/index.php\/produkt\/maxi-roller-rytex-po-po-18-cm-valecek-rytex-18-8-finalni-vyprodej-9509\/","og_image":[{"width":699,"height":558,"url":"https:\/\/www.oknobuild.com\/wp-content\/uploads\/2026\/SK0019460-CZ20260425-092328-0-1777080210-570018_ny-elon.webp","type":"image\/webp"}],"twitter_card":"summary_large_image","schema":{"@context":"https:\/\/schema.org","@graph":[{"@type":"WebPage","@id":"https:\/\/www.oknobuild.com\/index.php\/produkt\/maxi-roller-rytex-po-po-18-cm-valecek-rytex-18-8-finalni-vyprodej-9509\/","url":"https:\/\/www.oknobuild.com\/index.php\/produkt\/maxi-roller-rytex-po-po-18-cm-valecek-rytex-18-8-finalni-vyprodej-9509\/","name":"Maxi Roller Rytex PO-PO 18 cm (v\u00e1le\u010dek Rytex 18\/8) Fin\u00e1ln\u00ed V\u00fdprodej -","isPartOf":{"@id":"https:\/\/www.oknobuild.com\/#website"},"primaryImageOfPage":{"@id":"https:\/\/www.oknobuild.com\/index.php\/produkt\/maxi-roller-rytex-po-po-18-cm-valecek-rytex-18-8-finalni-vyprodej-9509\/#primaryimage"},"image":{"@id":"https:\/\/www.oknobuild.com\/index.php\/produkt\/maxi-roller-rytex-po-po-18-cm-valecek-rytex-18-8-finalni-vyprodej-9509\/#primaryimage"},"thumbnailUrl":"https:\/\/www.oknobuild.com\/wp-content\/uploads\/2026\/SK0019460-CZ20260425-092328-0-1777080210-570018_ny-elon.webp","datePublished":"2026-04-27T04:40:56+00:00","breadcrumb":{"@id":"https:\/\/www.oknobuild.com\/index.php\/produkt\/maxi-roller-rytex-po-po-18-cm-valecek-rytex-18-8-finalni-vyprodej-9509\/#breadcrumb"},"inLanguage":"cs","potentialAction":[{"@type":"ReadAction","target":["https:\/\/www.oknobuild.com\/index.php\/produkt\/maxi-roller-rytex-po-po-18-cm-valecek-rytex-18-8-finalni-vyprodej-9509\/"]}]},{"@type":"ImageObject","inLanguage":"cs","@id":"https:\/\/www.oknobuild.com\/index.php\/produkt\/maxi-roller-rytex-po-po-18-cm-valecek-rytex-18-8-finalni-vyprodej-9509\/#primaryimage","url":"https:\/\/www.oknobuild.com\/wp-content\/uploads\/2026\/SK0019460-CZ20260425-092328-0-1777080210-570018_ny-elon.webp","contentUrl":"https:\/\/www.oknobuild.com\/wp-content\/uploads\/2026\/SK0019460-CZ20260425-092328-0-1777080210-570018_ny-elon.webp","width":699,"height":558},{"@type":"BreadcrumbList","@id":"https:\/\/www.oknobuild.com\/index.php\/produkt\/maxi-roller-rytex-po-po-18-cm-valecek-rytex-18-8-finalni-vyprodej-9509\/#breadcrumb","itemListElement":[{"@type":"ListItem","position":1,"name":"Home","item":"https:\/\/www.oknobuild.com\/"},{"@type":"ListItem","position":2,"name":"Products","item":"https:\/\/www.oknobuild.com\/index.php\/products\/"},{"@type":"ListItem","position":3,"name":"Maxi Roller Rytex PO-PO 18 cm (v\u00e1le\u010dek Rytex 18\/8) Fin\u00e1ln\u00ed V\u00fdprodej"}]},{"@type":"WebSite","@id":"https:\/\/www.oknobuild.com\/#website","url":"https:\/\/www.oknobuild.com\/","name":"","description":"","potentialAction":[{"@type":"SearchAction","target":{"@type":"EntryPoint","urlTemplate":"https:\/\/www.oknobuild.com\/?s={search_term_string}"},"query-input":{"@type":"PropertyValueSpecification","valueRequired":true,"valueName":"search_term_string"}}],"inLanguage":"cs"}]}},"_links":{"self":[{"href":"https:\/\/www.oknobuild.com\/index.php\/wp-json\/wp\/v2\/product\/9509","targetHints":{"allow":["GET"]}}],"collection":[{"href":"https:\/\/www.oknobuild.com\/index.php\/wp-json\/wp\/v2\/product"}],"about":[{"href":"https:\/\/www.oknobuild.com\/index.php\/wp-json\/wp\/v2\/types\/product"}],"replies":[{"embeddable":true,"href":"https:\/\/www.oknobuild.com\/index.php\/wp-json\/wp\/v2\/comments?post=9509"}],"wp:featuredmedia":[{"embeddable":true,"href":"https:\/\/www.oknobuild.com\/index.php\/wp-json\/wp\/v2\/media\/9609"}],"wp:attachment":[{"href":"https:\/\/www.oknobuild.com\/index.php\/wp-json\/wp\/v2\/media?parent=9509"}],"wp:term":[{"taxonomy":"product_brand","embeddable":true,"href":"https:\/\/www.oknobuild.com\/index.php\/wp-json\/wp\/v2\/product_brand?post=9509"},{"taxonomy":"product_cat","embeddable":true,"href":"https:\/\/www.oknobuild.com\/index.php\/wp-json\/wp\/v2\/product_cat?post=9509"},{"taxonomy":"product_tag","embeddable":true,"href":"https:\/\/www.oknobuild.com\/index.php\/wp-json\/wp\/v2\/product_tag?post=9509"}],"curies":[{"name":"wp","href":"https:\/\/api.w.org\/{rel}","templated":true}]}}