{"id":9510,"date":"2026-04-27T04:40:56","date_gmt":"2026-04-27T04:40:56","guid":{"rendered":""},"modified":"2026-04-27T04:40:56","modified_gmt":"2026-04-27T04:40:56","slug":"maxi-roller-rilon-po-po-25-cm-valecek-rilon-25-8-akcni-nabidka-9510","status":"publish","type":"product","link":"https:\/\/www.oknobuild.com\/index.php\/produkt\/maxi-roller-rilon-po-po-25-cm-valecek-rilon-25-8-akcni-nabidka-9510\/","title":{"rendered":"Maxi Roller Rilon PO-PO 25 cm (v\u00e1le\u010dek Rilon 25\/8) Ak\u010dn\u00ed Nab\u00eddka"},"content":{"rendered":"<table>\n<div class=\"tab-pane active product-description\" id=\"popis\" role=\"tabpanel\">\n<div class=\"short-description\" itemprop=\"description\"><\/div>\n<div class=\"description\">\u25ba Z\u00c1KLADN\u00cd HRUB\u00c9 POVRCHY<span class='bullet-line'>Odoln\u00fd v\u00e1lec s velmi vysokou kapacitou. <br \/><\/span><span class='bullet-line'>Vhodn\u00e9 pro vnit\u0159n\u00ed lakov\u00e1n\u00ed drsn\u00fdch povrch\u016f, stejn\u011b jako pro hladk\u00e9 zdivo a hoblovan\u00e9 d\u0159evo. <br \/><\/span><span class='bullet-line'>D\u00e1v\u00e1 hrubou texturu. <br \/><\/span><span class='bullet-line'>Tkanina: Rilon<br \/><\/span><br \/>\u25ba ZAKR\u00ddT.<span class='bullet-line'>Dlouh\u00fd zd\u0159\u00edmek poskytuje dokonal\u00e9 pokryt\u00ed drsn\u00fdch texturovan\u00fdch povrch\u016f a zasahuje do v\u0161ech nerovn\u00fdch \u010d\u00e1st\u00ed.<\/span><\/div>\n<div class=\"parameters\">\n<tr>\n<td>Pro malov\u00e1n\u00ed: Plot, Fas\u00e1da<\/td>\n<td><\/td>\n<\/tr>\n<tr>\n<td>\u0160\u00ed\u0159ka<\/td>\n<td>25<\/td>\n<\/tr>\n<tr>\n<td>V\u00fd\u0161ka piloty<\/td>\n<td>22<\/td>\n<\/tr>\n<tr>\n<td>Velikost<\/td>\n<td>Maxi h\u016fl<\/td>\n<\/tr><\/div>\n<\/table>\n","protected":false},"excerpt":{"rendered":"<p>\u25ba Z\u00c1KLADN\u00cd HRUB\u00c9 POVRCHYOdoln\u00fd v\u00e1lec s velmi vysokou kapacitou. Vhodn\u00e9 pro vnit\u0159n\u00ed lakov\u00e1n\u00ed drsn\u00fdch povrch\u016f, stejn\u011b jako pro hladk\u00e9 zdivo a hoblovan\u00e9 d\u0159evo. D\u00e1v\u00e1 hrubou texturu. Tkanina: Rilon\u25ba ZAKR\u00ddT.Dlouh\u00fd zd\u0159\u00edmek poskytuje dokonal\u00e9 pokryt\u00ed drsn\u00fdch texturovan\u00fdch povrch\u016f a zasahuje do v\u0161ech nerovn\u00fdch \u010d\u00e1st\u00ed. Pro malov\u00e1n\u00ed: Plot, Fas\u00e1da \u0160\u00ed\u0159ka 25 V\u00fd\u0161ka piloty 22 Velikost Maxi h\u016fl<\/p>\n","protected":false},"featured_media":9610,"comment_status":"open","ping_status":"open","template":"","meta":[],"product_brand":[],"product_cat":[50,52,51],"product_tag":[],"class_list":{"0":"post-9510","1":"product","2":"type-product","3":"status-publish","4":"has-post-thumbnail","6":"product_cat-barvy","7":"product_cat-chemie","8":"product_cat-laky","10":"first","11":"instock","12":"sale","13":"shipping-taxable","14":"purchasable","15":"product-type-simple"},"yoast_head":"<!-- This site is optimized with the Yoast SEO plugin v26.8 - https:\/\/yoast.com\/product\/yoast-seo-wordpress\/ -->\n<title>Maxi Roller Rilon PO-PO 25 cm (v\u00e1le\u010dek Rilon 25\/8) Ak\u010dn\u00ed Nab\u00eddka -<\/title>\n<meta name=\"robots\" content=\"index, follow, max-snippet:-1, max-image-preview:large, max-video-preview:-1\" \/>\n<link rel=\"canonical\" href=\"https:\/\/www.oknobuild.com\/index.php\/produkt\/maxi-roller-rilon-po-po-25-cm-valecek-rilon-25-8-akcni-nabidka-9510\/\" \/>\n<meta property=\"og:locale\" content=\"cs_CZ\" \/>\n<meta property=\"og:type\" content=\"article\" \/>\n<meta property=\"og:title\" content=\"Maxi Roller Rilon PO-PO 25 cm (v\u00e1le\u010dek Rilon 25\/8) Ak\u010dn\u00ed Nab\u00eddka -\" \/>\n<meta property=\"og:description\" content=\"\u25ba Z\u00c1KLADN\u00cd HRUB\u00c9 POVRCHYOdoln\u00fd v\u00e1lec s velmi vysokou kapacitou. Vhodn\u00e9 pro vnit\u0159n\u00ed lakov\u00e1n\u00ed drsn\u00fdch povrch\u016f, stejn\u011b jako pro hladk\u00e9 zdivo a hoblovan\u00e9 d\u0159evo. D\u00e1v\u00e1 hrubou texturu. Tkanina: Rilon\u25ba ZAKR\u00ddT.Dlouh\u00fd zd\u0159\u00edmek poskytuje dokonal\u00e9 pokryt\u00ed drsn\u00fdch texturovan\u00fdch povrch\u016f a zasahuje do v\u0161ech nerovn\u00fdch \u010d\u00e1st\u00ed. Pro malov\u00e1n\u00ed: Plot, Fas\u00e1da \u0160\u00ed\u0159ka 25 V\u00fd\u0161ka piloty 22 Velikost Maxi h\u016fl\" \/>\n<meta property=\"og:url\" content=\"https:\/\/www.oknobuild.com\/index.php\/produkt\/maxi-roller-rilon-po-po-25-cm-valecek-rilon-25-8-akcni-nabidka-9510\/\" \/>\n<meta property=\"og:image\" content=\"https:\/\/www.oknobuild.com\/wp-content\/uploads\/2026\/SK0019461-CZ20260425-092328-0-1777080210-440018.webp\" \/>\n\t<meta property=\"og:image:width\" content=\"699\" \/>\n\t<meta property=\"og:image:height\" content=\"518\" \/>\n\t<meta property=\"og:image:type\" content=\"image\/webp\" \/>\n<meta name=\"twitter:card\" content=\"summary_large_image\" \/>\n<script type=\"application\/ld+json\" class=\"yoast-schema-graph\">{\"@context\":\"https:\/\/schema.org\",\"@graph\":[{\"@type\":\"WebPage\",\"@id\":\"https:\/\/www.oknobuild.com\/index.php\/produkt\/maxi-roller-rilon-po-po-25-cm-valecek-rilon-25-8-akcni-nabidka-9510\/\",\"url\":\"https:\/\/www.oknobuild.com\/index.php\/produkt\/maxi-roller-rilon-po-po-25-cm-valecek-rilon-25-8-akcni-nabidka-9510\/\",\"name\":\"Maxi Roller Rilon PO-PO 25 cm (v\u00e1le\u010dek Rilon 25\/8) Ak\u010dn\u00ed Nab\u00eddka -\",\"isPartOf\":{\"@id\":\"https:\/\/www.oknobuild.com\/#website\"},\"primaryImageOfPage\":{\"@id\":\"https:\/\/www.oknobuild.com\/index.php\/produkt\/maxi-roller-rilon-po-po-25-cm-valecek-rilon-25-8-akcni-nabidka-9510\/#primaryimage\"},\"image\":{\"@id\":\"https:\/\/www.oknobuild.com\/index.php\/produkt\/maxi-roller-rilon-po-po-25-cm-valecek-rilon-25-8-akcni-nabidka-9510\/#primaryimage\"},\"thumbnailUrl\":\"https:\/\/www.oknobuild.com\/wp-content\/uploads\/2026\/SK0019461-CZ20260425-092328-0-1777080210-440018.webp\",\"datePublished\":\"2026-04-27T04:40:56+00:00\",\"breadcrumb\":{\"@id\":\"https:\/\/www.oknobuild.com\/index.php\/produkt\/maxi-roller-rilon-po-po-25-cm-valecek-rilon-25-8-akcni-nabidka-9510\/#breadcrumb\"},\"inLanguage\":\"cs\",\"potentialAction\":[{\"@type\":\"ReadAction\",\"target\":[\"https:\/\/www.oknobuild.com\/index.php\/produkt\/maxi-roller-rilon-po-po-25-cm-valecek-rilon-25-8-akcni-nabidka-9510\/\"]}]},{\"@type\":\"ImageObject\",\"inLanguage\":\"cs\",\"@id\":\"https:\/\/www.oknobuild.com\/index.php\/produkt\/maxi-roller-rilon-po-po-25-cm-valecek-rilon-25-8-akcni-nabidka-9510\/#primaryimage\",\"url\":\"https:\/\/www.oknobuild.com\/wp-content\/uploads\/2026\/SK0019461-CZ20260425-092328-0-1777080210-440018.webp\",\"contentUrl\":\"https:\/\/www.oknobuild.com\/wp-content\/uploads\/2026\/SK0019461-CZ20260425-092328-0-1777080210-440018.webp\",\"width\":699,\"height\":518},{\"@type\":\"BreadcrumbList\",\"@id\":\"https:\/\/www.oknobuild.com\/index.php\/produkt\/maxi-roller-rilon-po-po-25-cm-valecek-rilon-25-8-akcni-nabidka-9510\/#breadcrumb\",\"itemListElement\":[{\"@type\":\"ListItem\",\"position\":1,\"name\":\"Home\",\"item\":\"https:\/\/www.oknobuild.com\/\"},{\"@type\":\"ListItem\",\"position\":2,\"name\":\"Products\",\"item\":\"https:\/\/www.oknobuild.com\/index.php\/products\/\"},{\"@type\":\"ListItem\",\"position\":3,\"name\":\"Maxi Roller Rilon PO-PO 25 cm (v\u00e1le\u010dek Rilon 25\/8) Ak\u010dn\u00ed Nab\u00eddka\"}]},{\"@type\":\"WebSite\",\"@id\":\"https:\/\/www.oknobuild.com\/#website\",\"url\":\"https:\/\/www.oknobuild.com\/\",\"name\":\"\",\"description\":\"\",\"potentialAction\":[{\"@type\":\"SearchAction\",\"target\":{\"@type\":\"EntryPoint\",\"urlTemplate\":\"https:\/\/www.oknobuild.com\/?s={search_term_string}\"},\"query-input\":{\"@type\":\"PropertyValueSpecification\",\"valueRequired\":true,\"valueName\":\"search_term_string\"}}],\"inLanguage\":\"cs\"}]}<\/script>\n<!-- \/ Yoast SEO plugin. -->","yoast_head_json":{"title":"Maxi Roller Rilon PO-PO 25 cm (v\u00e1le\u010dek Rilon 25\/8) Ak\u010dn\u00ed Nab\u00eddka -","robots":{"index":"index","follow":"follow","max-snippet":"max-snippet:-1","max-image-preview":"max-image-preview:large","max-video-preview":"max-video-preview:-1"},"canonical":"https:\/\/www.oknobuild.com\/index.php\/produkt\/maxi-roller-rilon-po-po-25-cm-valecek-rilon-25-8-akcni-nabidka-9510\/","og_locale":"cs_CZ","og_type":"article","og_title":"Maxi Roller Rilon PO-PO 25 cm (v\u00e1le\u010dek Rilon 25\/8) Ak\u010dn\u00ed Nab\u00eddka -","og_description":"\u25ba Z\u00c1KLADN\u00cd HRUB\u00c9 POVRCHYOdoln\u00fd v\u00e1lec s velmi vysokou kapacitou. Vhodn\u00e9 pro vnit\u0159n\u00ed lakov\u00e1n\u00ed drsn\u00fdch povrch\u016f, stejn\u011b jako pro hladk\u00e9 zdivo a hoblovan\u00e9 d\u0159evo. D\u00e1v\u00e1 hrubou texturu. Tkanina: Rilon\u25ba ZAKR\u00ddT.Dlouh\u00fd zd\u0159\u00edmek poskytuje dokonal\u00e9 pokryt\u00ed drsn\u00fdch texturovan\u00fdch povrch\u016f a zasahuje do v\u0161ech nerovn\u00fdch \u010d\u00e1st\u00ed. Pro malov\u00e1n\u00ed: Plot, Fas\u00e1da \u0160\u00ed\u0159ka 25 V\u00fd\u0161ka piloty 22 Velikost Maxi h\u016fl","og_url":"https:\/\/www.oknobuild.com\/index.php\/produkt\/maxi-roller-rilon-po-po-25-cm-valecek-rilon-25-8-akcni-nabidka-9510\/","og_image":[{"width":699,"height":518,"url":"https:\/\/www.oknobuild.com\/wp-content\/uploads\/2026\/SK0019461-CZ20260425-092328-0-1777080210-440018.webp","type":"image\/webp"}],"twitter_card":"summary_large_image","schema":{"@context":"https:\/\/schema.org","@graph":[{"@type":"WebPage","@id":"https:\/\/www.oknobuild.com\/index.php\/produkt\/maxi-roller-rilon-po-po-25-cm-valecek-rilon-25-8-akcni-nabidka-9510\/","url":"https:\/\/www.oknobuild.com\/index.php\/produkt\/maxi-roller-rilon-po-po-25-cm-valecek-rilon-25-8-akcni-nabidka-9510\/","name":"Maxi Roller Rilon PO-PO 25 cm (v\u00e1le\u010dek Rilon 25\/8) Ak\u010dn\u00ed Nab\u00eddka -","isPartOf":{"@id":"https:\/\/www.oknobuild.com\/#website"},"primaryImageOfPage":{"@id":"https:\/\/www.oknobuild.com\/index.php\/produkt\/maxi-roller-rilon-po-po-25-cm-valecek-rilon-25-8-akcni-nabidka-9510\/#primaryimage"},"image":{"@id":"https:\/\/www.oknobuild.com\/index.php\/produkt\/maxi-roller-rilon-po-po-25-cm-valecek-rilon-25-8-akcni-nabidka-9510\/#primaryimage"},"thumbnailUrl":"https:\/\/www.oknobuild.com\/wp-content\/uploads\/2026\/SK0019461-CZ20260425-092328-0-1777080210-440018.webp","datePublished":"2026-04-27T04:40:56+00:00","breadcrumb":{"@id":"https:\/\/www.oknobuild.com\/index.php\/produkt\/maxi-roller-rilon-po-po-25-cm-valecek-rilon-25-8-akcni-nabidka-9510\/#breadcrumb"},"inLanguage":"cs","potentialAction":[{"@type":"ReadAction","target":["https:\/\/www.oknobuild.com\/index.php\/produkt\/maxi-roller-rilon-po-po-25-cm-valecek-rilon-25-8-akcni-nabidka-9510\/"]}]},{"@type":"ImageObject","inLanguage":"cs","@id":"https:\/\/www.oknobuild.com\/index.php\/produkt\/maxi-roller-rilon-po-po-25-cm-valecek-rilon-25-8-akcni-nabidka-9510\/#primaryimage","url":"https:\/\/www.oknobuild.com\/wp-content\/uploads\/2026\/SK0019461-CZ20260425-092328-0-1777080210-440018.webp","contentUrl":"https:\/\/www.oknobuild.com\/wp-content\/uploads\/2026\/SK0019461-CZ20260425-092328-0-1777080210-440018.webp","width":699,"height":518},{"@type":"BreadcrumbList","@id":"https:\/\/www.oknobuild.com\/index.php\/produkt\/maxi-roller-rilon-po-po-25-cm-valecek-rilon-25-8-akcni-nabidka-9510\/#breadcrumb","itemListElement":[{"@type":"ListItem","position":1,"name":"Home","item":"https:\/\/www.oknobuild.com\/"},{"@type":"ListItem","position":2,"name":"Products","item":"https:\/\/www.oknobuild.com\/index.php\/products\/"},{"@type":"ListItem","position":3,"name":"Maxi Roller Rilon PO-PO 25 cm (v\u00e1le\u010dek Rilon 25\/8) Ak\u010dn\u00ed Nab\u00eddka"}]},{"@type":"WebSite","@id":"https:\/\/www.oknobuild.com\/#website","url":"https:\/\/www.oknobuild.com\/","name":"","description":"","potentialAction":[{"@type":"SearchAction","target":{"@type":"EntryPoint","urlTemplate":"https:\/\/www.oknobuild.com\/?s={search_term_string}"},"query-input":{"@type":"PropertyValueSpecification","valueRequired":true,"valueName":"search_term_string"}}],"inLanguage":"cs"}]}},"_links":{"self":[{"href":"https:\/\/www.oknobuild.com\/index.php\/wp-json\/wp\/v2\/product\/9510","targetHints":{"allow":["GET"]}}],"collection":[{"href":"https:\/\/www.oknobuild.com\/index.php\/wp-json\/wp\/v2\/product"}],"about":[{"href":"https:\/\/www.oknobuild.com\/index.php\/wp-json\/wp\/v2\/types\/product"}],"replies":[{"embeddable":true,"href":"https:\/\/www.oknobuild.com\/index.php\/wp-json\/wp\/v2\/comments?post=9510"}],"wp:featuredmedia":[{"embeddable":true,"href":"https:\/\/www.oknobuild.com\/index.php\/wp-json\/wp\/v2\/media\/9610"}],"wp:attachment":[{"href":"https:\/\/www.oknobuild.com\/index.php\/wp-json\/wp\/v2\/media?parent=9510"}],"wp:term":[{"taxonomy":"product_brand","embeddable":true,"href":"https:\/\/www.oknobuild.com\/index.php\/wp-json\/wp\/v2\/product_brand?post=9510"},{"taxonomy":"product_cat","embeddable":true,"href":"https:\/\/www.oknobuild.com\/index.php\/wp-json\/wp\/v2\/product_cat?post=9510"},{"taxonomy":"product_tag","embeddable":true,"href":"https:\/\/www.oknobuild.com\/index.php\/wp-json\/wp\/v2\/product_tag?post=9510"}],"curies":[{"name":"wp","href":"https:\/\/api.w.org\/{rel}","templated":true}]}}