{"id":9693,"date":"2026-04-27T04:40:56","date_gmt":"2026-04-27T04:40:56","guid":{"rendered":""},"modified":"2026-04-27T04:40:56","modified_gmt":"2026-04-27T04:40:56","slug":"znackovy-color-expert-81465020-stetec-plochy-s6-50mm-lazura-9693","status":"publish","type":"product","link":"https:\/\/www.oknobuild.com\/index.php\/produkt\/znackovy-color-expert-81465020-stetec-plochy-s6-50mm-lazura-9693\/","title":{"rendered":"Zna\u010dkov\u00fd Color Expert 81465020 \u0160TETEC PLOCH\u00dd S6 50mm lazura"},"content":{"rendered":"<table>\n<div class=\"tab-pane active product-description\" id=\"popis\" role=\"tabpanel\">\n<div class=\"short-description\" itemprop=\"description\"><\/div>\n<div class=\"description\"><span class='bullet-line'>\u0160t\u011btec ploch\u00fd lazurovac\u00ed &#8211; sm\u011bs \u0161t\u011btin, obj\u00edmka z nerezi, plastov\u00e9 dr\u017eadlo.<\/span><\/div>\n<\/table>\n","protected":false},"excerpt":{"rendered":"<p>\u0160t\u011btec ploch\u00fd lazurovac\u00ed &#8211; sm\u011bs \u0161t\u011btin, obj\u00edmka z nerezi, plastov\u00e9 dr\u017eadlo.<\/p>\n","protected":false},"featured_media":9793,"comment_status":"open","ping_status":"open","template":"","meta":[],"product_brand":[],"product_cat":[50,52,51],"product_tag":[],"class_list":{"0":"post-9693","1":"product","2":"type-product","3":"status-publish","4":"has-post-thumbnail","6":"product_cat-barvy","7":"product_cat-chemie","8":"product_cat-laky","10":"first","11":"instock","12":"sale","13":"shipping-taxable","14":"purchasable","15":"product-type-simple"},"yoast_head":"<!-- This site is optimized with the Yoast SEO plugin v26.8 - https:\/\/yoast.com\/product\/yoast-seo-wordpress\/ -->\n<title>Zna\u010dkov\u00fd Color Expert 81465020 \u0160TETEC PLOCH\u00dd S6 50mm lazura -<\/title>\n<meta name=\"robots\" content=\"index, follow, max-snippet:-1, max-image-preview:large, max-video-preview:-1\" \/>\n<link rel=\"canonical\" href=\"https:\/\/www.oknobuild.com\/index.php\/produkt\/znackovy-color-expert-81465020-stetec-plochy-s6-50mm-lazura-9693\/\" \/>\n<meta property=\"og:locale\" content=\"cs_CZ\" \/>\n<meta property=\"og:type\" content=\"article\" \/>\n<meta property=\"og:title\" content=\"Zna\u010dkov\u00fd Color Expert 81465020 \u0160TETEC PLOCH\u00dd S6 50mm lazura -\" \/>\n<meta property=\"og:description\" content=\"\u0160t\u011btec ploch\u00fd lazurovac\u00ed &#8211; sm\u011bs \u0161t\u011btin, obj\u00edmka z nerezi, plastov\u00e9 dr\u017eadlo.\" \/>\n<meta property=\"og:url\" content=\"https:\/\/www.oknobuild.com\/index.php\/produkt\/znackovy-color-expert-81465020-stetec-plochy-s6-50mm-lazura-9693\/\" \/>\n<meta property=\"og:image\" content=\"https:\/\/www.oknobuild.com\/wp-content\/uploads\/2026\/SK0019544-CZ20260425-092328-0-1777080210-7119.webp\" \/>\n\t<meta property=\"og:image:width\" content=\"600\" \/>\n\t<meta property=\"og:image:height\" content=\"600\" \/>\n\t<meta property=\"og:image:type\" content=\"image\/webp\" \/>\n<meta name=\"twitter:card\" content=\"summary_large_image\" \/>\n<script type=\"application\/ld+json\" class=\"yoast-schema-graph\">{\"@context\":\"https:\/\/schema.org\",\"@graph\":[{\"@type\":\"WebPage\",\"@id\":\"https:\/\/www.oknobuild.com\/index.php\/produkt\/znackovy-color-expert-81465020-stetec-plochy-s6-50mm-lazura-9693\/\",\"url\":\"https:\/\/www.oknobuild.com\/index.php\/produkt\/znackovy-color-expert-81465020-stetec-plochy-s6-50mm-lazura-9693\/\",\"name\":\"Zna\u010dkov\u00fd Color Expert 81465020 \u0160TETEC PLOCH\u00dd S6 50mm lazura -\",\"isPartOf\":{\"@id\":\"https:\/\/www.oknobuild.com\/#website\"},\"primaryImageOfPage\":{\"@id\":\"https:\/\/www.oknobuild.com\/index.php\/produkt\/znackovy-color-expert-81465020-stetec-plochy-s6-50mm-lazura-9693\/#primaryimage\"},\"image\":{\"@id\":\"https:\/\/www.oknobuild.com\/index.php\/produkt\/znackovy-color-expert-81465020-stetec-plochy-s6-50mm-lazura-9693\/#primaryimage\"},\"thumbnailUrl\":\"https:\/\/www.oknobuild.com\/wp-content\/uploads\/2026\/SK0019544-CZ20260425-092328-0-1777080210-7119.webp\",\"datePublished\":\"2026-04-27T04:40:56+00:00\",\"breadcrumb\":{\"@id\":\"https:\/\/www.oknobuild.com\/index.php\/produkt\/znackovy-color-expert-81465020-stetec-plochy-s6-50mm-lazura-9693\/#breadcrumb\"},\"inLanguage\":\"cs\",\"potentialAction\":[{\"@type\":\"ReadAction\",\"target\":[\"https:\/\/www.oknobuild.com\/index.php\/produkt\/znackovy-color-expert-81465020-stetec-plochy-s6-50mm-lazura-9693\/\"]}]},{\"@type\":\"ImageObject\",\"inLanguage\":\"cs\",\"@id\":\"https:\/\/www.oknobuild.com\/index.php\/produkt\/znackovy-color-expert-81465020-stetec-plochy-s6-50mm-lazura-9693\/#primaryimage\",\"url\":\"https:\/\/www.oknobuild.com\/wp-content\/uploads\/2026\/SK0019544-CZ20260425-092328-0-1777080210-7119.webp\",\"contentUrl\":\"https:\/\/www.oknobuild.com\/wp-content\/uploads\/2026\/SK0019544-CZ20260425-092328-0-1777080210-7119.webp\",\"width\":600,\"height\":600},{\"@type\":\"BreadcrumbList\",\"@id\":\"https:\/\/www.oknobuild.com\/index.php\/produkt\/znackovy-color-expert-81465020-stetec-plochy-s6-50mm-lazura-9693\/#breadcrumb\",\"itemListElement\":[{\"@type\":\"ListItem\",\"position\":1,\"name\":\"Home\",\"item\":\"https:\/\/www.oknobuild.com\/\"},{\"@type\":\"ListItem\",\"position\":2,\"name\":\"Products\",\"item\":\"https:\/\/www.oknobuild.com\/index.php\/products\/\"},{\"@type\":\"ListItem\",\"position\":3,\"name\":\"Zna\u010dkov\u00fd Color Expert 81465020 \u0160TETEC PLOCH\u00dd S6 50mm lazura\"}]},{\"@type\":\"WebSite\",\"@id\":\"https:\/\/www.oknobuild.com\/#website\",\"url\":\"https:\/\/www.oknobuild.com\/\",\"name\":\"\",\"description\":\"\",\"potentialAction\":[{\"@type\":\"SearchAction\",\"target\":{\"@type\":\"EntryPoint\",\"urlTemplate\":\"https:\/\/www.oknobuild.com\/?s={search_term_string}\"},\"query-input\":{\"@type\":\"PropertyValueSpecification\",\"valueRequired\":true,\"valueName\":\"search_term_string\"}}],\"inLanguage\":\"cs\"}]}<\/script>\n<!-- \/ Yoast SEO plugin. -->","yoast_head_json":{"title":"Zna\u010dkov\u00fd Color Expert 81465020 \u0160TETEC PLOCH\u00dd S6 50mm lazura -","robots":{"index":"index","follow":"follow","max-snippet":"max-snippet:-1","max-image-preview":"max-image-preview:large","max-video-preview":"max-video-preview:-1"},"canonical":"https:\/\/www.oknobuild.com\/index.php\/produkt\/znackovy-color-expert-81465020-stetec-plochy-s6-50mm-lazura-9693\/","og_locale":"cs_CZ","og_type":"article","og_title":"Zna\u010dkov\u00fd Color Expert 81465020 \u0160TETEC PLOCH\u00dd S6 50mm lazura -","og_description":"\u0160t\u011btec ploch\u00fd lazurovac\u00ed &#8211; sm\u011bs \u0161t\u011btin, obj\u00edmka z nerezi, plastov\u00e9 dr\u017eadlo.","og_url":"https:\/\/www.oknobuild.com\/index.php\/produkt\/znackovy-color-expert-81465020-stetec-plochy-s6-50mm-lazura-9693\/","og_image":[{"width":600,"height":600,"url":"https:\/\/www.oknobuild.com\/wp-content\/uploads\/2026\/SK0019544-CZ20260425-092328-0-1777080210-7119.webp","type":"image\/webp"}],"twitter_card":"summary_large_image","schema":{"@context":"https:\/\/schema.org","@graph":[{"@type":"WebPage","@id":"https:\/\/www.oknobuild.com\/index.php\/produkt\/znackovy-color-expert-81465020-stetec-plochy-s6-50mm-lazura-9693\/","url":"https:\/\/www.oknobuild.com\/index.php\/produkt\/znackovy-color-expert-81465020-stetec-plochy-s6-50mm-lazura-9693\/","name":"Zna\u010dkov\u00fd Color Expert 81465020 \u0160TETEC PLOCH\u00dd S6 50mm lazura -","isPartOf":{"@id":"https:\/\/www.oknobuild.com\/#website"},"primaryImageOfPage":{"@id":"https:\/\/www.oknobuild.com\/index.php\/produkt\/znackovy-color-expert-81465020-stetec-plochy-s6-50mm-lazura-9693\/#primaryimage"},"image":{"@id":"https:\/\/www.oknobuild.com\/index.php\/produkt\/znackovy-color-expert-81465020-stetec-plochy-s6-50mm-lazura-9693\/#primaryimage"},"thumbnailUrl":"https:\/\/www.oknobuild.com\/wp-content\/uploads\/2026\/SK0019544-CZ20260425-092328-0-1777080210-7119.webp","datePublished":"2026-04-27T04:40:56+00:00","breadcrumb":{"@id":"https:\/\/www.oknobuild.com\/index.php\/produkt\/znackovy-color-expert-81465020-stetec-plochy-s6-50mm-lazura-9693\/#breadcrumb"},"inLanguage":"cs","potentialAction":[{"@type":"ReadAction","target":["https:\/\/www.oknobuild.com\/index.php\/produkt\/znackovy-color-expert-81465020-stetec-plochy-s6-50mm-lazura-9693\/"]}]},{"@type":"ImageObject","inLanguage":"cs","@id":"https:\/\/www.oknobuild.com\/index.php\/produkt\/znackovy-color-expert-81465020-stetec-plochy-s6-50mm-lazura-9693\/#primaryimage","url":"https:\/\/www.oknobuild.com\/wp-content\/uploads\/2026\/SK0019544-CZ20260425-092328-0-1777080210-7119.webp","contentUrl":"https:\/\/www.oknobuild.com\/wp-content\/uploads\/2026\/SK0019544-CZ20260425-092328-0-1777080210-7119.webp","width":600,"height":600},{"@type":"BreadcrumbList","@id":"https:\/\/www.oknobuild.com\/index.php\/produkt\/znackovy-color-expert-81465020-stetec-plochy-s6-50mm-lazura-9693\/#breadcrumb","itemListElement":[{"@type":"ListItem","position":1,"name":"Home","item":"https:\/\/www.oknobuild.com\/"},{"@type":"ListItem","position":2,"name":"Products","item":"https:\/\/www.oknobuild.com\/index.php\/products\/"},{"@type":"ListItem","position":3,"name":"Zna\u010dkov\u00fd Color Expert 81465020 \u0160TETEC PLOCH\u00dd S6 50mm lazura"}]},{"@type":"WebSite","@id":"https:\/\/www.oknobuild.com\/#website","url":"https:\/\/www.oknobuild.com\/","name":"","description":"","potentialAction":[{"@type":"SearchAction","target":{"@type":"EntryPoint","urlTemplate":"https:\/\/www.oknobuild.com\/?s={search_term_string}"},"query-input":{"@type":"PropertyValueSpecification","valueRequired":true,"valueName":"search_term_string"}}],"inLanguage":"cs"}]}},"_links":{"self":[{"href":"https:\/\/www.oknobuild.com\/index.php\/wp-json\/wp\/v2\/product\/9693","targetHints":{"allow":["GET"]}}],"collection":[{"href":"https:\/\/www.oknobuild.com\/index.php\/wp-json\/wp\/v2\/product"}],"about":[{"href":"https:\/\/www.oknobuild.com\/index.php\/wp-json\/wp\/v2\/types\/product"}],"replies":[{"embeddable":true,"href":"https:\/\/www.oknobuild.com\/index.php\/wp-json\/wp\/v2\/comments?post=9693"}],"wp:featuredmedia":[{"embeddable":true,"href":"https:\/\/www.oknobuild.com\/index.php\/wp-json\/wp\/v2\/media\/9793"}],"wp:attachment":[{"href":"https:\/\/www.oknobuild.com\/index.php\/wp-json\/wp\/v2\/media?parent=9693"}],"wp:term":[{"taxonomy":"product_brand","embeddable":true,"href":"https:\/\/www.oknobuild.com\/index.php\/wp-json\/wp\/v2\/product_brand?post=9693"},{"taxonomy":"product_cat","embeddable":true,"href":"https:\/\/www.oknobuild.com\/index.php\/wp-json\/wp\/v2\/product_cat?post=9693"},{"taxonomy":"product_tag","embeddable":true,"href":"https:\/\/www.oknobuild.com\/index.php\/wp-json\/wp\/v2\/product_tag?post=9693"}],"curies":[{"name":"wp","href":"https:\/\/api.w.org\/{rel}","templated":true}]}}