{"id":9933,"date":"2026-04-27T04:40:57","date_gmt":"2026-04-27T04:40:57","guid":{"rendered":""},"modified":"2026-04-27T04:40:57","modified_gmt":"2026-04-27T04:40:57","slug":"top-prodej-mexen-s-estrella-r02-set-umyvadlove-a-vanove-baterie-s-prislusenstvim-chrom-72313r02-00-9933","status":"publish","type":"product","link":"https:\/\/www.oknobuild.com\/index.php\/produkt\/top-prodej-mexen-s-estrella-r02-set-umyvadlove-a-vanove-baterie-s-prislusenstvim-chrom-72313r02-00-9933\/","title":{"rendered":"Top Prodej MEXEN\/S &#8211; Estrella R02 Set umyvadlov\u00e9 a vanov\u00e9 baterie s p\u0159\u00edslu\u0161enstv\u00edm, chrom 72313R02-00"},"content":{"rendered":"<div class=\"basic-description\">\n<h3>Detailn\u00ed popis produktu<\/h3>\n<p>Technick\u00e1 data:<\/p>\n<p>Materi\u00e1l umyvadlov\u00e9 baterie: Mosaz<\/p>\n<p>Hlava: Keramika<\/p>\n<p>Povrchov\u00e1 \u00faprava baterie: Chrome<\/p>\n<p>V\u00fd\u0161ka: 313 mm<\/p>\n<p>Dosah v\u00fdtoku: 124 mm<\/p>\n<p>Vanov\u00fd faucetov\u00fd materi\u00e1l: Mosaz<\/p>\n<p>Povrchov\u00e1 \u00faprava baterie: Chrome<\/p>\n<p>Hlava: Keramika<\/p>\n<p>Rozsah v\u00fdtoku: 170 mm<\/p>\n<p>Materi\u00e1l sluch\u00e1tek: mosaz<\/p>\n<p>Povrchov\u00e1 \u00faprava sluch\u00e1tek: Chrome<\/p>\n<p>Po\u010det funkc\u00ed: 1<\/p>\n<p>P\u0159ipojen\u00ed: G 1\/2 &#8222;<\/p>\n<p>V\u00fd\u0161ka sluch\u00e1tka: 200 mm<\/p>\n<p>\u0160\u00ed\u0159ka sluch\u00e1tka: 35 mm<\/p>\n<p>Materi\u00e1l rukojeti: Mosaz<\/p>\n<p>Povrchov\u00e1 \u00faprava rukojeti: chrom<\/p>\n<p>Typ mont\u00e1\u017ee: N\u00e1st\u011bnn\u00fd<\/p>\n<p>Rozm\u011bry rozety: 45 x 45 mm<\/p>\n<p>Vzd\u00e1lenost od st\u011bny: 57 mm<\/p>\n<p>Materi\u00e1l hadice: PVC<\/p>\n<p>Povrchov\u00e1 \u00faprava hadice: chrom<\/p>\n<p>D\u00e9lka hadice: 150 cm<\/p>\n<p>P\u0159ipojen\u00ed: 1\/2 &#8222;<\/p>\n<p>Mosazn\u00e9 hroty<\/p>\n<p>Hladk\u00fd povrch usnad\u0148uje udr\u017eov\u00e1n\u00ed \u010distoty<\/p>\n<p>Oto\u010dn\u00e9 hroty zabra\u0148uj\u00ed kroucen\u00ed<\/p>\n<p>Pru\u017en\u00fd materi\u00e1l odoln\u00fd proti rozta\u017een\u00ed a ohnut\u00ed<\/p>\n<\/p><\/div>\n<div class=\"extended-description\">\n<h3>Dopl\u0148kov\u00e9 parametry<\/h3>\n<table class=\"detail-parameters\">\n<tbody>\n<tr>\n<th>        <span class=\"row-header-label\">            Kategorie<span class=\"row-header-label-colon\">:<\/span>        <\/span>    <\/th>\n<td>            <\/td>\n<\/tr>\n<tr>\n<th>            <span class=\"row-header-label\">                Z\u00e1ruka<span class=\"row-header-label-colon\">:<\/span>            <\/span>        <\/th>\n<td>            24        <\/td>\n<\/tr>\n<tr>\n<th>            <span class=\"row-header-label\">                Hmotnost<span class=\"row-header-label-colon\">:<\/span>            <\/span>        <\/th>\n<td>            3 kg        <\/td>\n<\/tr>\n<tr class=\"productEan\">\n<th>          <span class=\"row-header-label productEan__label\">              EAN<span class=\"row-header-label-colon\">:<\/span>          <\/span>      <\/th>\n<td>          <span class=\"productEan__value\">5907709198951<\/span>      <\/td>\n<\/tr>\n<tr>\n<th>                <span class=\"row-header-label\">                                            Dostupnost<span class=\"row-header-label-colon\">:<\/span>                                    <\/span>            <\/th>\n<td>                                                            Dod\u00e1n\u00ed do 14ti dn\u016f                                                <\/td>\n<\/tr>\n<\/tbody>\n<\/table><\/div>\n<\/p><\/div>\n<\/p><\/div>\n","protected":false},"excerpt":{"rendered":"<p>Detailn\u00ed popis produktu Technick\u00e1 data: Materi\u00e1l umyvadlov\u00e9 baterie: Mosaz Hlava: Keramika Povrchov\u00e1 \u00faprava baterie: Chrome V\u00fd\u0161ka: 313 mm Dosah v\u00fdtoku: 124 mm Vanov\u00fd faucetov\u00fd materi\u00e1l: Mosaz Povrchov\u00e1 \u00faprava baterie: Chrome Hlava: Keramika Rozsah v\u00fdtoku: 170 mm Materi\u00e1l sluch\u00e1tek: mosaz Povrchov\u00e1 \u00faprava sluch\u00e1tek: Chrome Po\u010det funkc\u00ed: 1 P\u0159ipojen\u00ed: G 1\/2 &#8222; V\u00fd\u0161ka sluch\u00e1tka: 200 mm \u0160\u00ed\u0159ka [&hellip;]<\/p>\n","protected":false},"featured_media":10033,"comment_status":"open","ping_status":"open","template":"","meta":[],"product_brand":[],"product_cat":[54],"product_tag":[],"class_list":{"0":"post-9933","1":"product","2":"type-product","3":"status-publish","4":"has-post-thumbnail","6":"product_cat-vodovodni-baterie","8":"first","9":"instock","10":"sale","11":"shipping-taxable","12":"purchasable","13":"product-type-simple"},"yoast_head":"<!-- This site is optimized with the Yoast SEO plugin v26.8 - https:\/\/yoast.com\/product\/yoast-seo-wordpress\/ -->\n<title>Top Prodej MEXEN\/S - Estrella R02 Set umyvadlov\u00e9 a vanov\u00e9 baterie s p\u0159\u00edslu\u0161enstv\u00edm, chrom 72313R02-00 -<\/title>\n<meta name=\"robots\" content=\"index, follow, max-snippet:-1, max-image-preview:large, max-video-preview:-1\" \/>\n<link rel=\"canonical\" href=\"https:\/\/www.oknobuild.com\/index.php\/produkt\/top-prodej-mexen-s-estrella-r02-set-umyvadlove-a-vanove-baterie-s-prislusenstvim-chrom-72313r02-00-9933\/\" \/>\n<meta property=\"og:locale\" content=\"cs_CZ\" \/>\n<meta property=\"og:type\" content=\"article\" \/>\n<meta property=\"og:title\" content=\"Top Prodej MEXEN\/S - Estrella R02 Set umyvadlov\u00e9 a vanov\u00e9 baterie s p\u0159\u00edslu\u0161enstv\u00edm, chrom 72313R02-00 -\" \/>\n<meta property=\"og:description\" content=\"Detailn\u00ed popis produktu Technick\u00e1 data: Materi\u00e1l umyvadlov\u00e9 baterie: Mosaz Hlava: Keramika Povrchov\u00e1 \u00faprava baterie: Chrome V\u00fd\u0161ka: 313 mm Dosah v\u00fdtoku: 124 mm Vanov\u00fd faucetov\u00fd materi\u00e1l: Mosaz Povrchov\u00e1 \u00faprava baterie: Chrome Hlava: Keramika Rozsah v\u00fdtoku: 170 mm Materi\u00e1l sluch\u00e1tek: mosaz Povrchov\u00e1 \u00faprava sluch\u00e1tek: Chrome Po\u010det funkc\u00ed: 1 P\u0159ipojen\u00ed: G 1\/2 &#8222; V\u00fd\u0161ka sluch\u00e1tka: 200 mm \u0160\u00ed\u0159ka [&hellip;]\" \/>\n<meta property=\"og:url\" content=\"https:\/\/www.oknobuild.com\/index.php\/produkt\/top-prodej-mexen-s-estrella-r02-set-umyvadlove-a-vanove-baterie-s-prislusenstvim-chrom-72313r02-00-9933\/\" \/>\n<meta property=\"og:image\" content=\"https:\/\/www.oknobuild.com\/wp-content\/uploads\/2026\/SK0019616-CZ20260425-092556-0-1777080363-1675843_mexen-s-estrella-r02-set-umyvadlove-a-vanove-bateri.webp\" \/>\n\t<meta property=\"og:image:width\" content=\"1000\" \/>\n\t<meta property=\"og:image:height\" content=\"750\" \/>\n\t<meta property=\"og:image:type\" content=\"image\/webp\" \/>\n<meta name=\"twitter:card\" content=\"summary_large_image\" \/>\n<meta name=\"twitter:label1\" content=\"Odhadovan\u00e1 doba \u010dten\u00ed\" \/>\n\t<meta name=\"twitter:data1\" content=\"1 minuta\" \/>\n<script type=\"application\/ld+json\" class=\"yoast-schema-graph\">{\"@context\":\"https:\/\/schema.org\",\"@graph\":[{\"@type\":\"WebPage\",\"@id\":\"https:\/\/www.oknobuild.com\/index.php\/produkt\/top-prodej-mexen-s-estrella-r02-set-umyvadlove-a-vanove-baterie-s-prislusenstvim-chrom-72313r02-00-9933\/\",\"url\":\"https:\/\/www.oknobuild.com\/index.php\/produkt\/top-prodej-mexen-s-estrella-r02-set-umyvadlove-a-vanove-baterie-s-prislusenstvim-chrom-72313r02-00-9933\/\",\"name\":\"Top Prodej MEXEN\/S - Estrella R02 Set umyvadlov\u00e9 a vanov\u00e9 baterie s p\u0159\u00edslu\u0161enstv\u00edm, chrom 72313R02-00 -\",\"isPartOf\":{\"@id\":\"https:\/\/www.oknobuild.com\/#website\"},\"primaryImageOfPage\":{\"@id\":\"https:\/\/www.oknobuild.com\/index.php\/produkt\/top-prodej-mexen-s-estrella-r02-set-umyvadlove-a-vanove-baterie-s-prislusenstvim-chrom-72313r02-00-9933\/#primaryimage\"},\"image\":{\"@id\":\"https:\/\/www.oknobuild.com\/index.php\/produkt\/top-prodej-mexen-s-estrella-r02-set-umyvadlove-a-vanove-baterie-s-prislusenstvim-chrom-72313r02-00-9933\/#primaryimage\"},\"thumbnailUrl\":\"https:\/\/www.oknobuild.com\/wp-content\/uploads\/2026\/SK0019616-CZ20260425-092556-0-1777080363-1675843_mexen-s-estrella-r02-set-umyvadlove-a-vanove-bateri.webp\",\"datePublished\":\"2026-04-27T04:40:57+00:00\",\"breadcrumb\":{\"@id\":\"https:\/\/www.oknobuild.com\/index.php\/produkt\/top-prodej-mexen-s-estrella-r02-set-umyvadlove-a-vanove-baterie-s-prislusenstvim-chrom-72313r02-00-9933\/#breadcrumb\"},\"inLanguage\":\"cs\",\"potentialAction\":[{\"@type\":\"ReadAction\",\"target\":[\"https:\/\/www.oknobuild.com\/index.php\/produkt\/top-prodej-mexen-s-estrella-r02-set-umyvadlove-a-vanove-baterie-s-prislusenstvim-chrom-72313r02-00-9933\/\"]}]},{\"@type\":\"ImageObject\",\"inLanguage\":\"cs\",\"@id\":\"https:\/\/www.oknobuild.com\/index.php\/produkt\/top-prodej-mexen-s-estrella-r02-set-umyvadlove-a-vanove-baterie-s-prislusenstvim-chrom-72313r02-00-9933\/#primaryimage\",\"url\":\"https:\/\/www.oknobuild.com\/wp-content\/uploads\/2026\/SK0019616-CZ20260425-092556-0-1777080363-1675843_mexen-s-estrella-r02-set-umyvadlove-a-vanove-bateri.webp\",\"contentUrl\":\"https:\/\/www.oknobuild.com\/wp-content\/uploads\/2026\/SK0019616-CZ20260425-092556-0-1777080363-1675843_mexen-s-estrella-r02-set-umyvadlove-a-vanove-bateri.webp\",\"width\":1000,\"height\":750},{\"@type\":\"BreadcrumbList\",\"@id\":\"https:\/\/www.oknobuild.com\/index.php\/produkt\/top-prodej-mexen-s-estrella-r02-set-umyvadlove-a-vanove-baterie-s-prislusenstvim-chrom-72313r02-00-9933\/#breadcrumb\",\"itemListElement\":[{\"@type\":\"ListItem\",\"position\":1,\"name\":\"Home\",\"item\":\"https:\/\/www.oknobuild.com\/\"},{\"@type\":\"ListItem\",\"position\":2,\"name\":\"Products\",\"item\":\"https:\/\/www.oknobuild.com\/index.php\/products\/\"},{\"@type\":\"ListItem\",\"position\":3,\"name\":\"Top Prodej MEXEN\/S &#8211; Estrella R02 Set umyvadlov\u00e9 a vanov\u00e9 baterie s p\u0159\u00edslu\u0161enstv\u00edm, chrom 72313R02-00\"}]},{\"@type\":\"WebSite\",\"@id\":\"https:\/\/www.oknobuild.com\/#website\",\"url\":\"https:\/\/www.oknobuild.com\/\",\"name\":\"\",\"description\":\"\",\"potentialAction\":[{\"@type\":\"SearchAction\",\"target\":{\"@type\":\"EntryPoint\",\"urlTemplate\":\"https:\/\/www.oknobuild.com\/?s={search_term_string}\"},\"query-input\":{\"@type\":\"PropertyValueSpecification\",\"valueRequired\":true,\"valueName\":\"search_term_string\"}}],\"inLanguage\":\"cs\"}]}<\/script>\n<!-- \/ Yoast SEO plugin. -->","yoast_head_json":{"title":"Top Prodej MEXEN\/S - Estrella R02 Set umyvadlov\u00e9 a vanov\u00e9 baterie s p\u0159\u00edslu\u0161enstv\u00edm, chrom 72313R02-00 -","robots":{"index":"index","follow":"follow","max-snippet":"max-snippet:-1","max-image-preview":"max-image-preview:large","max-video-preview":"max-video-preview:-1"},"canonical":"https:\/\/www.oknobuild.com\/index.php\/produkt\/top-prodej-mexen-s-estrella-r02-set-umyvadlove-a-vanove-baterie-s-prislusenstvim-chrom-72313r02-00-9933\/","og_locale":"cs_CZ","og_type":"article","og_title":"Top Prodej MEXEN\/S - Estrella R02 Set umyvadlov\u00e9 a vanov\u00e9 baterie s p\u0159\u00edslu\u0161enstv\u00edm, chrom 72313R02-00 -","og_description":"Detailn\u00ed popis produktu Technick\u00e1 data: Materi\u00e1l umyvadlov\u00e9 baterie: Mosaz Hlava: Keramika Povrchov\u00e1 \u00faprava baterie: Chrome V\u00fd\u0161ka: 313 mm Dosah v\u00fdtoku: 124 mm Vanov\u00fd faucetov\u00fd materi\u00e1l: Mosaz Povrchov\u00e1 \u00faprava baterie: Chrome Hlava: Keramika Rozsah v\u00fdtoku: 170 mm Materi\u00e1l sluch\u00e1tek: mosaz Povrchov\u00e1 \u00faprava sluch\u00e1tek: Chrome Po\u010det funkc\u00ed: 1 P\u0159ipojen\u00ed: G 1\/2 &#8222; V\u00fd\u0161ka sluch\u00e1tka: 200 mm \u0160\u00ed\u0159ka [&hellip;]","og_url":"https:\/\/www.oknobuild.com\/index.php\/produkt\/top-prodej-mexen-s-estrella-r02-set-umyvadlove-a-vanove-baterie-s-prislusenstvim-chrom-72313r02-00-9933\/","og_image":[{"width":1000,"height":750,"url":"https:\/\/www.oknobuild.com\/wp-content\/uploads\/2026\/SK0019616-CZ20260425-092556-0-1777080363-1675843_mexen-s-estrella-r02-set-umyvadlove-a-vanove-bateri.webp","type":"image\/webp"}],"twitter_card":"summary_large_image","twitter_misc":{"Odhadovan\u00e1 doba \u010dten\u00ed":"1 minuta"},"schema":{"@context":"https:\/\/schema.org","@graph":[{"@type":"WebPage","@id":"https:\/\/www.oknobuild.com\/index.php\/produkt\/top-prodej-mexen-s-estrella-r02-set-umyvadlove-a-vanove-baterie-s-prislusenstvim-chrom-72313r02-00-9933\/","url":"https:\/\/www.oknobuild.com\/index.php\/produkt\/top-prodej-mexen-s-estrella-r02-set-umyvadlove-a-vanove-baterie-s-prislusenstvim-chrom-72313r02-00-9933\/","name":"Top Prodej MEXEN\/S - Estrella R02 Set umyvadlov\u00e9 a vanov\u00e9 baterie s p\u0159\u00edslu\u0161enstv\u00edm, chrom 72313R02-00 -","isPartOf":{"@id":"https:\/\/www.oknobuild.com\/#website"},"primaryImageOfPage":{"@id":"https:\/\/www.oknobuild.com\/index.php\/produkt\/top-prodej-mexen-s-estrella-r02-set-umyvadlove-a-vanove-baterie-s-prislusenstvim-chrom-72313r02-00-9933\/#primaryimage"},"image":{"@id":"https:\/\/www.oknobuild.com\/index.php\/produkt\/top-prodej-mexen-s-estrella-r02-set-umyvadlove-a-vanove-baterie-s-prislusenstvim-chrom-72313r02-00-9933\/#primaryimage"},"thumbnailUrl":"https:\/\/www.oknobuild.com\/wp-content\/uploads\/2026\/SK0019616-CZ20260425-092556-0-1777080363-1675843_mexen-s-estrella-r02-set-umyvadlove-a-vanove-bateri.webp","datePublished":"2026-04-27T04:40:57+00:00","breadcrumb":{"@id":"https:\/\/www.oknobuild.com\/index.php\/produkt\/top-prodej-mexen-s-estrella-r02-set-umyvadlove-a-vanove-baterie-s-prislusenstvim-chrom-72313r02-00-9933\/#breadcrumb"},"inLanguage":"cs","potentialAction":[{"@type":"ReadAction","target":["https:\/\/www.oknobuild.com\/index.php\/produkt\/top-prodej-mexen-s-estrella-r02-set-umyvadlove-a-vanove-baterie-s-prislusenstvim-chrom-72313r02-00-9933\/"]}]},{"@type":"ImageObject","inLanguage":"cs","@id":"https:\/\/www.oknobuild.com\/index.php\/produkt\/top-prodej-mexen-s-estrella-r02-set-umyvadlove-a-vanove-baterie-s-prislusenstvim-chrom-72313r02-00-9933\/#primaryimage","url":"https:\/\/www.oknobuild.com\/wp-content\/uploads\/2026\/SK0019616-CZ20260425-092556-0-1777080363-1675843_mexen-s-estrella-r02-set-umyvadlove-a-vanove-bateri.webp","contentUrl":"https:\/\/www.oknobuild.com\/wp-content\/uploads\/2026\/SK0019616-CZ20260425-092556-0-1777080363-1675843_mexen-s-estrella-r02-set-umyvadlove-a-vanove-bateri.webp","width":1000,"height":750},{"@type":"BreadcrumbList","@id":"https:\/\/www.oknobuild.com\/index.php\/produkt\/top-prodej-mexen-s-estrella-r02-set-umyvadlove-a-vanove-baterie-s-prislusenstvim-chrom-72313r02-00-9933\/#breadcrumb","itemListElement":[{"@type":"ListItem","position":1,"name":"Home","item":"https:\/\/www.oknobuild.com\/"},{"@type":"ListItem","position":2,"name":"Products","item":"https:\/\/www.oknobuild.com\/index.php\/products\/"},{"@type":"ListItem","position":3,"name":"Top Prodej MEXEN\/S &#8211; Estrella R02 Set umyvadlov\u00e9 a vanov\u00e9 baterie s p\u0159\u00edslu\u0161enstv\u00edm, chrom 72313R02-00"}]},{"@type":"WebSite","@id":"https:\/\/www.oknobuild.com\/#website","url":"https:\/\/www.oknobuild.com\/","name":"","description":"","potentialAction":[{"@type":"SearchAction","target":{"@type":"EntryPoint","urlTemplate":"https:\/\/www.oknobuild.com\/?s={search_term_string}"},"query-input":{"@type":"PropertyValueSpecification","valueRequired":true,"valueName":"search_term_string"}}],"inLanguage":"cs"}]}},"_links":{"self":[{"href":"https:\/\/www.oknobuild.com\/index.php\/wp-json\/wp\/v2\/product\/9933","targetHints":{"allow":["GET"]}}],"collection":[{"href":"https:\/\/www.oknobuild.com\/index.php\/wp-json\/wp\/v2\/product"}],"about":[{"href":"https:\/\/www.oknobuild.com\/index.php\/wp-json\/wp\/v2\/types\/product"}],"replies":[{"embeddable":true,"href":"https:\/\/www.oknobuild.com\/index.php\/wp-json\/wp\/v2\/comments?post=9933"}],"wp:featuredmedia":[{"embeddable":true,"href":"https:\/\/www.oknobuild.com\/index.php\/wp-json\/wp\/v2\/media\/10033"}],"wp:attachment":[{"href":"https:\/\/www.oknobuild.com\/index.php\/wp-json\/wp\/v2\/media?parent=9933"}],"wp:term":[{"taxonomy":"product_brand","embeddable":true,"href":"https:\/\/www.oknobuild.com\/index.php\/wp-json\/wp\/v2\/product_brand?post=9933"},{"taxonomy":"product_cat","embeddable":true,"href":"https:\/\/www.oknobuild.com\/index.php\/wp-json\/wp\/v2\/product_cat?post=9933"},{"taxonomy":"product_tag","embeddable":true,"href":"https:\/\/www.oknobuild.com\/index.php\/wp-json\/wp\/v2\/product_tag?post=9933"}],"curies":[{"name":"wp","href":"https:\/\/api.w.org\/{rel}","templated":true}]}}