{"id":9983,"date":"2026-04-27T04:40:57","date_gmt":"2026-04-27T04:40:57","guid":{"rendered":""},"modified":"2026-04-27T04:40:57","modified_gmt":"2026-04-27T04:40:57","slug":"nejprodavanejsi-mexen-felix-vanova-zastena-1-kridlo-70-x-140-grafit-chrom-890-070-001-01-40-9983","status":"publish","type":"product","link":"https:\/\/www.oknobuild.com\/index.php\/produkt\/nejprodavanejsi-mexen-felix-vanova-zastena-1-kridlo-70-x-140-grafit-chrom-890-070-001-01-40-9983\/","title":{"rendered":"Nejprod\u00e1van\u011bj\u0161\u00ed MEXEN &#8211; Felix vanov\u00e1 z\u00e1st\u011bna 1-k\u0159\u00eddlo 70 x 140, grafit, chrom 890-070-001-01-40"},"content":{"rendered":"<div class=\"basic-description\">\n<h3>Detailn\u00ed popis produktu<\/h3>\n<p>Technick\u00e1 data:<\/p>\n<p>\u0160\u00ed\u0159ka: 70 cm<\/p>\n<p>V\u00fd\u0161ka: 140 cm<\/p>\n<p>Typ: 1k\u0159\u00eddl\u00fd<\/p>\n<p>Mont\u00e1\u017e: Univerz\u00e1ln\u00ed<\/p>\n<p>Typ: Pohybliv\u00fd<\/p>\n<p>Typ skla: tvrzen\u00e9<\/p>\n<p>Barva skla: grafit<\/p>\n<p>Tlou\u0161\u0165ka skla: 5 mm<\/p>\n<p>Povrchov\u00e1 \u00faprava: Chrome<\/p>\n<p>Povlak pro snadn\u00e9 \u010di\u0161t\u011bn\u00ed<\/p>\n<p>Vyrovn\u00e1n\u00ed nerovnost\u00ed st\u011bny<\/p>\n<p>Sada t\u011bsn\u011bn\u00ed pro odvod vody<\/p>\n<\/p><\/div>\n<div class=\"extended-description\">\n<h3>Dopl\u0148kov\u00e9 parametry<\/h3>\n<table class=\"detail-parameters\">\n<tbody>\n<tr>\n<th>        <span class=\"row-header-label\">            Kategorie<span class=\"row-header-label-colon\">:<\/span>        <\/span>    <\/th>\n<td>            <\/td>\n<\/tr>\n<tr>\n<th>            <span class=\"row-header-label\">                Z\u00e1ruka<span class=\"row-header-label-colon\">:<\/span>            <\/span>        <\/th>\n<td>            24        <\/td>\n<\/tr>\n<tr>\n<th>            <span class=\"row-header-label\">                Hmotnost<span class=\"row-header-label-colon\">:<\/span>            <\/span>        <\/th>\n<td>            14 kg        <\/td>\n<\/tr>\n<tr class=\"productEan\">\n<th>          <span class=\"row-header-label productEan__label\">              EAN<span class=\"row-header-label-colon\">:<\/span>          <\/span>      <\/th>\n<td>          <span class=\"productEan__value\">5903163383995<\/span>      <\/td>\n<\/tr>\n<tr>\n<th>                <span class=\"row-header-label\">                                            Dostupnost<span class=\"row-header-label-colon\">:<\/span>                                    <\/span>            <\/th>\n<td>                                                            Dod\u00e1n\u00ed do 14ti dn\u016f                                                <\/td>\n<\/tr>\n<\/tbody>\n<\/table><\/div>\n<\/p><\/div>\n<\/p><\/div>\n","protected":false},"excerpt":{"rendered":"<p>Detailn\u00ed popis produktu Technick\u00e1 data: \u0160\u00ed\u0159ka: 70 cm V\u00fd\u0161ka: 140 cm Typ: 1k\u0159\u00eddl\u00fd Mont\u00e1\u017e: Univerz\u00e1ln\u00ed Typ: Pohybliv\u00fd Typ skla: tvrzen\u00e9 Barva skla: grafit Tlou\u0161\u0165ka skla: 5 mm Povrchov\u00e1 \u00faprava: Chrome Povlak pro snadn\u00e9 \u010di\u0161t\u011bn\u00ed Vyrovn\u00e1n\u00ed nerovnost\u00ed st\u011bny Sada t\u011bsn\u011bn\u00ed pro odvod vody Dopl\u0148kov\u00e9 parametry Kategorie: Z\u00e1ruka: 24 Hmotnost: 14 kg EAN: 5903163383995 Dostupnost: Dod\u00e1n\u00ed do [&hellip;]<\/p>\n","protected":false},"featured_media":10083,"comment_status":"open","ping_status":"open","template":"","meta":[],"product_brand":[],"product_cat":[59],"product_tag":[],"class_list":{"0":"post-9983","1":"product","2":"type-product","3":"status-publish","4":"has-post-thumbnail","6":"product_cat-vanove-zasteny","8":"first","9":"instock","10":"sale","11":"shipping-taxable","12":"purchasable","13":"product-type-simple"},"yoast_head":"<!-- This site is optimized with the Yoast SEO plugin v26.8 - https:\/\/yoast.com\/product\/yoast-seo-wordpress\/ -->\n<title>Nejprod\u00e1van\u011bj\u0161\u00ed MEXEN - Felix vanov\u00e1 z\u00e1st\u011bna 1-k\u0159\u00eddlo 70 x 140, grafit, chrom 890-070-001-01-40 -<\/title>\n<meta name=\"robots\" content=\"index, follow, max-snippet:-1, max-image-preview:large, max-video-preview:-1\" \/>\n<link rel=\"canonical\" href=\"https:\/\/www.oknobuild.com\/index.php\/produkt\/nejprodavanejsi-mexen-felix-vanova-zastena-1-kridlo-70-x-140-grafit-chrom-890-070-001-01-40-9983\/\" \/>\n<meta property=\"og:locale\" content=\"cs_CZ\" \/>\n<meta property=\"og:type\" content=\"article\" \/>\n<meta property=\"og:title\" content=\"Nejprod\u00e1van\u011bj\u0161\u00ed MEXEN - Felix vanov\u00e1 z\u00e1st\u011bna 1-k\u0159\u00eddlo 70 x 140, grafit, chrom 890-070-001-01-40 -\" \/>\n<meta property=\"og:description\" content=\"Detailn\u00ed popis produktu Technick\u00e1 data: \u0160\u00ed\u0159ka: 70 cm V\u00fd\u0161ka: 140 cm Typ: 1k\u0159\u00eddl\u00fd Mont\u00e1\u017e: Univerz\u00e1ln\u00ed Typ: Pohybliv\u00fd Typ skla: tvrzen\u00e9 Barva skla: grafit Tlou\u0161\u0165ka skla: 5 mm Povrchov\u00e1 \u00faprava: Chrome Povlak pro snadn\u00e9 \u010di\u0161t\u011bn\u00ed Vyrovn\u00e1n\u00ed nerovnost\u00ed st\u011bny Sada t\u011bsn\u011bn\u00ed pro odvod vody Dopl\u0148kov\u00e9 parametry Kategorie: Z\u00e1ruka: 24 Hmotnost: 14 kg EAN: 5903163383995 Dostupnost: Dod\u00e1n\u00ed do [&hellip;]\" \/>\n<meta property=\"og:url\" content=\"https:\/\/www.oknobuild.com\/index.php\/produkt\/nejprodavanejsi-mexen-felix-vanova-zastena-1-kridlo-70-x-140-grafit-chrom-890-070-001-01-40-9983\/\" \/>\n<meta property=\"og:image\" content=\"https:\/\/www.oknobuild.com\/wp-content\/uploads\/2026\/SK0019666-CZ20260425-092556-0-1777080363-1676101_mexen-felix-vanova-zastena-1-kridlo-70-x-140--grafi.webp\" \/>\n\t<meta property=\"og:image:width\" content=\"1000\" \/>\n\t<meta property=\"og:image:height\" content=\"750\" \/>\n\t<meta property=\"og:image:type\" content=\"image\/webp\" \/>\n<meta name=\"twitter:card\" content=\"summary_large_image\" \/>\n<script type=\"application\/ld+json\" class=\"yoast-schema-graph\">{\"@context\":\"https:\/\/schema.org\",\"@graph\":[{\"@type\":\"WebPage\",\"@id\":\"https:\/\/www.oknobuild.com\/index.php\/produkt\/nejprodavanejsi-mexen-felix-vanova-zastena-1-kridlo-70-x-140-grafit-chrom-890-070-001-01-40-9983\/\",\"url\":\"https:\/\/www.oknobuild.com\/index.php\/produkt\/nejprodavanejsi-mexen-felix-vanova-zastena-1-kridlo-70-x-140-grafit-chrom-890-070-001-01-40-9983\/\",\"name\":\"Nejprod\u00e1van\u011bj\u0161\u00ed MEXEN - Felix vanov\u00e1 z\u00e1st\u011bna 1-k\u0159\u00eddlo 70 x 140, grafit, chrom 890-070-001-01-40 -\",\"isPartOf\":{\"@id\":\"https:\/\/www.oknobuild.com\/#website\"},\"primaryImageOfPage\":{\"@id\":\"https:\/\/www.oknobuild.com\/index.php\/produkt\/nejprodavanejsi-mexen-felix-vanova-zastena-1-kridlo-70-x-140-grafit-chrom-890-070-001-01-40-9983\/#primaryimage\"},\"image\":{\"@id\":\"https:\/\/www.oknobuild.com\/index.php\/produkt\/nejprodavanejsi-mexen-felix-vanova-zastena-1-kridlo-70-x-140-grafit-chrom-890-070-001-01-40-9983\/#primaryimage\"},\"thumbnailUrl\":\"https:\/\/www.oknobuild.com\/wp-content\/uploads\/2026\/SK0019666-CZ20260425-092556-0-1777080363-1676101_mexen-felix-vanova-zastena-1-kridlo-70-x-140--grafi.webp\",\"datePublished\":\"2026-04-27T04:40:57+00:00\",\"breadcrumb\":{\"@id\":\"https:\/\/www.oknobuild.com\/index.php\/produkt\/nejprodavanejsi-mexen-felix-vanova-zastena-1-kridlo-70-x-140-grafit-chrom-890-070-001-01-40-9983\/#breadcrumb\"},\"inLanguage\":\"cs\",\"potentialAction\":[{\"@type\":\"ReadAction\",\"target\":[\"https:\/\/www.oknobuild.com\/index.php\/produkt\/nejprodavanejsi-mexen-felix-vanova-zastena-1-kridlo-70-x-140-grafit-chrom-890-070-001-01-40-9983\/\"]}]},{\"@type\":\"ImageObject\",\"inLanguage\":\"cs\",\"@id\":\"https:\/\/www.oknobuild.com\/index.php\/produkt\/nejprodavanejsi-mexen-felix-vanova-zastena-1-kridlo-70-x-140-grafit-chrom-890-070-001-01-40-9983\/#primaryimage\",\"url\":\"https:\/\/www.oknobuild.com\/wp-content\/uploads\/2026\/SK0019666-CZ20260425-092556-0-1777080363-1676101_mexen-felix-vanova-zastena-1-kridlo-70-x-140--grafi.webp\",\"contentUrl\":\"https:\/\/www.oknobuild.com\/wp-content\/uploads\/2026\/SK0019666-CZ20260425-092556-0-1777080363-1676101_mexen-felix-vanova-zastena-1-kridlo-70-x-140--grafi.webp\",\"width\":1000,\"height\":750},{\"@type\":\"BreadcrumbList\",\"@id\":\"https:\/\/www.oknobuild.com\/index.php\/produkt\/nejprodavanejsi-mexen-felix-vanova-zastena-1-kridlo-70-x-140-grafit-chrom-890-070-001-01-40-9983\/#breadcrumb\",\"itemListElement\":[{\"@type\":\"ListItem\",\"position\":1,\"name\":\"Home\",\"item\":\"https:\/\/www.oknobuild.com\/\"},{\"@type\":\"ListItem\",\"position\":2,\"name\":\"Products\",\"item\":\"https:\/\/www.oknobuild.com\/index.php\/products\/\"},{\"@type\":\"ListItem\",\"position\":3,\"name\":\"Nejprod\u00e1van\u011bj\u0161\u00ed MEXEN &#8211; Felix vanov\u00e1 z\u00e1st\u011bna 1-k\u0159\u00eddlo 70 x 140, grafit, chrom 890-070-001-01-40\"}]},{\"@type\":\"WebSite\",\"@id\":\"https:\/\/www.oknobuild.com\/#website\",\"url\":\"https:\/\/www.oknobuild.com\/\",\"name\":\"\",\"description\":\"\",\"potentialAction\":[{\"@type\":\"SearchAction\",\"target\":{\"@type\":\"EntryPoint\",\"urlTemplate\":\"https:\/\/www.oknobuild.com\/?s={search_term_string}\"},\"query-input\":{\"@type\":\"PropertyValueSpecification\",\"valueRequired\":true,\"valueName\":\"search_term_string\"}}],\"inLanguage\":\"cs\"}]}<\/script>\n<!-- \/ Yoast SEO plugin. -->","yoast_head_json":{"title":"Nejprod\u00e1van\u011bj\u0161\u00ed MEXEN - Felix vanov\u00e1 z\u00e1st\u011bna 1-k\u0159\u00eddlo 70 x 140, grafit, chrom 890-070-001-01-40 -","robots":{"index":"index","follow":"follow","max-snippet":"max-snippet:-1","max-image-preview":"max-image-preview:large","max-video-preview":"max-video-preview:-1"},"canonical":"https:\/\/www.oknobuild.com\/index.php\/produkt\/nejprodavanejsi-mexen-felix-vanova-zastena-1-kridlo-70-x-140-grafit-chrom-890-070-001-01-40-9983\/","og_locale":"cs_CZ","og_type":"article","og_title":"Nejprod\u00e1van\u011bj\u0161\u00ed MEXEN - Felix vanov\u00e1 z\u00e1st\u011bna 1-k\u0159\u00eddlo 70 x 140, grafit, chrom 890-070-001-01-40 -","og_description":"Detailn\u00ed popis produktu Technick\u00e1 data: \u0160\u00ed\u0159ka: 70 cm V\u00fd\u0161ka: 140 cm Typ: 1k\u0159\u00eddl\u00fd Mont\u00e1\u017e: Univerz\u00e1ln\u00ed Typ: Pohybliv\u00fd Typ skla: tvrzen\u00e9 Barva skla: grafit Tlou\u0161\u0165ka skla: 5 mm Povrchov\u00e1 \u00faprava: Chrome Povlak pro snadn\u00e9 \u010di\u0161t\u011bn\u00ed Vyrovn\u00e1n\u00ed nerovnost\u00ed st\u011bny Sada t\u011bsn\u011bn\u00ed pro odvod vody Dopl\u0148kov\u00e9 parametry Kategorie: Z\u00e1ruka: 24 Hmotnost: 14 kg EAN: 5903163383995 Dostupnost: Dod\u00e1n\u00ed do [&hellip;]","og_url":"https:\/\/www.oknobuild.com\/index.php\/produkt\/nejprodavanejsi-mexen-felix-vanova-zastena-1-kridlo-70-x-140-grafit-chrom-890-070-001-01-40-9983\/","og_image":[{"width":1000,"height":750,"url":"https:\/\/www.oknobuild.com\/wp-content\/uploads\/2026\/SK0019666-CZ20260425-092556-0-1777080363-1676101_mexen-felix-vanova-zastena-1-kridlo-70-x-140--grafi.webp","type":"image\/webp"}],"twitter_card":"summary_large_image","schema":{"@context":"https:\/\/schema.org","@graph":[{"@type":"WebPage","@id":"https:\/\/www.oknobuild.com\/index.php\/produkt\/nejprodavanejsi-mexen-felix-vanova-zastena-1-kridlo-70-x-140-grafit-chrom-890-070-001-01-40-9983\/","url":"https:\/\/www.oknobuild.com\/index.php\/produkt\/nejprodavanejsi-mexen-felix-vanova-zastena-1-kridlo-70-x-140-grafit-chrom-890-070-001-01-40-9983\/","name":"Nejprod\u00e1van\u011bj\u0161\u00ed MEXEN - Felix vanov\u00e1 z\u00e1st\u011bna 1-k\u0159\u00eddlo 70 x 140, grafit, chrom 890-070-001-01-40 -","isPartOf":{"@id":"https:\/\/www.oknobuild.com\/#website"},"primaryImageOfPage":{"@id":"https:\/\/www.oknobuild.com\/index.php\/produkt\/nejprodavanejsi-mexen-felix-vanova-zastena-1-kridlo-70-x-140-grafit-chrom-890-070-001-01-40-9983\/#primaryimage"},"image":{"@id":"https:\/\/www.oknobuild.com\/index.php\/produkt\/nejprodavanejsi-mexen-felix-vanova-zastena-1-kridlo-70-x-140-grafit-chrom-890-070-001-01-40-9983\/#primaryimage"},"thumbnailUrl":"https:\/\/www.oknobuild.com\/wp-content\/uploads\/2026\/SK0019666-CZ20260425-092556-0-1777080363-1676101_mexen-felix-vanova-zastena-1-kridlo-70-x-140--grafi.webp","datePublished":"2026-04-27T04:40:57+00:00","breadcrumb":{"@id":"https:\/\/www.oknobuild.com\/index.php\/produkt\/nejprodavanejsi-mexen-felix-vanova-zastena-1-kridlo-70-x-140-grafit-chrom-890-070-001-01-40-9983\/#breadcrumb"},"inLanguage":"cs","potentialAction":[{"@type":"ReadAction","target":["https:\/\/www.oknobuild.com\/index.php\/produkt\/nejprodavanejsi-mexen-felix-vanova-zastena-1-kridlo-70-x-140-grafit-chrom-890-070-001-01-40-9983\/"]}]},{"@type":"ImageObject","inLanguage":"cs","@id":"https:\/\/www.oknobuild.com\/index.php\/produkt\/nejprodavanejsi-mexen-felix-vanova-zastena-1-kridlo-70-x-140-grafit-chrom-890-070-001-01-40-9983\/#primaryimage","url":"https:\/\/www.oknobuild.com\/wp-content\/uploads\/2026\/SK0019666-CZ20260425-092556-0-1777080363-1676101_mexen-felix-vanova-zastena-1-kridlo-70-x-140--grafi.webp","contentUrl":"https:\/\/www.oknobuild.com\/wp-content\/uploads\/2026\/SK0019666-CZ20260425-092556-0-1777080363-1676101_mexen-felix-vanova-zastena-1-kridlo-70-x-140--grafi.webp","width":1000,"height":750},{"@type":"BreadcrumbList","@id":"https:\/\/www.oknobuild.com\/index.php\/produkt\/nejprodavanejsi-mexen-felix-vanova-zastena-1-kridlo-70-x-140-grafit-chrom-890-070-001-01-40-9983\/#breadcrumb","itemListElement":[{"@type":"ListItem","position":1,"name":"Home","item":"https:\/\/www.oknobuild.com\/"},{"@type":"ListItem","position":2,"name":"Products","item":"https:\/\/www.oknobuild.com\/index.php\/products\/"},{"@type":"ListItem","position":3,"name":"Nejprod\u00e1van\u011bj\u0161\u00ed MEXEN &#8211; Felix vanov\u00e1 z\u00e1st\u011bna 1-k\u0159\u00eddlo 70 x 140, grafit, chrom 890-070-001-01-40"}]},{"@type":"WebSite","@id":"https:\/\/www.oknobuild.com\/#website","url":"https:\/\/www.oknobuild.com\/","name":"","description":"","potentialAction":[{"@type":"SearchAction","target":{"@type":"EntryPoint","urlTemplate":"https:\/\/www.oknobuild.com\/?s={search_term_string}"},"query-input":{"@type":"PropertyValueSpecification","valueRequired":true,"valueName":"search_term_string"}}],"inLanguage":"cs"}]}},"_links":{"self":[{"href":"https:\/\/www.oknobuild.com\/index.php\/wp-json\/wp\/v2\/product\/9983","targetHints":{"allow":["GET"]}}],"collection":[{"href":"https:\/\/www.oknobuild.com\/index.php\/wp-json\/wp\/v2\/product"}],"about":[{"href":"https:\/\/www.oknobuild.com\/index.php\/wp-json\/wp\/v2\/types\/product"}],"replies":[{"embeddable":true,"href":"https:\/\/www.oknobuild.com\/index.php\/wp-json\/wp\/v2\/comments?post=9983"}],"wp:featuredmedia":[{"embeddable":true,"href":"https:\/\/www.oknobuild.com\/index.php\/wp-json\/wp\/v2\/media\/10083"}],"wp:attachment":[{"href":"https:\/\/www.oknobuild.com\/index.php\/wp-json\/wp\/v2\/media?parent=9983"}],"wp:term":[{"taxonomy":"product_brand","embeddable":true,"href":"https:\/\/www.oknobuild.com\/index.php\/wp-json\/wp\/v2\/product_brand?post=9983"},{"taxonomy":"product_cat","embeddable":true,"href":"https:\/\/www.oknobuild.com\/index.php\/wp-json\/wp\/v2\/product_cat?post=9983"},{"taxonomy":"product_tag","embeddable":true,"href":"https:\/\/www.oknobuild.com\/index.php\/wp-json\/wp\/v2\/product_tag?post=9983"}],"curies":[{"name":"wp","href":"https:\/\/api.w.org\/{rel}","templated":true}]}}